{"id":9610,"date":"2023-06-27T17:44:24","date_gmt":"2023-06-27T15:44:24","guid":{"rendered":"https:\/\/www.gerep.fr\/your-social-protection-needs-gerep\/"},"modified":"2024-10-15T18:27:45","modified_gmt":"2024-10-15T16:27:45","slug":"your-social-protection-needs-gerep","status":"publish","type":"page","link":"https:\/\/www.gerep.fr\/en\/your-social-protection-needs-gerep\/","title":{"rendered":"Your social protection needs &#8211; Gerep"},"content":{"rendered":"<!-- Comment to fix spacing issue\r\n\t-->\r\n<p>+0corporate clients<\/p>\r\n<!-- Comment to fix spacing issue\r\n\t--><!-- Comment to fix spacing issue\r\n\t-->\r\n<p>0insured persons<\/p>\r\n<!-- Comment to fix spacing issue\r\n\t--><!-- Comment to fix spacing issue\r\n\t-->\r\n<p>0M \u20acof assets invested<\/p>\r\n<!-- Comment to fix spacing issue\r\n\t--><!-- Comment to fix spacing issue\r\n\t-->\r\n<p>0\/5satisfaction of HR teams and insured<\/p>\r\n<!-- Comment to fix spacing issue\r\n\t-->\r\n<h2>Support your social performance<\/h2>\r\n<p>As a broker, we can help you optimise and choose the schemes you offer your employees. What level of cover? A PER or a PERCOL? With which insurer?<\/p>\r\n<p><a title=\"Titre du bouton\" role=\"button\" href=\"https:\/\/www.gerep.fr\/en\/our-expertise-in-social-protection\/social-protection-audit-supporting-your-social-performance\/\" target=\"_self\" rel=\"noopener\" aria-label=\"Discover our methodology\"> Discover our methodology <\/a><\/p>\r\n<h2>Your needs<\/h2>\r\n<p>In order to offer our customers the best possible support, our social protection offer is tailored to your needs. We have the same objective: to improve your social performance and the quality of life of your employees.<\/p>\r\n<div class=\"post-img\"><a href=\"https:\/\/www.gerep.fr\/en\/your-social-protection-needs-gerep\/your-preferred-partner-for-optimal-group-healthcare\/\"><img decoding=\"async\" src=\"https:\/\/www.gerep.fr\/wp-content\/uploads\/2023\/07\/assurance-sante-icon.svg\" \/> <\/a> <a href=\"https:\/\/www.gerep.fr\/en\/your-social-protection-needs-gerep\/your-expert-in-group-provident-schemes-to-secure-your-employees-future\/\"> <img decoding=\"async\" src=\"https:\/\/www.gerep.fr\/wp-content\/uploads\/2023\/07\/prevoyance-icon.svg\" \/> <\/a> <a href=\"https:\/\/www.gerep.fr\/en\/your-social-protection-needs-gerep\/international-social-protection\/\"> <img decoding=\"async\" src=\"https:\/\/www.gerep.fr\/wp-content\/uploads\/2023\/09\/protection-sociale-internationale.svg\" \/> <\/a> <a href=\"https:\/\/www.gerep.fr\/en\/your-social-protection-needs-gerep\/expertise-at-the-service-of-your-employee-savings-schemes\/\"> <img decoding=\"async\" src=\"https:\/\/www.gerep.fr\/wp-content\/uploads\/2023\/08\/epargne-salariale.svg\" \/><\/a><\/div>\r\n<!-- .pp-content-posts -->\r\n<h2>Articles that might interest you<\/h2>\r\n<p><img decoding=\"async\" src=\"\/wp-content\/uploads\/2023\/07\/logo-Gerep.jpg\" alt=\"Your alt tag\" \/> <a href=\"https:\/\/www.gerep.fr\/en\/blog\/categorie\/wellness\/\" rel=\"tag\">Wellness<\/a><\/p>\r\n<h3><a title=\"The Report on Absenteeism: Point by point\" href=\"https:\/\/www.gerep.fr\/en\/blog\/the-report-on-absenteeism-point-by-point-2\/\">The Report on Absenteeism: Point by point<\/a><\/h3>\r\n<p>23 May 2019 <img decoding=\"async\" src=\"https:\/\/www.gerep.fr\/wp-content\/uploads\/2023\/07\/Damien-President.png\" alt=\"\" width=\"\" height=\"\" \/> Damien Vieillard-Baron <a href=\"https:\/\/www.gerep.fr\/en\/blog\/the-report-on-absenteeism-point-by-point-2\/\">Lire la suite <\/a> <a title=\"What is left of health insurance co-payments?\" href=\"https:\/\/www.gerep.fr\/en\/blog\/what-is-left-of-health-insurance-co-payments\/\"><img decoding=\"async\" src=\"https:\/\/www.gerep.fr\/wp-content\/uploads\/2021\/12\/Reste-a-charge-que-reste-t-il.jpg\" sizes=\"(max-width: 849px) 100vw, 849px\" srcset=\"https:\/\/www.gerep.fr\/wp-content\/uploads\/2021\/12\/Reste-a-charge-que-reste-t-il.jpg 849w, https:\/\/www.gerep.fr\/wp-content\/uploads\/2021\/12\/Reste-a-charge-que-reste-t-il-300x200.jpg 300w, https:\/\/www.gerep.fr\/wp-content\/uploads\/2021\/12\/Reste-a-charge-que-reste-t-il-768x512.jpg 768w, https:\/\/www.gerep.fr\/wp-content\/uploads\/2021\/12\/Reste-a-charge-que-reste-t-il-570x380.jpg 570w\" alt=\"\" width=\"849\" height=\"566\" \/><\/a> <a href=\"https:\/\/www.gerep.fr\/blog\/tag\/health\/\" rel=\"tag\">Health<\/a><\/p>\r\n<h3><a title=\"What is left of health insurance co-payments?\" href=\"https:\/\/www.gerep.fr\/en\/blog\/what-is-left-of-health-insurance-co-payments\/\">What is left of health insurance co-payments?<\/a><\/h3>\r\n<p>3 December 2021 <img decoding=\"async\" src=\"https:\/\/www.gerep.fr\/wp-content\/uploads\/2023\/07\/Damien-President.png\" alt=\"\" width=\"\" height=\"\" \/> Damien Vieillard-Baron <a href=\"https:\/\/www.gerep.fr\/en\/blog\/what-is-left-of-health-insurance-co-payments\/\">Lire la suite <\/a> <a title=\"Contribution matching, the &quot;Swiss army knife&quot; of employee savings\" href=\"https:\/\/www.gerep.fr\/en\/blog\/contribution-matching-the-swiss-army-knife-of-employee-savings\/\"><img decoding=\"async\" src=\"https:\/\/www.gerep.fr\/wp-content\/uploads\/2022\/01\/AdobeStock_422302326-1-scaled-1-1.jpeg\" sizes=\"(max-width: 2048px) 100vw, 2048px\" srcset=\"https:\/\/www.gerep.fr\/wp-content\/uploads\/2022\/01\/AdobeStock_422302326-1-scaled-1-1.jpeg 2048w, https:\/\/www.gerep.fr\/wp-content\/uploads\/2022\/01\/AdobeStock_422302326-1-300x196.jpeg 300w, https:\/\/www.gerep.fr\/wp-content\/uploads\/2022\/01\/AdobeStock_422302326-1-1024x668.jpeg 1024w, https:\/\/www.gerep.fr\/wp-content\/uploads\/2022\/01\/AdobeStock_422302326-1-768x501.jpeg 768w, https:\/\/www.gerep.fr\/wp-content\/uploads\/2022\/01\/AdobeStock_422302326-1-1536x1002.jpeg 1536w, https:\/\/www.gerep.fr\/wp-content\/uploads\/2022\/01\/AdobeStock_422302326-1-570x372.jpeg 570w\" alt=\"\" width=\"2048\" height=\"1336\" \/><\/a> <a href=\"https:\/\/www.gerep.fr\/en\/blog\/categorie\/retirement-and-employee-savings\/\" rel=\"tag\">Retirement and employee savings<\/a><\/p>\r\n<h3><a title=\"Contribution matching, the &quot;Swiss army knife&quot; of employee savings\" href=\"https:\/\/www.gerep.fr\/en\/blog\/contribution-matching-the-swiss-army-knife-of-employee-savings\/\">Contribution matching, the &#8220;Swiss army knife&#8221; of employee savings<\/a><\/h3>\r\n<p>11 January 2022 <img decoding=\"async\" src=\"https:\/\/www.gerep.fr\/wp-content\/uploads\/2023\/08\/Amadou-charge-de-clientele.png\" alt=\"\" width=\"\" height=\"\" \/> Amadou Kasse <a href=\"https:\/\/www.gerep.fr\/en\/blog\/contribution-matching-the-swiss-army-knife-of-employee-savings\/\">Lire la suite <\/a> <a title=\"What about complementary health insurance premiums in the world after?\" href=\"https:\/\/www.gerep.fr\/en\/blog\/what-about-complementary-health-insurance-premiums-in-the-world-after\/\"><img decoding=\"async\" src=\"https:\/\/www.gerep.fr\/wp-content\/uploads\/2022\/05\/tarifs-complementaires-sante-scaled.jpeg\" sizes=\"(max-width: 2048px) 100vw, 2048px\" srcset=\"https:\/\/www.gerep.fr\/wp-content\/uploads\/2022\/05\/tarifs-complementaires-sante-scaled.jpeg 2048w, https:\/\/www.gerep.fr\/wp-content\/uploads\/2022\/05\/tarifs-complementaires-sante-300x122.jpeg 300w, https:\/\/www.gerep.fr\/wp-content\/uploads\/2022\/05\/tarifs-complementaires-sante-1024x416.jpeg 1024w, https:\/\/www.gerep.fr\/wp-content\/uploads\/2022\/05\/tarifs-complementaires-sante-768x312.jpeg 768w, https:\/\/www.gerep.fr\/wp-content\/uploads\/2022\/05\/tarifs-complementaires-sante-1536x624.jpeg 1536w, https:\/\/www.gerep.fr\/wp-content\/uploads\/2022\/05\/tarifs-complementaires-sante-570x232.jpeg 570w\" alt=\"\" width=\"2048\" height=\"832\" \/><\/a> <a href=\"https:\/\/www.gerep.fr\/blog\/tag\/health\/\" rel=\"tag\">Health<\/a><\/p>\r\n<h3><a title=\"What about complementary health insurance premiums in the world after?\" href=\"https:\/\/www.gerep.fr\/en\/blog\/what-about-complementary-health-insurance-premiums-in-the-world-after\/\">What about complementary health insurance premiums in the world after?<\/a><\/h3>\r\n<p>1 April 2022 <img decoding=\"async\" src=\"https:\/\/www.gerep.fr\/wp-content\/uploads\/2023\/07\/Damien-President.png\" alt=\"\" width=\"\" height=\"\" \/> Damien Vieillard-Baron <a href=\"https:\/\/www.gerep.fr\/en\/blog\/what-about-complementary-health-insurance-premiums-in-the-world-after\/\">Lire la suite <\/a> <a title=\"Losing meaning at work, what is the cost?\" href=\"https:\/\/www.gerep.fr\/en\/blog\/losing-meaning-at-work-what-is-the-cost\/\"><img decoding=\"async\" src=\"https:\/\/www.gerep.fr\/wp-content\/uploads\/2022\/05\/AdobeStock_234100298-scaled-1-1.jpeg\" sizes=\"(max-width: 2048px) 100vw, 2048px\" srcset=\"https:\/\/www.gerep.fr\/wp-content\/uploads\/2022\/05\/AdobeStock_234100298-scaled-1-1.jpeg 2048w, https:\/\/www.gerep.fr\/wp-content\/uploads\/2022\/05\/AdobeStock_234100298-300x173.jpeg 300w, https:\/\/www.gerep.fr\/wp-content\/uploads\/2022\/05\/AdobeStock_234100298-1024x589.jpeg 1024w, https:\/\/www.gerep.fr\/wp-content\/uploads\/2022\/05\/AdobeStock_234100298-768x442.jpeg 768w, https:\/\/www.gerep.fr\/wp-content\/uploads\/2022\/05\/AdobeStock_234100298-1536x884.jpeg 1536w, https:\/\/www.gerep.fr\/wp-content\/uploads\/2022\/05\/AdobeStock_234100298-570x328.jpeg 570w\" alt=\"Loosing meaning at work\" width=\"2048\" height=\"1178\" \/><\/a> <a href=\"https:\/\/www.gerep.fr\/en\/blog\/categorie\/wellness\/\" rel=\"tag\">Wellness<\/a><\/p>\r\n<h3><a title=\"Losing meaning at work, what is the cost?\" href=\"https:\/\/www.gerep.fr\/en\/blog\/losing-meaning-at-work-what-is-the-cost\/\">Losing meaning at work, what is the cost?<\/a><\/h3>\r\n<p>9 May 2022 <img decoding=\"async\" src=\"https:\/\/www.gerep.fr\/wp-content\/uploads\/2023\/07\/Damien-President.png\" alt=\"\" width=\"\" height=\"\" \/> Damien Vieillard-Baron <a href=\"https:\/\/www.gerep.fr\/en\/blog\/losing-meaning-at-work-what-is-the-cost\/\">Lire la suite <\/a> <a title=\"Compulsory personal protection insurance and the 1.50% contribution on bracket 1 salaries\" href=\"https:\/\/www.gerep.fr\/en\/blog\/compulsory-personal-protection-insurance-and-the-1-50-contribution-on-bracket-1-salaries\/\"><img decoding=\"async\" src=\"https:\/\/www.gerep.fr\/wp-content\/uploads\/2022\/06\/prevoyance-obligatoire-scaled.jpeg\" sizes=\"(max-width: 2048px) 100vw, 2048px\" srcset=\"https:\/\/www.gerep.fr\/wp-content\/uploads\/2022\/06\/prevoyance-obligatoire-scaled.jpeg 2048w, https:\/\/www.gerep.fr\/wp-content\/uploads\/2022\/06\/prevoyance-obligatoire-300x225.jpeg 300w, https:\/\/www.gerep.fr\/wp-content\/uploads\/2022\/06\/prevoyance-obligatoire-1024x768.jpeg 1024w, https:\/\/www.gerep.fr\/wp-content\/uploads\/2022\/06\/prevoyance-obligatoire-768x576.jpeg 768w, https:\/\/www.gerep.fr\/wp-content\/uploads\/2022\/06\/prevoyance-obligatoire-1536x1152.jpeg 1536w, https:\/\/www.gerep.fr\/wp-content\/uploads\/2022\/06\/prevoyance-obligatoire-570x428.jpeg 570w\" alt=\"Tranche 1,50 pr\u00e9voyance\" width=\"2048\" height=\"1536\" \/><\/a> <a href=\"https:\/\/www.gerep.fr\/en\/blog\/categorie\/regulatory-and-legal-monitoring\/\" rel=\"tag\">Regulatory and legal monitoring<\/a><\/p>\r\n<h3><a title=\"Compulsory personal protection insurance and the 1.50% contribution on bracket 1 salaries\" href=\"https:\/\/www.gerep.fr\/en\/blog\/compulsory-personal-protection-insurance-and-the-1-50-contribution-on-bracket-1-salaries\/\">Compulsory personal protection insurance and the 1.50% contribution on bracket 1 salaries<\/a><\/h3>\r\n<p>24 June 2022 <img decoding=\"async\" src=\"https:\/\/www.gerep.fr\/wp-content\/uploads\/2023\/07\/Estelle-Chargee-de-comptes.png\" alt=\"\" width=\"\" height=\"\" \/> Estelle Baldereschi <a href=\"https:\/\/www.gerep.fr\/en\/blog\/compulsory-personal-protection-insurance-and-the-1-50-contribution-on-bracket-1-salaries\/\">Lire la suite <\/a><\/p>\r\n<!-- .pp-content-posts -->\r\n<p><a title=\"Titre du bouton\" role=\"button\" href=\"https:\/\/www.gerep.fr\/en\/social-protection-news-and-blog\/\" target=\"_self\" rel=\"noopener\" aria-label=\"view all articles\"> view all articles <\/a><\/p>\r\n","protected":false},"excerpt":{"rendered":"<p>+0corporate clients 0insured persons 0M \u20acof assets invested 0\/5satisfaction of HR teams and insured Support your social performance As a broker, we can help you optimise and choose the schemes you offer your employees. What level of cover? A PER or a PERCOL? With which insurer? Discover our methodology Your needs In order to offer&hellip;<\/p>\n","protected":false},"author":2,"featured_media":6438,"parent":0,"menu_order":0,"comment_status":"closed","ping_status":"closed","template":"","meta":{"_acf_changed":false,"content-type":"","footnotes":""},"class_list":["post-9610","page","type-page","status-publish","has-post-thumbnail","hentry"],"acf":[],"yoast_head":"<!-- This site is optimized with the Yoast SEO Premium plugin v27.3 (Yoast SEO v27.4) - https:\/\/yoast.com\/product\/yoast-seo-premium-wordpress\/ -->\n<title>Your social protection needs - Gerep<\/title>\n<meta name=\"description\" content=\"Gerep supports you with a range of social protection services tailored to your needs\" \/>\n<meta name=\"robots\" content=\"index, follow, max-snippet:-1, max-image-preview:large, max-video-preview:-1\" \/>\n<link rel=\"canonical\" href=\"https:\/\/www.gerep.fr\/en\/your-social-protection-needs-gerep\/\" \/>\n<meta property=\"og:locale\" content=\"en_US\" \/>\n<meta property=\"og:type\" content=\"article\" \/>\n<meta property=\"og:title\" content=\"Your social protection needs - Gerep\" \/>\n<meta property=\"og:description\" content=\"Gerep supports you with a range of social protection services tailored to your needs\" \/>\n<meta property=\"og:url\" content=\"https:\/\/www.gerep.fr\/en\/your-social-protection-needs-gerep\/\" \/>\n<meta property=\"og:site_name\" content=\"Gerep\" \/>\n<meta property=\"article:modified_time\" content=\"2024-10-15T16:27:45+00:00\" \/>\n<meta property=\"og:image\" content=\"https:\/\/www.gerep.fr\/wp-content\/uploads\/2023\/07\/vos-besoins-gerep.png\" \/>\n\t<meta property=\"og:image:width\" content=\"1366\" \/>\n\t<meta property=\"og:image:height\" content=\"902\" \/>\n\t<meta property=\"og:image:type\" content=\"image\/png\" \/>\n<meta name=\"twitter:card\" content=\"summary_large_image\" \/>\n<meta name=\"twitter:site\" content=\"@Gerep_Social\" \/>\n<meta name=\"twitter:label1\" content=\"Est. reading time\" \/>\n\t<meta name=\"twitter:data1\" content=\"4 minutes\" \/>\n<script type=\"application\/ld+json\" class=\"yoast-schema-graph\">{\"@context\":\"https:\\\/\\\/schema.org\",\"@graph\":[{\"@type\":\"WebPage\",\"@id\":\"https:\\\/\\\/www.gerep.fr\\\/en\\\/your-social-protection-needs-gerep\\\/\",\"url\":\"https:\\\/\\\/www.gerep.fr\\\/en\\\/your-social-protection-needs-gerep\\\/\",\"name\":\"Your social protection needs - Gerep\",\"isPartOf\":{\"@id\":\"https:\\\/\\\/www.gerep.fr\\\/en\\\/#website\"},\"primaryImageOfPage\":{\"@id\":\"https:\\\/\\\/www.gerep.fr\\\/en\\\/your-social-protection-needs-gerep\\\/#primaryimage\"},\"image\":{\"@id\":\"https:\\\/\\\/www.gerep.fr\\\/en\\\/your-social-protection-needs-gerep\\\/#primaryimage\"},\"thumbnailUrl\":\"https:\\\/\\\/www.gerep.fr\\\/wp-content\\\/uploads\\\/2023\\\/07\\\/vos-besoins-gerep.png\",\"datePublished\":\"2023-06-27T15:44:24+00:00\",\"dateModified\":\"2024-10-15T16:27:45+00:00\",\"description\":\"Gerep supports you with a range of social protection services tailored to your needs\",\"breadcrumb\":{\"@id\":\"https:\\\/\\\/www.gerep.fr\\\/en\\\/your-social-protection-needs-gerep\\\/#breadcrumb\"},\"inLanguage\":\"en-US\",\"potentialAction\":[{\"@type\":\"ReadAction\",\"target\":[\"https:\\\/\\\/www.gerep.fr\\\/en\\\/your-social-protection-needs-gerep\\\/\"]}]},{\"@type\":\"ImageObject\",\"inLanguage\":\"en-US\",\"@id\":\"https:\\\/\\\/www.gerep.fr\\\/en\\\/your-social-protection-needs-gerep\\\/#primaryimage\",\"url\":\"https:\\\/\\\/www.gerep.fr\\\/wp-content\\\/uploads\\\/2023\\\/07\\\/vos-besoins-gerep.png\",\"contentUrl\":\"https:\\\/\\\/www.gerep.fr\\\/wp-content\\\/uploads\\\/2023\\\/07\\\/vos-besoins-gerep.png\",\"width\":1366,\"height\":902,\"caption\":\"vos besoins gerep\"},{\"@type\":\"BreadcrumbList\",\"@id\":\"https:\\\/\\\/www.gerep.fr\\\/en\\\/your-social-protection-needs-gerep\\\/#breadcrumb\",\"itemListElement\":[{\"@type\":\"ListItem\",\"position\":1,\"name\":\"Homepage\",\"item\":\"https:\\\/\\\/www.gerep.fr\\\/en\\\/home\\\/\"},{\"@type\":\"ListItem\",\"position\":2,\"name\":\"Your social protection needs &#8211; Gerep\"}]},{\"@type\":\"WebSite\",\"@id\":\"https:\\\/\\\/www.gerep.fr\\\/en\\\/#website\",\"url\":\"https:\\\/\\\/www.gerep.fr\\\/en\\\/\",\"name\":\"Gerep\",\"description\":\"Courtier et Gestionnaire, Gerep est une soci\u00e9t\u00e9 de conseil en Protection Sociale. Expert en sant\u00e9, pr\u00e9voyance, retraite, QVCT et \u00e9pargne salariale\",\"publisher\":{\"@id\":\"https:\\\/\\\/www.gerep.fr\\\/en\\\/#organization\"},\"potentialAction\":[{\"@type\":\"SearchAction\",\"target\":{\"@type\":\"EntryPoint\",\"urlTemplate\":\"https:\\\/\\\/www.gerep.fr\\\/en\\\/?s={search_term_string}\"},\"query-input\":{\"@type\":\"PropertyValueSpecification\",\"valueRequired\":true,\"valueName\":\"search_term_string\"}}],\"inLanguage\":\"en-US\"},{\"@type\":\"Organization\",\"@id\":\"https:\\\/\\\/www.gerep.fr\\\/en\\\/#organization\",\"name\":\"Gerep\",\"url\":\"https:\\\/\\\/www.gerep.fr\\\/en\\\/\",\"logo\":{\"@type\":\"ImageObject\",\"inLanguage\":\"en-US\",\"@id\":\"https:\\\/\\\/www.gerep.fr\\\/en\\\/#\\\/schema\\\/logo\\\/image\\\/\",\"url\":\"https:\\\/\\\/www.gerep.fr\\\/wp-content\\\/uploads\\\/2023\\\/07\\\/logo-Gerep.jpg\",\"contentUrl\":\"https:\\\/\\\/www.gerep.fr\\\/wp-content\\\/uploads\\\/2023\\\/07\\\/logo-Gerep.jpg\",\"width\":640,\"height\":480,\"caption\":\"Gerep\"},\"image\":{\"@id\":\"https:\\\/\\\/www.gerep.fr\\\/en\\\/#\\\/schema\\\/logo\\\/image\\\/\"},\"sameAs\":[\"https:\\\/\\\/x.com\\\/Gerep_Social\"]}]}<\/script>\n<!-- \/ Yoast SEO Premium plugin. -->","yoast_head_json":{"title":"Your social protection needs - Gerep","description":"Gerep supports you with a range of social protection services tailored to your needs","robots":{"index":"index","follow":"follow","max-snippet":"max-snippet:-1","max-image-preview":"max-image-preview:large","max-video-preview":"max-video-preview:-1"},"canonical":"https:\/\/www.gerep.fr\/en\/your-social-protection-needs-gerep\/","og_locale":"en_US","og_type":"article","og_title":"Your social protection needs - Gerep","og_description":"Gerep supports you with a range of social protection services tailored to your needs","og_url":"https:\/\/www.gerep.fr\/en\/your-social-protection-needs-gerep\/","og_site_name":"Gerep","article_modified_time":"2024-10-15T16:27:45+00:00","og_image":[{"width":1366,"height":902,"url":"https:\/\/www.gerep.fr\/wp-content\/uploads\/2023\/07\/vos-besoins-gerep.png","type":"image\/png"}],"twitter_card":"summary_large_image","twitter_site":"@Gerep_Social","twitter_misc":{"Est. reading time":"4 minutes"},"schema":{"@context":"https:\/\/schema.org","@graph":[{"@type":"WebPage","@id":"https:\/\/www.gerep.fr\/en\/your-social-protection-needs-gerep\/","url":"https:\/\/www.gerep.fr\/en\/your-social-protection-needs-gerep\/","name":"Your social protection needs - Gerep","isPartOf":{"@id":"https:\/\/www.gerep.fr\/en\/#website"},"primaryImageOfPage":{"@id":"https:\/\/www.gerep.fr\/en\/your-social-protection-needs-gerep\/#primaryimage"},"image":{"@id":"https:\/\/www.gerep.fr\/en\/your-social-protection-needs-gerep\/#primaryimage"},"thumbnailUrl":"https:\/\/www.gerep.fr\/wp-content\/uploads\/2023\/07\/vos-besoins-gerep.png","datePublished":"2023-06-27T15:44:24+00:00","dateModified":"2024-10-15T16:27:45+00:00","description":"Gerep supports you with a range of social protection services tailored to your needs","breadcrumb":{"@id":"https:\/\/www.gerep.fr\/en\/your-social-protection-needs-gerep\/#breadcrumb"},"inLanguage":"en-US","potentialAction":[{"@type":"ReadAction","target":["https:\/\/www.gerep.fr\/en\/your-social-protection-needs-gerep\/"]}]},{"@type":"ImageObject","inLanguage":"en-US","@id":"https:\/\/www.gerep.fr\/en\/your-social-protection-needs-gerep\/#primaryimage","url":"https:\/\/www.gerep.fr\/wp-content\/uploads\/2023\/07\/vos-besoins-gerep.png","contentUrl":"https:\/\/www.gerep.fr\/wp-content\/uploads\/2023\/07\/vos-besoins-gerep.png","width":1366,"height":902,"caption":"vos besoins gerep"},{"@type":"BreadcrumbList","@id":"https:\/\/www.gerep.fr\/en\/your-social-protection-needs-gerep\/#breadcrumb","itemListElement":[{"@type":"ListItem","position":1,"name":"Homepage","item":"https:\/\/www.gerep.fr\/en\/home\/"},{"@type":"ListItem","position":2,"name":"Your social protection needs &#8211; Gerep"}]},{"@type":"WebSite","@id":"https:\/\/www.gerep.fr\/en\/#website","url":"https:\/\/www.gerep.fr\/en\/","name":"Gerep","description":"Courtier et Gestionnaire, Gerep est une soci\u00e9t\u00e9 de conseil en Protection Sociale. Expert en sant\u00e9, pr\u00e9voyance, retraite, QVCT et \u00e9pargne salariale","publisher":{"@id":"https:\/\/www.gerep.fr\/en\/#organization"},"potentialAction":[{"@type":"SearchAction","target":{"@type":"EntryPoint","urlTemplate":"https:\/\/www.gerep.fr\/en\/?s={search_term_string}"},"query-input":{"@type":"PropertyValueSpecification","valueRequired":true,"valueName":"search_term_string"}}],"inLanguage":"en-US"},{"@type":"Organization","@id":"https:\/\/www.gerep.fr\/en\/#organization","name":"Gerep","url":"https:\/\/www.gerep.fr\/en\/","logo":{"@type":"ImageObject","inLanguage":"en-US","@id":"https:\/\/www.gerep.fr\/en\/#\/schema\/logo\/image\/","url":"https:\/\/www.gerep.fr\/wp-content\/uploads\/2023\/07\/logo-Gerep.jpg","contentUrl":"https:\/\/www.gerep.fr\/wp-content\/uploads\/2023\/07\/logo-Gerep.jpg","width":640,"height":480,"caption":"Gerep"},"image":{"@id":"https:\/\/www.gerep.fr\/en\/#\/schema\/logo\/image\/"},"sameAs":["https:\/\/x.com\/Gerep_Social"]}]}},"_links":{"self":[{"href":"https:\/\/www.gerep.fr\/en\/wp-json\/wp\/v2\/pages\/9610","targetHints":{"allow":["GET"]}}],"collection":[{"href":"https:\/\/www.gerep.fr\/en\/wp-json\/wp\/v2\/pages"}],"about":[{"href":"https:\/\/www.gerep.fr\/en\/wp-json\/wp\/v2\/types\/page"}],"author":[{"embeddable":true,"href":"https:\/\/www.gerep.fr\/en\/wp-json\/wp\/v2\/users\/2"}],"replies":[{"embeddable":true,"href":"https:\/\/www.gerep.fr\/en\/wp-json\/wp\/v2\/comments?post=9610"}],"version-history":[{"count":3,"href":"https:\/\/www.gerep.fr\/en\/wp-json\/wp\/v2\/pages\/9610\/revisions"}],"predecessor-version":[{"id":10359,"href":"https:\/\/www.gerep.fr\/en\/wp-json\/wp\/v2\/pages\/9610\/revisions\/10359"}],"wp:featuredmedia":[{"embeddable":true,"href":"https:\/\/www.gerep.fr\/en\/wp-json\/wp\/v2\/media\/6438"}],"wp:attachment":[{"href":"https:\/\/www.gerep.fr\/en\/wp-json\/wp\/v2\/media?parent=9610"}],"curies":[{"name":"wp","href":"https:\/\/api.w.org\/{rel}","templated":true}]}}