{"id":9624,"date":"2023-06-27T17:45:49","date_gmt":"2023-06-27T15:45:49","guid":{"rendered":"https:\/\/www.gerep.fr\/your-social-protection-needs-gerep\/international-social-protection\/"},"modified":"2024-11-15T12:19:16","modified_gmt":"2024-11-15T11:19:16","slug":"international-social-protection","status":"publish","type":"page","link":"https:\/\/www.gerep.fr\/en\/your-social-protection-needs-gerep\/international-social-protection\/","title":{"rendered":"International social protection"},"content":{"rendered":"\r\n<div class=\"post-img\"><img decoding=\"async\" title=\"Femme \u00e0 Londres\" src=\"https:\/\/www.gerep.fr\/wp-content\/uploads\/2023\/08\/AdobeStock_287482728-scaled.jpeg\" sizes=\"(max-width: 570px) 100vw, 570px\" srcset=\"https:\/\/www.gerep.fr\/wp-content\/uploads\/2023\/08\/AdobeStock_287482728-scaled.jpeg 570w, https:\/\/www.gerep.fr\/wp-content\/uploads\/2023\/08\/AdobeStock_287482728-2048x1365.jpeg 2048w, https:\/\/www.gerep.fr\/wp-content\/uploads\/2023\/08\/AdobeStock_287482728-300x200.jpeg 300w, https:\/\/www.gerep.fr\/wp-content\/uploads\/2023\/08\/AdobeStock_287482728-768x512.jpeg 768w, https:\/\/www.gerep.fr\/wp-content\/uploads\/2023\/08\/AdobeStock_287482728-1024x683.jpeg 1024w, https:\/\/www.gerep.fr\/wp-content\/uploads\/2023\/08\/AdobeStock_287482728-1536x1024.jpeg 1536w\" alt=\"Femme de dos marchant dans les rues de Londres.\" width=\"570\" height=\"380\" \/><\/div>\r\n<h2>What is Gerep&#8217;s international expertise?<\/h2>\r\n<p>We support you with international <strong>solutions in health, provident insurance, and retirement<\/strong>, tailored to your company and your employees.<\/p>\r\n<p><strong>Our international expertise in 6 points<\/strong> is:<\/p>\r\n<ul>\r\n<li data-leveltext=\"\uf0b7\" data-font=\"Symbol\" data-listid=\"3\" data-list-defn-props=\"{\" aria-setsize=\"-1\" data-aria-posinset=\"1\" data-aria-level=\"1\">Tools for managing international programmes ;<\/li>\r\n<li data-leveltext=\"\uf0b7\" data-font=\"Symbol\" data-listid=\"3\" data-list-defn-props=\"{\" aria-setsize=\"-1\" data-aria-posinset=\"1\" data-aria-level=\"1\">Monitoring of social liabilities by our Technical and Actuarial Department;<\/li>\r\n<li data-leveltext=\"\uf0b7\" data-font=\"Symbol\" data-listid=\"3\" data-list-defn-props=\"{\" aria-setsize=\"-1\" data-aria-posinset=\"1\" data-aria-level=\"1\">A selection of local partners based on their expertise;<\/li>\r\n<li data-leveltext=\"\uf0b7\" data-font=\"Symbol\" data-listid=\"3\" data-list-defn-props=\"{\" aria-setsize=\"-1\" data-aria-posinset=\"1\" data-aria-level=\"1\">An ongoing proactive relationship with local brokers;<\/li>\r\n<li data-leveltext=\"\uf0b7\" data-font=\"Symbol\" data-listid=\"3\" data-list-defn-props=\"{\" aria-setsize=\"-1\" data-aria-posinset=\"1\" data-aria-level=\"1\">Support for mergers and acquisitions;<\/li>\r\n<li data-leveltext=\"\uf0b7\" data-font=\"Symbol\" data-listid=\"3\" data-list-defn-props=\"{\" aria-setsize=\"-1\" data-aria-posinset=\"1\" data-aria-level=\"1\">Dedicated support under the responsibility of our international practice leader<\/li>\r\n<\/ul>\r\n<h2>You are a<br \/>a French company<br \/>with employees abroad?<\/h2>\r\n<p>We work with you to build a <strong>social protection package tailored<\/strong> <strong>to your employees abroad<\/strong>, and place the risk with partner insurers.<\/p>\r\n<p>This enables us to give you an overview of your employees&#8217; cover, so you can manage it more effectively. We also manage the financial consolidation of your social risks by setting up international pools.<\/p>\r\n<p>Our network means we can support you in almost every country.<\/p>\r\n<p><a title=\"Titre du bouton\" role=\"button\" href=\"https:\/\/www.gerep.fr\/en\/contact\/\" target=\"_self\" rel=\"noopener\" aria-label=\"Let's meet\"> Let&#8217;s meet <\/a><\/p>\r\n<h2>You are a<br \/>a foreign company<br \/>with employees in France?<\/h2>\r\n<p>Are you looking for a broker or manager for your teams in France?<\/p>\r\n<p>Our teams can help you set up your social protection: compliance, regulatory compliance, technical and financial management, etc.<\/p>\r\n<p>Our high-performance management tools will save your HR teams time and bring great satisfaction to your employees. All the more reason to improve your employer brand!<\/p>\r\n<div class=\"post-img\"><a title=\"Titre du bouton\" role=\"button\" href=\"https:\/\/www.gerep.fr\/en\/our-expertise-in-social-protection\/\" target=\"_self\" rel=\"noopener\" aria-label=\"Find out more about our expertise\"> Find out more about our expertise <\/a><img decoding=\"async\" title=\"carte monde\" src=\"https:\/\/www.gerep.fr\/wp-content\/uploads\/2023\/08\/carte-monde.jpg\" sizes=\"(max-width: 570px) 100vw, 570px\" srcset=\"https:\/\/www.gerep.fr\/wp-content\/uploads\/2023\/08\/carte-monde.jpg 570w, https:\/\/www.gerep.fr\/wp-content\/uploads\/2023\/08\/carte-monde-300x151.jpg 300w, https:\/\/www.gerep.fr\/wp-content\/uploads\/2023\/08\/carte-monde-768x386.jpg 768w, https:\/\/www.gerep.fr\/wp-content\/uploads\/2023\/08\/carte-monde-1024x515.jpg 1024w, https:\/\/www.gerep.fr\/wp-content\/uploads\/2023\/08\/carte-monde.jpg 1521w\" alt=\"Carte du monde\" width=\"570\" height=\"287\" \/><\/div>\r\n<h2>International expertise: 3 support networks<\/h2>\r\n<p>Gerep&#8217;s international expertise is based on 3 global networks: Asinta, Sequoia and Buck.<\/p>\r\n<p>These partnerships give us an international presence on every continent. Their aim is to help you cover your local and expatriate employees.<\/p>\r\n","protected":false},"excerpt":{"rendered":"<p>What is Gerep&#8217;s international expertise? We support you with international solutions in health, provident insurance, and retirement, tailored to your company and your employees. Our international expertise in 6 points is: Tools for managing international programmes ; Monitoring of social liabilities by our Technical and Actuarial Department; A selection of local partners based on their&hellip;<\/p>\n","protected":false},"author":2,"featured_media":8561,"parent":9610,"menu_order":0,"comment_status":"closed","ping_status":"closed","template":"","meta":{"_acf_changed":false,"content-type":"","footnotes":""},"class_list":["post-9624","page","type-page","status-publish","has-post-thumbnail","hentry"],"acf":[],"yoast_head":"<!-- This site is optimized with the Yoast SEO Premium plugin v27.3 (Yoast SEO v27.4) - https:\/\/yoast.com\/product\/yoast-seo-premium-wordpress\/ -->\n<title>International social protection<\/title>\n<meta name=\"description\" content=\"Secure your future abroad with our expertise in international social protection.\" \/>\n<meta name=\"robots\" content=\"index, follow, max-snippet:-1, max-image-preview:large, max-video-preview:-1\" \/>\n<link rel=\"canonical\" href=\"https:\/\/www.gerep.fr\/en\/your-social-protection-needs-gerep\/international-social-protection\/\" \/>\n<meta property=\"og:locale\" content=\"en_US\" \/>\n<meta property=\"og:type\" content=\"article\" \/>\n<meta property=\"og:title\" content=\"International social protection\" \/>\n<meta property=\"og:description\" content=\"Secure your future abroad with our expertise in international social protection.\" \/>\n<meta property=\"og:url\" content=\"https:\/\/www.gerep.fr\/en\/your-social-protection-needs-gerep\/international-social-protection\/\" \/>\n<meta property=\"og:site_name\" content=\"Gerep\" \/>\n<meta property=\"article:modified_time\" content=\"2024-11-15T11:19:16+00:00\" \/>\n<meta property=\"og:image\" content=\"https:\/\/www.gerep.fr\/wp-content\/uploads\/2024\/04\/jason-leung-jCBzW_Q_UGI-unsplash-scaled-e1712582689359.jpg\" \/>\n\t<meta property=\"og:image:width\" content=\"1365\" \/>\n\t<meta property=\"og:image:height\" content=\"2048\" \/>\n\t<meta property=\"og:image:type\" content=\"image\/jpeg\" \/>\n<meta name=\"twitter:card\" content=\"summary_large_image\" \/>\n<meta name=\"twitter:site\" content=\"@Gerep_Social\" \/>\n<meta name=\"twitter:label1\" content=\"Est. reading time\" \/>\n\t<meta name=\"twitter:data1\" content=\"2 minutes\" \/>\n<script type=\"application\/ld+json\" class=\"yoast-schema-graph\">{\"@context\":\"https:\\\/\\\/schema.org\",\"@graph\":[{\"@type\":\"WebPage\",\"@id\":\"https:\\\/\\\/www.gerep.fr\\\/en\\\/your-social-protection-needs-gerep\\\/international-social-protection\\\/\",\"url\":\"https:\\\/\\\/www.gerep.fr\\\/en\\\/your-social-protection-needs-gerep\\\/international-social-protection\\\/\",\"name\":\"International social protection\",\"isPartOf\":{\"@id\":\"https:\\\/\\\/www.gerep.fr\\\/en\\\/#website\"},\"primaryImageOfPage\":{\"@id\":\"https:\\\/\\\/www.gerep.fr\\\/en\\\/your-social-protection-needs-gerep\\\/international-social-protection\\\/#primaryimage\"},\"image\":{\"@id\":\"https:\\\/\\\/www.gerep.fr\\\/en\\\/your-social-protection-needs-gerep\\\/international-social-protection\\\/#primaryimage\"},\"thumbnailUrl\":\"https:\\\/\\\/www.gerep.fr\\\/wp-content\\\/uploads\\\/2024\\\/04\\\/jason-leung-jCBzW_Q_UGI-unsplash-scaled-e1712582689359.jpg\",\"datePublished\":\"2023-06-27T15:45:49+00:00\",\"dateModified\":\"2024-11-15T11:19:16+00:00\",\"description\":\"Secure your future abroad with our expertise in international social protection.\",\"breadcrumb\":{\"@id\":\"https:\\\/\\\/www.gerep.fr\\\/en\\\/your-social-protection-needs-gerep\\\/international-social-protection\\\/#breadcrumb\"},\"inLanguage\":\"en-US\",\"potentialAction\":[{\"@type\":\"ReadAction\",\"target\":[\"https:\\\/\\\/www.gerep.fr\\\/en\\\/your-social-protection-needs-gerep\\\/international-social-protection\\\/\"]}]},{\"@type\":\"ImageObject\",\"inLanguage\":\"en-US\",\"@id\":\"https:\\\/\\\/www.gerep.fr\\\/en\\\/your-social-protection-needs-gerep\\\/international-social-protection\\\/#primaryimage\",\"url\":\"https:\\\/\\\/www.gerep.fr\\\/wp-content\\\/uploads\\\/2024\\\/04\\\/jason-leung-jCBzW_Q_UGI-unsplash-scaled-e1712582689359.jpg\",\"contentUrl\":\"https:\\\/\\\/www.gerep.fr\\\/wp-content\\\/uploads\\\/2024\\\/04\\\/jason-leung-jCBzW_Q_UGI-unsplash-scaled-e1712582689359.jpg\",\"width\":1365,\"height\":2048,\"caption\":\"jason leung jCBzW Q UGI unsplash scaled e1712582689359\"},{\"@type\":\"BreadcrumbList\",\"@id\":\"https:\\\/\\\/www.gerep.fr\\\/en\\\/your-social-protection-needs-gerep\\\/international-social-protection\\\/#breadcrumb\",\"itemListElement\":[{\"@type\":\"ListItem\",\"position\":1,\"name\":\"Homepage\",\"item\":\"https:\\\/\\\/www.gerep.fr\\\/en\\\/home\\\/\"},{\"@type\":\"ListItem\",\"position\":2,\"name\":\"Your social protection needs &#8211; Gerep\",\"item\":\"https:\\\/\\\/www.gerep.fr\\\/en\\\/your-social-protection-needs-gerep\\\/\"},{\"@type\":\"ListItem\",\"position\":3,\"name\":\"International social protection\"}]},{\"@type\":\"WebSite\",\"@id\":\"https:\\\/\\\/www.gerep.fr\\\/en\\\/#website\",\"url\":\"https:\\\/\\\/www.gerep.fr\\\/en\\\/\",\"name\":\"Gerep\",\"description\":\"Courtier et Gestionnaire, Gerep est une soci\u00e9t\u00e9 de conseil en Protection Sociale. Expert en sant\u00e9, pr\u00e9voyance, retraite, QVCT et \u00e9pargne salariale\",\"publisher\":{\"@id\":\"https:\\\/\\\/www.gerep.fr\\\/en\\\/#organization\"},\"potentialAction\":[{\"@type\":\"SearchAction\",\"target\":{\"@type\":\"EntryPoint\",\"urlTemplate\":\"https:\\\/\\\/www.gerep.fr\\\/en\\\/?s={search_term_string}\"},\"query-input\":{\"@type\":\"PropertyValueSpecification\",\"valueRequired\":true,\"valueName\":\"search_term_string\"}}],\"inLanguage\":\"en-US\"},{\"@type\":\"Organization\",\"@id\":\"https:\\\/\\\/www.gerep.fr\\\/en\\\/#organization\",\"name\":\"Gerep\",\"url\":\"https:\\\/\\\/www.gerep.fr\\\/en\\\/\",\"logo\":{\"@type\":\"ImageObject\",\"inLanguage\":\"en-US\",\"@id\":\"https:\\\/\\\/www.gerep.fr\\\/en\\\/#\\\/schema\\\/logo\\\/image\\\/\",\"url\":\"https:\\\/\\\/www.gerep.fr\\\/wp-content\\\/uploads\\\/2023\\\/07\\\/logo-Gerep.jpg\",\"contentUrl\":\"https:\\\/\\\/www.gerep.fr\\\/wp-content\\\/uploads\\\/2023\\\/07\\\/logo-Gerep.jpg\",\"width\":640,\"height\":480,\"caption\":\"Gerep\"},\"image\":{\"@id\":\"https:\\\/\\\/www.gerep.fr\\\/en\\\/#\\\/schema\\\/logo\\\/image\\\/\"},\"sameAs\":[\"https:\\\/\\\/x.com\\\/Gerep_Social\"]}]}<\/script>\n<!-- \/ Yoast SEO Premium plugin. -->","yoast_head_json":{"title":"International social protection","description":"Secure your future abroad with our expertise in international social protection.","robots":{"index":"index","follow":"follow","max-snippet":"max-snippet:-1","max-image-preview":"max-image-preview:large","max-video-preview":"max-video-preview:-1"},"canonical":"https:\/\/www.gerep.fr\/en\/your-social-protection-needs-gerep\/international-social-protection\/","og_locale":"en_US","og_type":"article","og_title":"International social protection","og_description":"Secure your future abroad with our expertise in international social protection.","og_url":"https:\/\/www.gerep.fr\/en\/your-social-protection-needs-gerep\/international-social-protection\/","og_site_name":"Gerep","article_modified_time":"2024-11-15T11:19:16+00:00","og_image":[{"width":1365,"height":2048,"url":"https:\/\/www.gerep.fr\/wp-content\/uploads\/2024\/04\/jason-leung-jCBzW_Q_UGI-unsplash-scaled-e1712582689359.jpg","type":"image\/jpeg"}],"twitter_card":"summary_large_image","twitter_site":"@Gerep_Social","twitter_misc":{"Est. reading time":"2 minutes"},"schema":{"@context":"https:\/\/schema.org","@graph":[{"@type":"WebPage","@id":"https:\/\/www.gerep.fr\/en\/your-social-protection-needs-gerep\/international-social-protection\/","url":"https:\/\/www.gerep.fr\/en\/your-social-protection-needs-gerep\/international-social-protection\/","name":"International social protection","isPartOf":{"@id":"https:\/\/www.gerep.fr\/en\/#website"},"primaryImageOfPage":{"@id":"https:\/\/www.gerep.fr\/en\/your-social-protection-needs-gerep\/international-social-protection\/#primaryimage"},"image":{"@id":"https:\/\/www.gerep.fr\/en\/your-social-protection-needs-gerep\/international-social-protection\/#primaryimage"},"thumbnailUrl":"https:\/\/www.gerep.fr\/wp-content\/uploads\/2024\/04\/jason-leung-jCBzW_Q_UGI-unsplash-scaled-e1712582689359.jpg","datePublished":"2023-06-27T15:45:49+00:00","dateModified":"2024-11-15T11:19:16+00:00","description":"Secure your future abroad with our expertise in international social protection.","breadcrumb":{"@id":"https:\/\/www.gerep.fr\/en\/your-social-protection-needs-gerep\/international-social-protection\/#breadcrumb"},"inLanguage":"en-US","potentialAction":[{"@type":"ReadAction","target":["https:\/\/www.gerep.fr\/en\/your-social-protection-needs-gerep\/international-social-protection\/"]}]},{"@type":"ImageObject","inLanguage":"en-US","@id":"https:\/\/www.gerep.fr\/en\/your-social-protection-needs-gerep\/international-social-protection\/#primaryimage","url":"https:\/\/www.gerep.fr\/wp-content\/uploads\/2024\/04\/jason-leung-jCBzW_Q_UGI-unsplash-scaled-e1712582689359.jpg","contentUrl":"https:\/\/www.gerep.fr\/wp-content\/uploads\/2024\/04\/jason-leung-jCBzW_Q_UGI-unsplash-scaled-e1712582689359.jpg","width":1365,"height":2048,"caption":"jason leung jCBzW Q UGI unsplash scaled e1712582689359"},{"@type":"BreadcrumbList","@id":"https:\/\/www.gerep.fr\/en\/your-social-protection-needs-gerep\/international-social-protection\/#breadcrumb","itemListElement":[{"@type":"ListItem","position":1,"name":"Homepage","item":"https:\/\/www.gerep.fr\/en\/home\/"},{"@type":"ListItem","position":2,"name":"Your social protection needs &#8211; Gerep","item":"https:\/\/www.gerep.fr\/en\/your-social-protection-needs-gerep\/"},{"@type":"ListItem","position":3,"name":"International social protection"}]},{"@type":"WebSite","@id":"https:\/\/www.gerep.fr\/en\/#website","url":"https:\/\/www.gerep.fr\/en\/","name":"Gerep","description":"Courtier et Gestionnaire, Gerep est une soci\u00e9t\u00e9 de conseil en Protection Sociale. Expert en sant\u00e9, pr\u00e9voyance, retraite, QVCT et \u00e9pargne salariale","publisher":{"@id":"https:\/\/www.gerep.fr\/en\/#organization"},"potentialAction":[{"@type":"SearchAction","target":{"@type":"EntryPoint","urlTemplate":"https:\/\/www.gerep.fr\/en\/?s={search_term_string}"},"query-input":{"@type":"PropertyValueSpecification","valueRequired":true,"valueName":"search_term_string"}}],"inLanguage":"en-US"},{"@type":"Organization","@id":"https:\/\/www.gerep.fr\/en\/#organization","name":"Gerep","url":"https:\/\/www.gerep.fr\/en\/","logo":{"@type":"ImageObject","inLanguage":"en-US","@id":"https:\/\/www.gerep.fr\/en\/#\/schema\/logo\/image\/","url":"https:\/\/www.gerep.fr\/wp-content\/uploads\/2023\/07\/logo-Gerep.jpg","contentUrl":"https:\/\/www.gerep.fr\/wp-content\/uploads\/2023\/07\/logo-Gerep.jpg","width":640,"height":480,"caption":"Gerep"},"image":{"@id":"https:\/\/www.gerep.fr\/en\/#\/schema\/logo\/image\/"},"sameAs":["https:\/\/x.com\/Gerep_Social"]}]}},"_links":{"self":[{"href":"https:\/\/www.gerep.fr\/en\/wp-json\/wp\/v2\/pages\/9624","targetHints":{"allow":["GET"]}}],"collection":[{"href":"https:\/\/www.gerep.fr\/en\/wp-json\/wp\/v2\/pages"}],"about":[{"href":"https:\/\/www.gerep.fr\/en\/wp-json\/wp\/v2\/types\/page"}],"author":[{"embeddable":true,"href":"https:\/\/www.gerep.fr\/en\/wp-json\/wp\/v2\/users\/2"}],"replies":[{"embeddable":true,"href":"https:\/\/www.gerep.fr\/en\/wp-json\/wp\/v2\/comments?post=9624"}],"version-history":[{"count":2,"href":"https:\/\/www.gerep.fr\/en\/wp-json\/wp\/v2\/pages\/9624\/revisions"}],"predecessor-version":[{"id":10969,"href":"https:\/\/www.gerep.fr\/en\/wp-json\/wp\/v2\/pages\/9624\/revisions\/10969"}],"up":[{"embeddable":true,"href":"https:\/\/www.gerep.fr\/en\/wp-json\/wp\/v2\/pages\/9610"}],"wp:featuredmedia":[{"embeddable":true,"href":"https:\/\/www.gerep.fr\/en\/wp-json\/wp\/v2\/media\/8561"}],"wp:attachment":[{"href":"https:\/\/www.gerep.fr\/en\/wp-json\/wp\/v2\/media?parent=9624"}],"curies":[{"name":"wp","href":"https:\/\/api.w.org\/{rel}","templated":true}]}}