{"id":9625,"date":"2023-06-27T17:50:15","date_gmt":"2023-06-27T15:50:15","guid":{"rendered":"https:\/\/www.gerep.fr\/our-expertise-in-social-protection\/"},"modified":"2024-10-15T18:26:42","modified_gmt":"2024-10-15T16:26:42","slug":"our-expertise-in-social-protection","status":"publish","type":"page","link":"https:\/\/www.gerep.fr\/en\/our-expertise-in-social-protection\/","title":{"rendered":"Our expertise in social protection"},"content":{"rendered":"\n\n\t\t<!-- Comment to fix spacing issue\n\t-->\n\t\t+0companies<br \/>customers\n\t<!-- Comment to fix spacing issue\n\t-->\t\n\t\t<!-- Comment to fix spacing issue\n\t-->\n\t\t0 yearsaverage loyalty<br \/>of our customers\n\t<!-- Comment to fix spacing issue\n\t-->\t\n\t\t<!-- Comment to fix spacing issue\n\t-->\n\t\t012 minutesaverage waiting time<br \/>on the phone\n\t<!-- Comment to fix spacing issue\n\t-->\t\n\t\t<!-- Comment to fix spacing issue\n\t-->\n\t\t0Hmaximum processing<br \/>of policyholder claims\n\t<!-- Comment to fix spacing issue\n\t-->\t\n\t\t<h2>\n\t\t\tGerep, an ally in your HR strategy \n\t\t<\/h2>\n\t<p>Would you like to review your cover? Check your URSSAF compliance?  Managing your absenteeism? While saving time for your HR teams\u202f?  <\/p>\n\t<a href=\"https:\/\/www.gerep.fr\/en\/contact\/\" target=\"_self\" role=\"button\" aria-label=\"Let's talk about it!\" title=\"Titre du bouton\" rel=\"noopener\">\n\t\t\t\t\t\tLet&#8217;s talk about it!\n\t\t\t\t\t<\/a>\n\t\t<h3>\n\t\t\tAn offer that suits you &#8230;\n\t\t<\/h3>\n\t<p>We are building <b>customized solutions<\/b> in health, insurance, retirement, and employee savings <b>that are effective<\/b> and add <b>significant value<\/b> for you and your employees.<\/p>\n<p>And Gerep has developed an innovative tendering methodology that will enable you to <b>choose an insurer that matches your CSR commitments!<\/b><\/p>\n\t<a href=\"https:\/\/www.gerep.fr\/en\/our-dna\/mission-driven-company\/\" target=\"_self\" role=\"button\" aria-label=\"See our commitments\" title=\"Titre du bouton\" rel=\"noopener\">\n\t\t\t\t\t\tSee our commitments\n\t\t\t\t\t<\/a>\n\t\t\t\t\t\t\t\t\t<img decoding=\"async\" src=\"https:\/\/www.gerep.fr\/wp-content\/uploads\/2023\/08\/AdobeStock_138831061-scaled.jpeg\" alt=\"t\u00e9l\u00e9conseiller\" itemprop=\"image\" height=\"380\" width=\"570\" srcset=\"https:\/\/www.gerep.fr\/wp-content\/uploads\/2023\/08\/AdobeStock_138831061-scaled.jpeg 570w, https:\/\/www.gerep.fr\/wp-content\/uploads\/2023\/08\/AdobeStock_138831061-300x200.jpeg 300w, https:\/\/www.gerep.fr\/wp-content\/uploads\/2023\/08\/AdobeStock_138831061-768x512.jpeg 768w, https:\/\/www.gerep.fr\/wp-content\/uploads\/2023\/08\/AdobeStock_138831061-1024x683.jpeg 1024w, https:\/\/www.gerep.fr\/wp-content\/uploads\/2023\/08\/AdobeStock_138831061-1536x1024.jpeg 1536w, https:\/\/www.gerep.fr\/wp-content\/uploads\/2023\/08\/AdobeStock_138831061-2048x1366.jpeg 2048w\" sizes=\"(max-width: 570px) 100vw, 570px\" title=\"Jeune femme concentr\u00e9e utilisant un ordinateur portable et un smartphone tout en prenant des notes\" onerror=\"this.style.display='none'\"  \/>\n\t\t\t\t\t\t\t\t\t<img decoding=\"async\" src=\"https:\/\/www.gerep.fr\/wp-content\/uploads\/2023\/08\/Fotolia_89158604_Subscription_Monthly_M.jpg\" alt=\"\u00c9quipe commerciale avec les mains ensemble - concepts de travail d&#039;\u00e9quipe\" itemprop=\"image\" height=\"380\" width=\"570\" srcset=\"https:\/\/www.gerep.fr\/wp-content\/uploads\/2023\/08\/Fotolia_89158604_Subscription_Monthly_M.jpg 570w, https:\/\/www.gerep.fr\/wp-content\/uploads\/2023\/08\/Fotolia_89158604_Subscription_Monthly_M-300x200.jpg 300w, https:\/\/www.gerep.fr\/wp-content\/uploads\/2023\/08\/Fotolia_89158604_Subscription_Monthly_M-768x512.jpg 768w, https:\/\/www.gerep.fr\/wp-content\/uploads\/2023\/08\/Fotolia_89158604_Subscription_Monthly_M-1024x682.jpg 1024w, https:\/\/www.gerep.fr\/wp-content\/uploads\/2023\/08\/Fotolia_89158604_Subscription_Monthly_M-1536x1024.jpg 1536w, https:\/\/www.gerep.fr\/wp-content\/uploads\/2023\/08\/Fotolia_89158604_Subscription_Monthly_M.jpg 1688w\" sizes=\"(max-width: 570px) 100vw, 570px\" title=\"\u00c9quipe commerciale avec les mains ensemble - concepts de travail d&#039;\u00e9quipe\" onerror=\"this.style.display='none'\"  \/>\n\t\t<h3>\n\t\t\tWith support throughout your project\n\t\t<\/h3>\n\t<p>Once in place, we provide technical and financial management of your contracts and help you to <b>promote your employee benefits<\/b> to your staff .Whatever the size of your business, you deserve support! <\/p>\n\t<a href=\"https:\/\/www.gerep.fr\/en\/our-expertise-in-social-protection\/social-protection-audit-supporting-your-social-performance\/\" target=\"_self\" role=\"button\" aria-label=\"How does our support work? \" title=\"Titre du bouton\" rel=\"noopener\">\n\t\t\t\t\t\tHow does our support work? \n\t\t\t\t\t<\/a>\n\t\t<h2>\n\t\t\tManage your contract in your HR space \n\t\t<\/h2>\n\t<p>At Gerep, we believe that <b>digitalisation supports performance<\/b>.  <\/p>\n<p>We want our customers to be able to concentrate on high added-value tasks. That&#8217;s why our dedicated area for HR teams allows you to do just that.  <b>save time<\/b> managing membership and work stoppages.  <\/p>\n\t<a href=\"https:\/\/www.gerep.fr\/en\/our-expertise-in-social-protection\/social-protection-audit-supporting-your-social-performance\/\" target=\"_self\" role=\"button\" aria-label=\"Why choose Gerep?\" title=\"Titre du bouton\" rel=\"noopener\">\n\t\t\t\t\t\tWhy choose Gerep?\n\t\t\t\t\t<\/a>\n\t\t<h2>\n\t\t\tWhy do our policyholders love Gerep? \n\t\t<\/h2>\n\t<p>They gave us a score of 4.5\/5 for 2023.  <\/p>\n<p>Thanks to our online space, they can <b>take control of their health:<\/b>:   <\/p>\n<ul>\n<li data-leveltext=\"\uf0b7\" data-font=\"Symbol\" data-listid=\"3\" data-list-defn-props=\"{\"335552541\":1,\"335559684\":-2,\"335559685\":720,\"335559991\":360,\"469769226\":\"Symbol\",\"469769242\":[8226],\"469777803\":\"left\",\"469777804\":\"\uf0b7\",\"469777815\":\"hybridMultilevel\"}\" aria-setsize=\"-1\" data-aria-posinset=\"1\" data-aria-level=\"1\">Submit a photo of their invoice in 2 clicks, <\/li>\n<li data-leveltext=\"\uf0b7\" data-font=\"Symbol\" data-listid=\"3\" data-list-defn-props=\"{\"335552541\":1,\"335559684\":-2,\"335559685\":720,\"335559991\":360,\"469769226\":\"Symbol\",\"469769242\":[8226],\"469777803\":\"left\",\"469777804\":\"\uf0b7\",\"469777815\":\"hybridMultilevel\"}\" aria-setsize=\"-1\" data-aria-posinset=\"2\" data-aria-level=\"1\">Simulate their repayment,  <\/li>\n<li data-leveltext=\"\uf0b7\" data-font=\"Symbol\" data-listid=\"3\" data-list-defn-props=\"{\"335552541\":1,\"335559684\":-2,\"335559685\":720,\"335559991\":360,\"469769226\":\"Symbol\",\"469769242\":[8226],\"469777803\":\"left\",\"469777804\":\"\uf0b7\",\"469777815\":\"hybridMultilevel\"}\" aria-setsize=\"-1\" data-aria-posinset=\"3\" data-aria-level=\"1\">Download their third-party payment card, <\/li>\n<li data-leveltext=\"\uf0b7\" data-font=\"Symbol\" data-listid=\"3\" data-list-defn-props=\"{\"335552541\":1,\"335559684\":-2,\"335559685\":720,\"335559991\":360,\"469769226\":\"Symbol\",\"469769242\":[8226],\"469777803\":\"left\",\"469777804\":\"\uf0b7\",\"469777815\":\"hybridMultilevel\"}\" aria-setsize=\"-1\" data-aria-posinset=\"3\" data-aria-level=\"1\">Benefit from preferential rates with partner healthcare professionals, <\/li>\n<li data-leveltext=\"\uf0b7\" data-font=\"Symbol\" data-listid=\"3\" data-list-defn-props=\"{\"335552541\":1,\"335559684\":-2,\"335559685\":720,\"335559991\":360,\"469769226\":\"Symbol\",\"469769242\":[8226],\"469777803\":\"left\",\"469777804\":\"\uf0b7\",\"469777815\":\"hybridMultilevel\"}\" aria-setsize=\"-1\" data-aria-posinset=\"3\" data-aria-level=\"1\">Teleconsult a doctor, with 100% reimbursement, &#8230; <\/li>\n<\/ul>\n<p>All requests via the policyholder area are processed in less than 48 hours.<\/p>\n\t\t\t\t\t\t\t\t\t<img decoding=\"async\" src=\"https:\/\/www.gerep.fr\/wp-content\/uploads\/2023\/07\/vos-besoins-gerep.png\" alt=\"vos-besoins-gerep\" itemprop=\"image\" height=\"376\" width=\"570\" srcset=\"https:\/\/www.gerep.fr\/wp-content\/uploads\/2023\/07\/vos-besoins-gerep.png 570w, https:\/\/www.gerep.fr\/wp-content\/uploads\/2023\/07\/vos-besoins-gerep-300x198.png 300w, https:\/\/www.gerep.fr\/wp-content\/uploads\/2023\/07\/vos-besoins-gerep-768x507.png 768w, https:\/\/www.gerep.fr\/wp-content\/uploads\/2023\/07\/vos-besoins-gerep-1024x676.png 1024w, https:\/\/www.gerep.fr\/wp-content\/uploads\/2023\/07\/vos-besoins-gerep.png 1366w\" sizes=\"(max-width: 570px) 100vw, 570px\" title=\"vos-besoins-gerep\" onerror=\"this.style.display='none'\"  \/>\n\t<a href=\"https:\/\/www.gerep.fr\/en\/our-expertise-in-social-protection\/health-and-welfare-manager-to-make-life-easier-for-policyholders\/\" target=\"_self\" role=\"button\" aria-label=\"How can we improve your employer brand?\" title=\"Titre du bouton\" rel=\"noopener\">\n\t\t\t\t\t\tHow can we improve your employer brand?\n\t\t\t\t\t<\/a>\n\t\t<h2>\n\t\t\tA solution for every problem!\n\t\t<\/h2>\n\t<p>You want to control <b>absenteeism<\/b>? Give your employees back their purchasing power? Or   <b>to make <\/b>the most of all your <b>employee benefits<\/b>? <\/p>\n<p>Our specialists can show you one of our solutions. <\/p>\n\t<a href=\"https:\/\/www.gerep.fr\/en\/your-social-protection-needs-gerep\/\" target=\"_self\" role=\"button\" aria-label=\"Find my solution\" title=\"Titre du bouton\" rel=\"noopener\">\n\t\t\t\t\t\tFind my solution\n\t\t\t\t\t<\/a>\n\t\t<h2>\n\t\t\tWhat areas do we cover? \n\t\t<\/h2>\n\t<p>We can help you with your health, provident, retirement and employee savings schemes in France and abroad. <\/p>\n<p><b>Don&#8217;t forget, social protection enhances your employer brand!<\/b> <\/p>\n\t<a href=\"https:\/\/www.gerep.fr\/en\/your-social-protection-needs-gerep\/\" target=\"_self\" role=\"button\" aria-label=\"What do you need?\" title=\"Titre du bouton\" rel=\"noopener\">\n\t\t\t\t\t\tWhat do you need?\n\t\t\t\t\t<\/a>\n\n","protected":false},"excerpt":{"rendered":"<p>+0companiescustomers 0 yearsaverage loyaltyof our customers 012 minutesaverage waiting timeon the phone 0Hmaximum processingof policyholder claims Gerep, an ally in your HR strategy Would you like to review your cover? Check your URSSAF compliance? Managing your absenteeism? While saving time for your HR teams\u202f? Let&#8217;s talk about it! An offer that suits you &#8230; We&hellip;<\/p>\n","protected":false},"author":2,"featured_media":6552,"parent":0,"menu_order":0,"comment_status":"closed","ping_status":"closed","template":"","meta":{"_acf_changed":false,"content-type":"","footnotes":""},"class_list":["post-9625","page","type-page","status-publish","has-post-thumbnail","hentry"],"acf":[],"yoast_head":"<!-- This site is optimized with the Yoast SEO Premium plugin v27.3 (Yoast SEO v27.4) - https:\/\/yoast.com\/product\/yoast-seo-premium-wordpress\/ -->\n<title>Our expertise in social protection - Gerep<\/title>\n<meta name=\"description\" content=\"Are you looking for a partner to help you implement your HR strategy? Discover our expertise in health, provident schemes, pensions and employee savings!\" \/>\n<meta name=\"robots\" content=\"index, follow, max-snippet:-1, max-image-preview:large, max-video-preview:-1\" \/>\n<link rel=\"canonical\" href=\"https:\/\/www.gerep.fr\/en\/our-expertise-in-social-protection\/\" \/>\n<meta property=\"og:locale\" content=\"en_US\" \/>\n<meta property=\"og:type\" content=\"article\" \/>\n<meta property=\"og:title\" content=\"Our expertise in social protection\" \/>\n<meta property=\"og:description\" content=\"Are you looking for a partner to help you implement your HR strategy? Discover our expertise in health, provident schemes, pensions and employee savings!\" \/>\n<meta property=\"og:url\" content=\"https:\/\/www.gerep.fr\/en\/our-expertise-in-social-protection\/\" \/>\n<meta property=\"og:site_name\" content=\"Gerep\" \/>\n<meta property=\"article:modified_time\" content=\"2024-10-15T16:26:42+00:00\" \/>\n<meta property=\"og:image\" content=\"https:\/\/www.gerep.fr\/wp-content\/uploads\/2023\/08\/gerep-34-nos-expertises-scaled.jpg\" \/>\n\t<meta property=\"og:image:width\" content=\"2048\" \/>\n\t<meta property=\"og:image:height\" content=\"1126\" \/>\n\t<meta property=\"og:image:type\" content=\"image\/jpeg\" \/>\n<meta name=\"twitter:card\" content=\"summary_large_image\" \/>\n<meta name=\"twitter:site\" content=\"@Gerep_Social\" \/>\n<meta name=\"twitter:label1\" content=\"Est. reading time\" \/>\n\t<meta name=\"twitter:data1\" content=\"3 minutes\" \/>\n<script type=\"application\/ld+json\" class=\"yoast-schema-graph\">{\"@context\":\"https:\\\/\\\/schema.org\",\"@graph\":[{\"@type\":\"WebPage\",\"@id\":\"https:\\\/\\\/www.gerep.fr\\\/en\\\/our-expertise-in-social-protection\\\/\",\"url\":\"https:\\\/\\\/www.gerep.fr\\\/en\\\/our-expertise-in-social-protection\\\/\",\"name\":\"Our expertise in social protection - Gerep\",\"isPartOf\":{\"@id\":\"https:\\\/\\\/www.gerep.fr\\\/en\\\/#website\"},\"primaryImageOfPage\":{\"@id\":\"https:\\\/\\\/www.gerep.fr\\\/en\\\/our-expertise-in-social-protection\\\/#primaryimage\"},\"image\":{\"@id\":\"https:\\\/\\\/www.gerep.fr\\\/en\\\/our-expertise-in-social-protection\\\/#primaryimage\"},\"thumbnailUrl\":\"https:\\\/\\\/www.gerep.fr\\\/wp-content\\\/uploads\\\/2023\\\/08\\\/gerep-34-nos-expertises-scaled.jpg\",\"datePublished\":\"2023-06-27T15:50:15+00:00\",\"dateModified\":\"2024-10-15T16:26:42+00:00\",\"description\":\"Are you looking for a partner to help you implement your HR strategy? Discover our expertise in health, provident schemes, pensions and employee savings!\",\"breadcrumb\":{\"@id\":\"https:\\\/\\\/www.gerep.fr\\\/en\\\/our-expertise-in-social-protection\\\/#breadcrumb\"},\"inLanguage\":\"en-US\",\"potentialAction\":[{\"@type\":\"ReadAction\",\"target\":[\"https:\\\/\\\/www.gerep.fr\\\/en\\\/our-expertise-in-social-protection\\\/\"]}]},{\"@type\":\"ImageObject\",\"inLanguage\":\"en-US\",\"@id\":\"https:\\\/\\\/www.gerep.fr\\\/en\\\/our-expertise-in-social-protection\\\/#primaryimage\",\"url\":\"https:\\\/\\\/www.gerep.fr\\\/wp-content\\\/uploads\\\/2023\\\/08\\\/gerep-34-nos-expertises-scaled.jpg\",\"contentUrl\":\"https:\\\/\\\/www.gerep.fr\\\/wp-content\\\/uploads\\\/2023\\\/08\\\/gerep-34-nos-expertises-scaled.jpg\",\"width\":2048,\"height\":1126,\"caption\":\"gerep 34 nos expertises scaled\"},{\"@type\":\"BreadcrumbList\",\"@id\":\"https:\\\/\\\/www.gerep.fr\\\/en\\\/our-expertise-in-social-protection\\\/#breadcrumb\",\"itemListElement\":[{\"@type\":\"ListItem\",\"position\":1,\"name\":\"Homepage\",\"item\":\"https:\\\/\\\/www.gerep.fr\\\/en\\\/home\\\/\"},{\"@type\":\"ListItem\",\"position\":2,\"name\":\"Our expertise in social protection\"}]},{\"@type\":\"WebSite\",\"@id\":\"https:\\\/\\\/www.gerep.fr\\\/en\\\/#website\",\"url\":\"https:\\\/\\\/www.gerep.fr\\\/en\\\/\",\"name\":\"Gerep\",\"description\":\"Courtier et Gestionnaire, Gerep est une soci\u00e9t\u00e9 de conseil en Protection Sociale. Expert en sant\u00e9, pr\u00e9voyance, retraite, QVCT et \u00e9pargne salariale\",\"publisher\":{\"@id\":\"https:\\\/\\\/www.gerep.fr\\\/en\\\/#organization\"},\"potentialAction\":[{\"@type\":\"SearchAction\",\"target\":{\"@type\":\"EntryPoint\",\"urlTemplate\":\"https:\\\/\\\/www.gerep.fr\\\/en\\\/?s={search_term_string}\"},\"query-input\":{\"@type\":\"PropertyValueSpecification\",\"valueRequired\":true,\"valueName\":\"search_term_string\"}}],\"inLanguage\":\"en-US\"},{\"@type\":\"Organization\",\"@id\":\"https:\\\/\\\/www.gerep.fr\\\/en\\\/#organization\",\"name\":\"Gerep\",\"url\":\"https:\\\/\\\/www.gerep.fr\\\/en\\\/\",\"logo\":{\"@type\":\"ImageObject\",\"inLanguage\":\"en-US\",\"@id\":\"https:\\\/\\\/www.gerep.fr\\\/en\\\/#\\\/schema\\\/logo\\\/image\\\/\",\"url\":\"https:\\\/\\\/www.gerep.fr\\\/wp-content\\\/uploads\\\/2023\\\/07\\\/logo-Gerep.jpg\",\"contentUrl\":\"https:\\\/\\\/www.gerep.fr\\\/wp-content\\\/uploads\\\/2023\\\/07\\\/logo-Gerep.jpg\",\"width\":640,\"height\":480,\"caption\":\"Gerep\"},\"image\":{\"@id\":\"https:\\\/\\\/www.gerep.fr\\\/en\\\/#\\\/schema\\\/logo\\\/image\\\/\"},\"sameAs\":[\"https:\\\/\\\/x.com\\\/Gerep_Social\"]}]}<\/script>\n<!-- \/ Yoast SEO Premium plugin. -->","yoast_head_json":{"title":"Our expertise in social protection - Gerep","description":"Are you looking for a partner to help you implement your HR strategy? Discover our expertise in health, provident schemes, pensions and employee savings!","robots":{"index":"index","follow":"follow","max-snippet":"max-snippet:-1","max-image-preview":"max-image-preview:large","max-video-preview":"max-video-preview:-1"},"canonical":"https:\/\/www.gerep.fr\/en\/our-expertise-in-social-protection\/","og_locale":"en_US","og_type":"article","og_title":"Our expertise in social protection","og_description":"Are you looking for a partner to help you implement your HR strategy? Discover our expertise in health, provident schemes, pensions and employee savings!","og_url":"https:\/\/www.gerep.fr\/en\/our-expertise-in-social-protection\/","og_site_name":"Gerep","article_modified_time":"2024-10-15T16:26:42+00:00","og_image":[{"width":2048,"height":1126,"url":"https:\/\/www.gerep.fr\/wp-content\/uploads\/2023\/08\/gerep-34-nos-expertises-scaled.jpg","type":"image\/jpeg"}],"twitter_card":"summary_large_image","twitter_site":"@Gerep_Social","twitter_misc":{"Est. reading time":"3 minutes"},"schema":{"@context":"https:\/\/schema.org","@graph":[{"@type":"WebPage","@id":"https:\/\/www.gerep.fr\/en\/our-expertise-in-social-protection\/","url":"https:\/\/www.gerep.fr\/en\/our-expertise-in-social-protection\/","name":"Our expertise in social protection - Gerep","isPartOf":{"@id":"https:\/\/www.gerep.fr\/en\/#website"},"primaryImageOfPage":{"@id":"https:\/\/www.gerep.fr\/en\/our-expertise-in-social-protection\/#primaryimage"},"image":{"@id":"https:\/\/www.gerep.fr\/en\/our-expertise-in-social-protection\/#primaryimage"},"thumbnailUrl":"https:\/\/www.gerep.fr\/wp-content\/uploads\/2023\/08\/gerep-34-nos-expertises-scaled.jpg","datePublished":"2023-06-27T15:50:15+00:00","dateModified":"2024-10-15T16:26:42+00:00","description":"Are you looking for a partner to help you implement your HR strategy? Discover our expertise in health, provident schemes, pensions and employee savings!","breadcrumb":{"@id":"https:\/\/www.gerep.fr\/en\/our-expertise-in-social-protection\/#breadcrumb"},"inLanguage":"en-US","potentialAction":[{"@type":"ReadAction","target":["https:\/\/www.gerep.fr\/en\/our-expertise-in-social-protection\/"]}]},{"@type":"ImageObject","inLanguage":"en-US","@id":"https:\/\/www.gerep.fr\/en\/our-expertise-in-social-protection\/#primaryimage","url":"https:\/\/www.gerep.fr\/wp-content\/uploads\/2023\/08\/gerep-34-nos-expertises-scaled.jpg","contentUrl":"https:\/\/www.gerep.fr\/wp-content\/uploads\/2023\/08\/gerep-34-nos-expertises-scaled.jpg","width":2048,"height":1126,"caption":"gerep 34 nos expertises scaled"},{"@type":"BreadcrumbList","@id":"https:\/\/www.gerep.fr\/en\/our-expertise-in-social-protection\/#breadcrumb","itemListElement":[{"@type":"ListItem","position":1,"name":"Homepage","item":"https:\/\/www.gerep.fr\/en\/home\/"},{"@type":"ListItem","position":2,"name":"Our expertise in social protection"}]},{"@type":"WebSite","@id":"https:\/\/www.gerep.fr\/en\/#website","url":"https:\/\/www.gerep.fr\/en\/","name":"Gerep","description":"Courtier et Gestionnaire, Gerep est une soci\u00e9t\u00e9 de conseil en Protection Sociale. Expert en sant\u00e9, pr\u00e9voyance, retraite, QVCT et \u00e9pargne salariale","publisher":{"@id":"https:\/\/www.gerep.fr\/en\/#organization"},"potentialAction":[{"@type":"SearchAction","target":{"@type":"EntryPoint","urlTemplate":"https:\/\/www.gerep.fr\/en\/?s={search_term_string}"},"query-input":{"@type":"PropertyValueSpecification","valueRequired":true,"valueName":"search_term_string"}}],"inLanguage":"en-US"},{"@type":"Organization","@id":"https:\/\/www.gerep.fr\/en\/#organization","name":"Gerep","url":"https:\/\/www.gerep.fr\/en\/","logo":{"@type":"ImageObject","inLanguage":"en-US","@id":"https:\/\/www.gerep.fr\/en\/#\/schema\/logo\/image\/","url":"https:\/\/www.gerep.fr\/wp-content\/uploads\/2023\/07\/logo-Gerep.jpg","contentUrl":"https:\/\/www.gerep.fr\/wp-content\/uploads\/2023\/07\/logo-Gerep.jpg","width":640,"height":480,"caption":"Gerep"},"image":{"@id":"https:\/\/www.gerep.fr\/en\/#\/schema\/logo\/image\/"},"sameAs":["https:\/\/x.com\/Gerep_Social"]}]}},"_links":{"self":[{"href":"https:\/\/www.gerep.fr\/en\/wp-json\/wp\/v2\/pages\/9625","targetHints":{"allow":["GET"]}}],"collection":[{"href":"https:\/\/www.gerep.fr\/en\/wp-json\/wp\/v2\/pages"}],"about":[{"href":"https:\/\/www.gerep.fr\/en\/wp-json\/wp\/v2\/types\/page"}],"author":[{"embeddable":true,"href":"https:\/\/www.gerep.fr\/en\/wp-json\/wp\/v2\/users\/2"}],"replies":[{"embeddable":true,"href":"https:\/\/www.gerep.fr\/en\/wp-json\/wp\/v2\/comments?post=9625"}],"version-history":[{"count":3,"href":"https:\/\/www.gerep.fr\/en\/wp-json\/wp\/v2\/pages\/9625\/revisions"}],"predecessor-version":[{"id":10358,"href":"https:\/\/www.gerep.fr\/en\/wp-json\/wp\/v2\/pages\/9625\/revisions\/10358"}],"wp:featuredmedia":[{"embeddable":true,"href":"https:\/\/www.gerep.fr\/en\/wp-json\/wp\/v2\/media\/6552"}],"wp:attachment":[{"href":"https:\/\/www.gerep.fr\/en\/wp-json\/wp\/v2\/media?parent=9625"}],"curies":[{"name":"wp","href":"https:\/\/api.w.org\/{rel}","templated":true}]}}