{"id":9628,"date":"2023-08-08T10:38:07","date_gmt":"2023-08-08T08:38:07","guid":{"rendered":"https:\/\/www.gerep.fr\/our-expertise-in-social-protection\/social-protection-audit-supporting-your-social-performance\/"},"modified":"2024-11-19T11:06:33","modified_gmt":"2024-11-19T10:06:33","slug":"social-protection-audit-supporting-your-social-performance","status":"publish","type":"page","link":"https:\/\/www.gerep.fr\/en\/our-expertise-in-social-protection\/social-protection-audit-supporting-your-social-performance\/","title":{"rendered":"Social Protection Audit: Supporting your social performance"},"content":{"rendered":"\n\n\t\t<h2>\n\t\t\tOur advice for your social performance \n\t\t<\/h2>\n\t<p>At Gerep, we contribute to your social performance through our consultancy approach. <\/p>\n<p>Indeed, the implementation of health, welfare, retirement, and employee savings plans allows your employees to thrive in an environment that secures and facilitates their daily lives.  <\/p>\n\t\t\t\t\t\t\t\t\t<img decoding=\"async\" src=\"https:\/\/www.gerep.fr\/wp-content\/uploads\/2023\/08\/AdobeStock_211560957-scaled.jpeg\" alt=\"AdobeStock 211560957 scaled\" itemprop=\"image\" height=\"380\" width=\"570\" srcset=\"https:\/\/www.gerep.fr\/wp-content\/uploads\/2023\/08\/AdobeStock_211560957-scaled.jpeg 570w, https:\/\/www.gerep.fr\/wp-content\/uploads\/2023\/08\/AdobeStock_211560957-2048x1365.jpeg 2048w, https:\/\/www.gerep.fr\/wp-content\/uploads\/2023\/08\/AdobeStock_211560957-300x200.jpeg 300w, https:\/\/www.gerep.fr\/wp-content\/uploads\/2023\/08\/AdobeStock_211560957-768x512.jpeg 768w, https:\/\/www.gerep.fr\/wp-content\/uploads\/2023\/08\/AdobeStock_211560957-1024x683.jpeg 1024w, https:\/\/www.gerep.fr\/wp-content\/uploads\/2023\/08\/AdobeStock_211560957-1536x1024.jpeg 1536w\" sizes=\"(max-width: 570px) 100vw, 570px\" title=\"AdobeStock 211560957 scaled\" onerror=\"this.style.display='none'\"  \/>\n\t\t<h2>\n\t\t\tFocus on your human capital,<br \/>we&#8217;ll take care of the rest!\n\t\t<\/h2>\n\t<p>Our global approach enables us to provide you with the best possible support in setting up and managing your systems at different stages.  <\/p>\n\t\t\t\t<h3 itemprop=\"name description\">Audit the performance of your contracts <\/h3>\n\t\t\t\t<p>We conduct an in-depth study of your health, welfare, retirement, and employee savings plans to verify their relevance to your strategic objectives, constraints, and the needs of your employees. We also ensure your regulatory compliance! <\/p>\n<p>In addition, <strong>our technical audit enables us to benchmark your cover<\/strong>, <strong>analyse your costs and study your technical accounts.<\/strong> <\/p>\n<p><strong>Our <\/strong><strong>aim<\/strong>: to provide you with relevant, <strong>cost-effective social protection<\/strong>.<\/p>\n\t\t\t\t<h3 itemprop=\"name description\">Give you our negotiating strength <\/h3>\n\t\t\t\t<p>Once the audit has been finalized and your needs defined, we will put out a <strong>call for insurance tenders<\/strong> to find your risk carrier <\/p>\n<p>Various criteria come into play: price, services offered to your employees, compliance with specifications, etc. <\/p>\n<p>As a <strong>company with a mission<\/strong>, we have developed an ESG (Environmental, Social and Governance) insurance benchmark that enables you to choose a company that matches your values. <\/p>\n<p><strong>Thanks to our 350 million in premiums and assets<\/strong> under management and our projections on the health of your contracts, <strong>you benefit from our negotiating strength.<\/strong><\/p>\n\t\t\t\t<h3 itemprop=\"name description\">Ensure your legal and regulatory compliance <\/h3>\n\t\t\t\t<p>Updating your DUE or collective agreements, URSAF compliance, etc. Thanks to our legal and regulatory watch,<strong> we can ensure that your contracts are compliant.<\/strong> <\/p>\n<p>We also anticipate the budgetary impact of these changes for you and your employees.  <\/p>\n\t\t\t\t<h3 itemprop=\"name description\">Technical reporting: results that speak for you <\/h3>\n\t\t\t\t<p><strong>Our technical reporting <\/strong>enables you <strong>to calculate the performance of your social protection.<\/strong> <\/p>\n<ul>\n<li>What is the demographics of my workforce? <\/li>\n<li>How much will they have to pay? <\/li>\n<li>Are my guarantees still effective? <\/li>\n<li>Are the services being used? <\/li>\n<\/ul>\n<p>Our experts will give you a summary.  <\/p>\n<p>In addition, we have developed a<strong> digital dashboard that gives you real-time access<\/strong> to the utilisation rate of your healthcare costs contract, the consumption of your employees, or your work stoppage rate, etc. <\/p>\n\t\t\t\t<h3 itemprop=\"name description\">Enhancing your employer brand through HR communications<\/h3>\n\t\t\t\t<p><strong>Our aim is to support you in the social dialogue with your employees.<\/strong> Depending on your needs, we run committees and social and economic committees (CSE). Our aim is to encourage consultation and find solutions that meet everyone&#8217;s needs.  <\/p>\n<p><strong>To strengthen your employer brand<\/strong>, we can help you promote the social benefits available to your employees.<\/p>\n<p> We can help you communicate clearly and attractively about health, provident schemes and supplementary pensions, to boost your appeal and retain your employees. <\/p>\n\t\t<h2>\n\t\t\tWhy are you going to love us? \n\t\t<\/h2>\n\t<p>Your online Gerep space will become your best ally. You can <strong>enrol <\/strong>a new employee in your contract in just<strong> 3 clicks<\/strong>, or even <strong>automatically<\/strong>, depending on your payroll editor. Among other things, you&#8217;ll be able to track your current work stoppages. Your employees will also have their own space. Would you like to see what it will look like? <\/p>\n\t<a href=\"https:\/\/www.gerep.fr\/en\/our-expertise-in-social-protection\/health-and-welfare-manager-to-make-life-easier-for-policyholders\/\" target=\"_self\" role=\"button\" aria-label=\"Find out more about our Find out more about our management management\" title=\"Titre du bouton\">\n\t\t\t\t\t\tFind out more about our Find out more about our management management\n\t\t\t\t\t<\/a>\n\t\t<h2>\n\t\t\tDo you have HR problems? We could have the solution  \n\t\t<\/h2>\n\t<p>Happy employees are half as likely to be ill and six times less likely to be absent &#8230; not to mention more productive.  <\/p>\n<p>At Gerep, we have tools that allow you to study your absenteeism, or calculate your employees&#8217; engagement rate. And to put in place an action plan, of course!  These are real assets in managing your human resources policy. They will help you to produce relevant KPIs. <\/p>\n\t<a href=\"https:\/\/www.gerep.fr\/en\/our-expertise-in-social-protection\/our-social-protection-services\/\" target=\"_self\" role=\"button\" aria-label=\"See our services\" title=\"Titre du bouton\">\n\t\t\t\t\t\tSee our services\n\t\t\t\t\t<\/a>\n\t\t\t\t\t\t\t\t\t<img decoding=\"async\" src=\"https:\/\/www.gerep.fr\/wp-content\/uploads\/2023\/08\/AdobeStock_569504463-scaled.jpeg\" alt=\"AdobeStock 569504463 scaled\" itemprop=\"image\" height=\"380\" width=\"570\" srcset=\"https:\/\/www.gerep.fr\/wp-content\/uploads\/2023\/08\/AdobeStock_569504463-scaled.jpeg 570w, https:\/\/www.gerep.fr\/wp-content\/uploads\/2023\/08\/AdobeStock_569504463-300x200.jpeg 300w, https:\/\/www.gerep.fr\/wp-content\/uploads\/2023\/08\/AdobeStock_569504463-768x512.jpeg 768w, https:\/\/www.gerep.fr\/wp-content\/uploads\/2023\/08\/AdobeStock_569504463-1024x683.jpeg 1024w, https:\/\/www.gerep.fr\/wp-content\/uploads\/2023\/08\/AdobeStock_569504463-1536x1025.jpeg 1536w, https:\/\/www.gerep.fr\/wp-content\/uploads\/2023\/08\/AdobeStock_569504463-2048x1366.jpeg 2048w\" sizes=\"(max-width: 570px) 100vw, 570px\" title=\"AdobeStock 569504463 scaled\" onerror=\"this.style.display='none'\"  \/>\n\n","protected":false},"excerpt":{"rendered":"<p>Our advice for your social performance At Gerep, we contribute to your social performance through our consultancy approach. Indeed, the implementation of health, welfare, retirement, and employee savings plans allows your employees to thrive in an environment that secures and facilitates their daily lives. Focus on your human capital,we&#8217;ll take care of the rest! Our&hellip;<\/p>\n","protected":false},"author":2,"featured_media":6587,"parent":9625,"menu_order":0,"comment_status":"closed","ping_status":"closed","template":"","meta":{"_acf_changed":false,"content-type":"","footnotes":""},"class_list":["post-9628","page","type-page","status-publish","has-post-thumbnail","hentry"],"acf":[],"yoast_head":"<!-- This site is optimized with the Yoast SEO Premium plugin v27.3 (Yoast SEO v27.4) - https:\/\/yoast.com\/product\/yoast-seo-premium-wordpress\/ -->\n<title>Social Protection Audit: Improving your social performance<\/title>\n<meta name=\"description\" content=\"Optimise your company&#039;s social performance with our expert support. Tailor-made solutions for lasting success.\" \/>\n<meta name=\"robots\" content=\"index, follow, max-snippet:-1, max-image-preview:large, max-video-preview:-1\" \/>\n<link rel=\"canonical\" href=\"https:\/\/www.gerep.fr\/en\/our-expertise-in-social-protection\/social-protection-audit-supporting-your-social-performance\/\" \/>\n<meta property=\"og:locale\" content=\"en_US\" \/>\n<meta property=\"og:type\" content=\"article\" \/>\n<meta property=\"og:title\" content=\"Social Protection Audit: Supporting your social performance\" \/>\n<meta property=\"og:description\" content=\"Optimise your company&#039;s social performance with our expert support. Tailor-made solutions for lasting success.\" \/>\n<meta property=\"og:url\" content=\"https:\/\/www.gerep.fr\/en\/our-expertise-in-social-protection\/social-protection-audit-supporting-your-social-performance\/\" \/>\n<meta property=\"og:site_name\" content=\"Gerep\" \/>\n<meta property=\"article:modified_time\" content=\"2024-11-19T10:06:33+00:00\" \/>\n<meta property=\"og:image\" content=\"https:\/\/www.gerep.fr\/wp-content\/uploads\/2023\/08\/Negociation-1.jpg\" \/>\n\t<meta property=\"og:image:width\" content=\"2048\" \/>\n\t<meta property=\"og:image:height\" content=\"1366\" \/>\n\t<meta property=\"og:image:type\" content=\"image\/jpeg\" \/>\n<meta name=\"twitter:card\" content=\"summary_large_image\" \/>\n<meta name=\"twitter:site\" content=\"@Gerep_Social\" \/>\n<meta name=\"twitter:label1\" content=\"Est. reading time\" \/>\n\t<meta name=\"twitter:data1\" content=\"4 minutes\" \/>\n<script type=\"application\/ld+json\" class=\"yoast-schema-graph\">{\"@context\":\"https:\\\/\\\/schema.org\",\"@graph\":[{\"@type\":\"WebPage\",\"@id\":\"https:\\\/\\\/www.gerep.fr\\\/en\\\/our-expertise-in-social-protection\\\/social-protection-audit-supporting-your-social-performance\\\/\",\"url\":\"https:\\\/\\\/www.gerep.fr\\\/en\\\/our-expertise-in-social-protection\\\/social-protection-audit-supporting-your-social-performance\\\/\",\"name\":\"Social Protection Audit: Improving your social performance\",\"isPartOf\":{\"@id\":\"https:\\\/\\\/www.gerep.fr\\\/en\\\/#website\"},\"primaryImageOfPage\":{\"@id\":\"https:\\\/\\\/www.gerep.fr\\\/en\\\/our-expertise-in-social-protection\\\/social-protection-audit-supporting-your-social-performance\\\/#primaryimage\"},\"image\":{\"@id\":\"https:\\\/\\\/www.gerep.fr\\\/en\\\/our-expertise-in-social-protection\\\/social-protection-audit-supporting-your-social-performance\\\/#primaryimage\"},\"thumbnailUrl\":\"https:\\\/\\\/www.gerep.fr\\\/wp-content\\\/uploads\\\/2023\\\/08\\\/Negociation-1.jpg\",\"datePublished\":\"2023-08-08T08:38:07+00:00\",\"dateModified\":\"2024-11-19T10:06:33+00:00\",\"description\":\"Optimise your company's social performance with our expert support. Tailor-made solutions for lasting success.\",\"breadcrumb\":{\"@id\":\"https:\\\/\\\/www.gerep.fr\\\/en\\\/our-expertise-in-social-protection\\\/social-protection-audit-supporting-your-social-performance\\\/#breadcrumb\"},\"inLanguage\":\"en-US\",\"potentialAction\":[{\"@type\":\"ReadAction\",\"target\":[\"https:\\\/\\\/www.gerep.fr\\\/en\\\/our-expertise-in-social-protection\\\/social-protection-audit-supporting-your-social-performance\\\/\"]}]},{\"@type\":\"ImageObject\",\"inLanguage\":\"en-US\",\"@id\":\"https:\\\/\\\/www.gerep.fr\\\/en\\\/our-expertise-in-social-protection\\\/social-protection-audit-supporting-your-social-performance\\\/#primaryimage\",\"url\":\"https:\\\/\\\/www.gerep.fr\\\/wp-content\\\/uploads\\\/2023\\\/08\\\/Negociation-1.jpg\",\"contentUrl\":\"https:\\\/\\\/www.gerep.fr\\\/wp-content\\\/uploads\\\/2023\\\/08\\\/Negociation-1.jpg\",\"width\":2048,\"height\":1366,\"caption\":\"Negociation 1\"},{\"@type\":\"BreadcrumbList\",\"@id\":\"https:\\\/\\\/www.gerep.fr\\\/en\\\/our-expertise-in-social-protection\\\/social-protection-audit-supporting-your-social-performance\\\/#breadcrumb\",\"itemListElement\":[{\"@type\":\"ListItem\",\"position\":1,\"name\":\"Homepage\",\"item\":\"https:\\\/\\\/www.gerep.fr\\\/en\\\/home\\\/\"},{\"@type\":\"ListItem\",\"position\":2,\"name\":\"Our expertise in social protection\",\"item\":\"https:\\\/\\\/www.gerep.fr\\\/en\\\/our-expertise-in-social-protection\\\/\"},{\"@type\":\"ListItem\",\"position\":3,\"name\":\"Social Protection Audit: Supporting your social performance\"}]},{\"@type\":\"WebSite\",\"@id\":\"https:\\\/\\\/www.gerep.fr\\\/en\\\/#website\",\"url\":\"https:\\\/\\\/www.gerep.fr\\\/en\\\/\",\"name\":\"Gerep\",\"description\":\"Courtier et Gestionnaire, Gerep est une soci\u00e9t\u00e9 de conseil en Protection Sociale. Expert en sant\u00e9, pr\u00e9voyance, retraite, QVCT et \u00e9pargne salariale\",\"publisher\":{\"@id\":\"https:\\\/\\\/www.gerep.fr\\\/en\\\/#organization\"},\"potentialAction\":[{\"@type\":\"SearchAction\",\"target\":{\"@type\":\"EntryPoint\",\"urlTemplate\":\"https:\\\/\\\/www.gerep.fr\\\/en\\\/?s={search_term_string}\"},\"query-input\":{\"@type\":\"PropertyValueSpecification\",\"valueRequired\":true,\"valueName\":\"search_term_string\"}}],\"inLanguage\":\"en-US\"},{\"@type\":\"Organization\",\"@id\":\"https:\\\/\\\/www.gerep.fr\\\/en\\\/#organization\",\"name\":\"Gerep\",\"url\":\"https:\\\/\\\/www.gerep.fr\\\/en\\\/\",\"logo\":{\"@type\":\"ImageObject\",\"inLanguage\":\"en-US\",\"@id\":\"https:\\\/\\\/www.gerep.fr\\\/en\\\/#\\\/schema\\\/logo\\\/image\\\/\",\"url\":\"https:\\\/\\\/www.gerep.fr\\\/wp-content\\\/uploads\\\/2023\\\/07\\\/logo-Gerep.jpg\",\"contentUrl\":\"https:\\\/\\\/www.gerep.fr\\\/wp-content\\\/uploads\\\/2023\\\/07\\\/logo-Gerep.jpg\",\"width\":640,\"height\":480,\"caption\":\"Gerep\"},\"image\":{\"@id\":\"https:\\\/\\\/www.gerep.fr\\\/en\\\/#\\\/schema\\\/logo\\\/image\\\/\"},\"sameAs\":[\"https:\\\/\\\/x.com\\\/Gerep_Social\"]}]}<\/script>\n<!-- \/ Yoast SEO Premium plugin. -->","yoast_head_json":{"title":"Social Protection Audit: Improving your social performance","description":"Optimise your company's social performance with our expert support. Tailor-made solutions for lasting success.","robots":{"index":"index","follow":"follow","max-snippet":"max-snippet:-1","max-image-preview":"max-image-preview:large","max-video-preview":"max-video-preview:-1"},"canonical":"https:\/\/www.gerep.fr\/en\/our-expertise-in-social-protection\/social-protection-audit-supporting-your-social-performance\/","og_locale":"en_US","og_type":"article","og_title":"Social Protection Audit: Supporting your social performance","og_description":"Optimise your company's social performance with our expert support. Tailor-made solutions for lasting success.","og_url":"https:\/\/www.gerep.fr\/en\/our-expertise-in-social-protection\/social-protection-audit-supporting-your-social-performance\/","og_site_name":"Gerep","article_modified_time":"2024-11-19T10:06:33+00:00","og_image":[{"width":2048,"height":1366,"url":"https:\/\/www.gerep.fr\/wp-content\/uploads\/2023\/08\/Negociation-1.jpg","type":"image\/jpeg"}],"twitter_card":"summary_large_image","twitter_site":"@Gerep_Social","twitter_misc":{"Est. reading time":"4 minutes"},"schema":{"@context":"https:\/\/schema.org","@graph":[{"@type":"WebPage","@id":"https:\/\/www.gerep.fr\/en\/our-expertise-in-social-protection\/social-protection-audit-supporting-your-social-performance\/","url":"https:\/\/www.gerep.fr\/en\/our-expertise-in-social-protection\/social-protection-audit-supporting-your-social-performance\/","name":"Social Protection Audit: Improving your social performance","isPartOf":{"@id":"https:\/\/www.gerep.fr\/en\/#website"},"primaryImageOfPage":{"@id":"https:\/\/www.gerep.fr\/en\/our-expertise-in-social-protection\/social-protection-audit-supporting-your-social-performance\/#primaryimage"},"image":{"@id":"https:\/\/www.gerep.fr\/en\/our-expertise-in-social-protection\/social-protection-audit-supporting-your-social-performance\/#primaryimage"},"thumbnailUrl":"https:\/\/www.gerep.fr\/wp-content\/uploads\/2023\/08\/Negociation-1.jpg","datePublished":"2023-08-08T08:38:07+00:00","dateModified":"2024-11-19T10:06:33+00:00","description":"Optimise your company's social performance with our expert support. Tailor-made solutions for lasting success.","breadcrumb":{"@id":"https:\/\/www.gerep.fr\/en\/our-expertise-in-social-protection\/social-protection-audit-supporting-your-social-performance\/#breadcrumb"},"inLanguage":"en-US","potentialAction":[{"@type":"ReadAction","target":["https:\/\/www.gerep.fr\/en\/our-expertise-in-social-protection\/social-protection-audit-supporting-your-social-performance\/"]}]},{"@type":"ImageObject","inLanguage":"en-US","@id":"https:\/\/www.gerep.fr\/en\/our-expertise-in-social-protection\/social-protection-audit-supporting-your-social-performance\/#primaryimage","url":"https:\/\/www.gerep.fr\/wp-content\/uploads\/2023\/08\/Negociation-1.jpg","contentUrl":"https:\/\/www.gerep.fr\/wp-content\/uploads\/2023\/08\/Negociation-1.jpg","width":2048,"height":1366,"caption":"Negociation 1"},{"@type":"BreadcrumbList","@id":"https:\/\/www.gerep.fr\/en\/our-expertise-in-social-protection\/social-protection-audit-supporting-your-social-performance\/#breadcrumb","itemListElement":[{"@type":"ListItem","position":1,"name":"Homepage","item":"https:\/\/www.gerep.fr\/en\/home\/"},{"@type":"ListItem","position":2,"name":"Our expertise in social protection","item":"https:\/\/www.gerep.fr\/en\/our-expertise-in-social-protection\/"},{"@type":"ListItem","position":3,"name":"Social Protection Audit: Supporting your social performance"}]},{"@type":"WebSite","@id":"https:\/\/www.gerep.fr\/en\/#website","url":"https:\/\/www.gerep.fr\/en\/","name":"Gerep","description":"Courtier et Gestionnaire, Gerep est une soci\u00e9t\u00e9 de conseil en Protection Sociale. Expert en sant\u00e9, pr\u00e9voyance, retraite, QVCT et \u00e9pargne salariale","publisher":{"@id":"https:\/\/www.gerep.fr\/en\/#organization"},"potentialAction":[{"@type":"SearchAction","target":{"@type":"EntryPoint","urlTemplate":"https:\/\/www.gerep.fr\/en\/?s={search_term_string}"},"query-input":{"@type":"PropertyValueSpecification","valueRequired":true,"valueName":"search_term_string"}}],"inLanguage":"en-US"},{"@type":"Organization","@id":"https:\/\/www.gerep.fr\/en\/#organization","name":"Gerep","url":"https:\/\/www.gerep.fr\/en\/","logo":{"@type":"ImageObject","inLanguage":"en-US","@id":"https:\/\/www.gerep.fr\/en\/#\/schema\/logo\/image\/","url":"https:\/\/www.gerep.fr\/wp-content\/uploads\/2023\/07\/logo-Gerep.jpg","contentUrl":"https:\/\/www.gerep.fr\/wp-content\/uploads\/2023\/07\/logo-Gerep.jpg","width":640,"height":480,"caption":"Gerep"},"image":{"@id":"https:\/\/www.gerep.fr\/en\/#\/schema\/logo\/image\/"},"sameAs":["https:\/\/x.com\/Gerep_Social"]}]}},"_links":{"self":[{"href":"https:\/\/www.gerep.fr\/en\/wp-json\/wp\/v2\/pages\/9628","targetHints":{"allow":["GET"]}}],"collection":[{"href":"https:\/\/www.gerep.fr\/en\/wp-json\/wp\/v2\/pages"}],"about":[{"href":"https:\/\/www.gerep.fr\/en\/wp-json\/wp\/v2\/types\/page"}],"author":[{"embeddable":true,"href":"https:\/\/www.gerep.fr\/en\/wp-json\/wp\/v2\/users\/2"}],"replies":[{"embeddable":true,"href":"https:\/\/www.gerep.fr\/en\/wp-json\/wp\/v2\/comments?post=9628"}],"version-history":[{"count":3,"href":"https:\/\/www.gerep.fr\/en\/wp-json\/wp\/v2\/pages\/9628\/revisions"}],"predecessor-version":[{"id":11135,"href":"https:\/\/www.gerep.fr\/en\/wp-json\/wp\/v2\/pages\/9628\/revisions\/11135"}],"up":[{"embeddable":true,"href":"https:\/\/www.gerep.fr\/en\/wp-json\/wp\/v2\/pages\/9625"}],"wp:featuredmedia":[{"embeddable":true,"href":"https:\/\/www.gerep.fr\/en\/wp-json\/wp\/v2\/media\/6587"}],"wp:attachment":[{"href":"https:\/\/www.gerep.fr\/en\/wp-json\/wp\/v2\/media?parent=9628"}],"curies":[{"name":"wp","href":"https:\/\/api.w.org\/{rel}","templated":true}]}}