{"id":9883,"date":"2016-05-25T15:42:16","date_gmt":"2016-05-25T13:42:16","guid":{"rendered":"https:\/\/www.gerep.fr\/contact\/"},"modified":"2024-10-17T11:37:08","modified_gmt":"2024-10-17T09:37:08","slug":"contact","status":"publish","type":"page","link":"https:\/\/www.gerep.fr\/en\/contact\/","title":{"rendered":"Contact"},"content":{"rendered":"\n\n\t<nav id=\"breadcrumbs\" aria-label=\"Breadcrumbs\"><a href=\"https:\/\/www.gerep.fr\/en\/\">Homepage<\/a> &gt; <strong>Contact<\/strong><\/nav>\n\t<h1>\n\t\t\t\tContact us\n\t\t\t<\/h1>\n\t\t<h2>\n\t\t\tYOUR MEMBER ACCOUNT\n\t\t<\/h2>\n<p>For all requests relating to the management of your healthcare reimbursements, log on to your online policyholder area.<\/p>\n\t<a href=\"https:\/\/services.gerep.fr\/particuliers\" target=\"_blank\" role=\"button\" rel=\"noopener\" aria-label=\"ACCESS MY MEMBER ACCOUNT\" title=\"Titre du bouton\">\n\t\t\t\t\t\tACCESS MY MEMBER ACCOUNT\n\t\t\t\t\t<\/a>\n\t<p><em>If you wish to make a complaint about our health and welfare services, <a href=\"https:\/\/www.gerep.fr\/reclamation\/\">click here<\/a>.<\/em><\/p>\n\t<ul>\n\t\t\t<li>\n\t\t\t\t4, rue de Vienne &#8211; CS 40001 75378 Paris Cedex 08 &#8211; France\n\t\t\t<\/li>\n\t\t<\/ul>\n\t<ul>\n\t\t\t<li>\n\t\t\t\t<a data-trk-click-tel=\"01 45 22 52 53\" href=\"tel:+33145225253\">01 45 22 52 53<\/a>\n\t\t\t<\/li>\n\t\t<\/ul>\n    <a target=\"_blank\" data-trk-social=\"linkedin\" href=\"https:\/\/www.linkedin.com\/company\/gerep\/\" rel=\"noopener\"><\/a>\n    <a target=\"_blank\" data-trk-social=\"twitter\" href=\"https:\/\/twitter.com\/Gerep_Social\" rel=\"noopener\"><\/a>\n\t<iframe src=\"https:\/\/www.google.com\/maps\/embed\/v1\/place?q=4%2C+rue+de+Vienne+-+CS+40001+75378+Paris+Cedex+08+-+France&#038;key=AIzaSyD09zQ9PNDNNy9TadMuzRV_UsPUoWKntt8\" aria-hidden=\"true\"><\/iframe>\n\n","protected":false},"excerpt":{"rendered":"<p>Homepage &gt; Contact Contact us YOUR MEMBER ACCOUNT For all requests relating to the management of your healthcare reimbursements, log on to your online policyholder area. ACCESS MY MEMBER ACCOUNT If you wish to make a complaint about our health and welfare services, click here. 4, rue de Vienne &#8211; CS 40001 75378 Paris Cedex&hellip;<\/p>\n","protected":false},"author":2,"featured_media":0,"parent":0,"menu_order":0,"comment_status":"closed","ping_status":"closed","template":"","meta":{"_acf_changed":false,"content-type":"","footnotes":""},"class_list":["post-9883","page","type-page","status-publish","hentry"],"acf":[],"yoast_head":"<!-- This site is optimized with the Yoast SEO Premium plugin v27.3 (Yoast SEO v27.4) - https:\/\/yoast.com\/product\/yoast-seo-premium-wordpress\/ -->\n<title>Contact - Gerep<\/title>\n<meta name=\"description\" content=\"Homepage &gt; Contact Contact us YOUR MEMBER ACCOUNT For all requests relating to the management of your healthcare reimbursements, log on to your online\" \/>\n<meta name=\"robots\" content=\"index, follow, max-snippet:-1, max-image-preview:large, max-video-preview:-1\" \/>\n<link rel=\"canonical\" href=\"https:\/\/www.gerep.fr\/en\/contact\/\" \/>\n<meta property=\"og:locale\" content=\"en_US\" \/>\n<meta property=\"og:type\" content=\"article\" \/>\n<meta property=\"og:title\" content=\"Contact\" \/>\n<meta property=\"og:description\" content=\"Homepage &gt; Contact Contact us YOUR MEMBER ACCOUNT For all requests relating to the management of your healthcare reimbursements, log on to your online\" \/>\n<meta property=\"og:url\" content=\"https:\/\/www.gerep.fr\/en\/contact\/\" \/>\n<meta property=\"og:site_name\" content=\"Gerep\" \/>\n<meta property=\"article:modified_time\" content=\"2024-10-17T09:37:08+00:00\" \/>\n<meta property=\"og:image\" content=\"https:\/\/www.gerep.fr\/wp-content\/uploads\/2023\/07\/logo-Gerep.jpg\" \/>\n\t<meta property=\"og:image:width\" content=\"640\" \/>\n\t<meta property=\"og:image:height\" content=\"480\" \/>\n\t<meta property=\"og:image:type\" content=\"image\/jpeg\" \/>\n<meta name=\"twitter:card\" content=\"summary_large_image\" \/>\n<meta name=\"twitter:site\" content=\"@Gerep_Social\" \/>\n<meta name=\"twitter:label1\" content=\"Est. reading time\" \/>\n\t<meta name=\"twitter:data1\" content=\"1 minute\" \/>\n<script type=\"application\/ld+json\" class=\"yoast-schema-graph\">{\"@context\":\"https:\\\/\\\/schema.org\",\"@graph\":[{\"@type\":\"WebPage\",\"@id\":\"https:\\\/\\\/www.gerep.fr\\\/en\\\/contact\\\/\",\"url\":\"https:\\\/\\\/www.gerep.fr\\\/en\\\/contact\\\/\",\"name\":\"Contact - Gerep\",\"isPartOf\":{\"@id\":\"https:\\\/\\\/www.gerep.fr\\\/en\\\/#website\"},\"datePublished\":\"2016-05-25T13:42:16+00:00\",\"dateModified\":\"2024-10-17T09:37:08+00:00\",\"description\":\"Homepage &gt; Contact Contact us YOUR MEMBER ACCOUNT For all requests relating to the management of your healthcare reimbursements, log on to your online\",\"breadcrumb\":{\"@id\":\"https:\\\/\\\/www.gerep.fr\\\/en\\\/contact\\\/#breadcrumb\"},\"inLanguage\":\"en-US\",\"potentialAction\":[{\"@type\":\"ReadAction\",\"target\":[\"https:\\\/\\\/www.gerep.fr\\\/en\\\/contact\\\/\"]}]},{\"@type\":\"BreadcrumbList\",\"@id\":\"https:\\\/\\\/www.gerep.fr\\\/en\\\/contact\\\/#breadcrumb\",\"itemListElement\":[{\"@type\":\"ListItem\",\"position\":1,\"name\":\"Homepage\",\"item\":\"https:\\\/\\\/www.gerep.fr\\\/en\\\/home\\\/\"},{\"@type\":\"ListItem\",\"position\":2,\"name\":\"Contact\"}]},{\"@type\":\"WebSite\",\"@id\":\"https:\\\/\\\/www.gerep.fr\\\/en\\\/#website\",\"url\":\"https:\\\/\\\/www.gerep.fr\\\/en\\\/\",\"name\":\"Gerep\",\"description\":\"Courtier et Gestionnaire, Gerep est une soci\u00e9t\u00e9 de conseil en Protection Sociale. Expert en sant\u00e9, pr\u00e9voyance, retraite, QVCT et \u00e9pargne salariale\",\"publisher\":{\"@id\":\"https:\\\/\\\/www.gerep.fr\\\/en\\\/#organization\"},\"potentialAction\":[{\"@type\":\"SearchAction\",\"target\":{\"@type\":\"EntryPoint\",\"urlTemplate\":\"https:\\\/\\\/www.gerep.fr\\\/en\\\/?s={search_term_string}\"},\"query-input\":{\"@type\":\"PropertyValueSpecification\",\"valueRequired\":true,\"valueName\":\"search_term_string\"}}],\"inLanguage\":\"en-US\"},{\"@type\":\"Organization\",\"@id\":\"https:\\\/\\\/www.gerep.fr\\\/en\\\/#organization\",\"name\":\"Gerep\",\"url\":\"https:\\\/\\\/www.gerep.fr\\\/en\\\/\",\"logo\":{\"@type\":\"ImageObject\",\"inLanguage\":\"en-US\",\"@id\":\"https:\\\/\\\/www.gerep.fr\\\/en\\\/#\\\/schema\\\/logo\\\/image\\\/\",\"url\":\"https:\\\/\\\/www.gerep.fr\\\/wp-content\\\/uploads\\\/2023\\\/07\\\/logo-Gerep.jpg\",\"contentUrl\":\"https:\\\/\\\/www.gerep.fr\\\/wp-content\\\/uploads\\\/2023\\\/07\\\/logo-Gerep.jpg\",\"width\":640,\"height\":480,\"caption\":\"Gerep\"},\"image\":{\"@id\":\"https:\\\/\\\/www.gerep.fr\\\/en\\\/#\\\/schema\\\/logo\\\/image\\\/\"},\"sameAs\":[\"https:\\\/\\\/x.com\\\/Gerep_Social\"]}]}<\/script>\n<!-- \/ Yoast SEO Premium plugin. -->","yoast_head_json":{"title":"Contact - Gerep","description":"Homepage &gt; Contact Contact us YOUR MEMBER ACCOUNT For all requests relating to the management of your healthcare reimbursements, log on to your online","robots":{"index":"index","follow":"follow","max-snippet":"max-snippet:-1","max-image-preview":"max-image-preview:large","max-video-preview":"max-video-preview:-1"},"canonical":"https:\/\/www.gerep.fr\/en\/contact\/","og_locale":"en_US","og_type":"article","og_title":"Contact","og_description":"Homepage &gt; Contact Contact us YOUR MEMBER ACCOUNT For all requests relating to the management of your healthcare reimbursements, log on to your online","og_url":"https:\/\/www.gerep.fr\/en\/contact\/","og_site_name":"Gerep","article_modified_time":"2024-10-17T09:37:08+00:00","og_image":[{"width":640,"height":480,"url":"https:\/\/www.gerep.fr\/wp-content\/uploads\/2023\/07\/logo-Gerep.jpg","type":"image\/jpeg"}],"twitter_card":"summary_large_image","twitter_site":"@Gerep_Social","twitter_misc":{"Est. reading time":"1 minute"},"schema":{"@context":"https:\/\/schema.org","@graph":[{"@type":"WebPage","@id":"https:\/\/www.gerep.fr\/en\/contact\/","url":"https:\/\/www.gerep.fr\/en\/contact\/","name":"Contact - Gerep","isPartOf":{"@id":"https:\/\/www.gerep.fr\/en\/#website"},"datePublished":"2016-05-25T13:42:16+00:00","dateModified":"2024-10-17T09:37:08+00:00","description":"Homepage &gt; Contact Contact us YOUR MEMBER ACCOUNT For all requests relating to the management of your healthcare reimbursements, log on to your online","breadcrumb":{"@id":"https:\/\/www.gerep.fr\/en\/contact\/#breadcrumb"},"inLanguage":"en-US","potentialAction":[{"@type":"ReadAction","target":["https:\/\/www.gerep.fr\/en\/contact\/"]}]},{"@type":"BreadcrumbList","@id":"https:\/\/www.gerep.fr\/en\/contact\/#breadcrumb","itemListElement":[{"@type":"ListItem","position":1,"name":"Homepage","item":"https:\/\/www.gerep.fr\/en\/home\/"},{"@type":"ListItem","position":2,"name":"Contact"}]},{"@type":"WebSite","@id":"https:\/\/www.gerep.fr\/en\/#website","url":"https:\/\/www.gerep.fr\/en\/","name":"Gerep","description":"Courtier et Gestionnaire, Gerep est une soci\u00e9t\u00e9 de conseil en Protection Sociale. Expert en sant\u00e9, pr\u00e9voyance, retraite, QVCT et \u00e9pargne salariale","publisher":{"@id":"https:\/\/www.gerep.fr\/en\/#organization"},"potentialAction":[{"@type":"SearchAction","target":{"@type":"EntryPoint","urlTemplate":"https:\/\/www.gerep.fr\/en\/?s={search_term_string}"},"query-input":{"@type":"PropertyValueSpecification","valueRequired":true,"valueName":"search_term_string"}}],"inLanguage":"en-US"},{"@type":"Organization","@id":"https:\/\/www.gerep.fr\/en\/#organization","name":"Gerep","url":"https:\/\/www.gerep.fr\/en\/","logo":{"@type":"ImageObject","inLanguage":"en-US","@id":"https:\/\/www.gerep.fr\/en\/#\/schema\/logo\/image\/","url":"https:\/\/www.gerep.fr\/wp-content\/uploads\/2023\/07\/logo-Gerep.jpg","contentUrl":"https:\/\/www.gerep.fr\/wp-content\/uploads\/2023\/07\/logo-Gerep.jpg","width":640,"height":480,"caption":"Gerep"},"image":{"@id":"https:\/\/www.gerep.fr\/en\/#\/schema\/logo\/image\/"},"sameAs":["https:\/\/x.com\/Gerep_Social"]}]}},"_links":{"self":[{"href":"https:\/\/www.gerep.fr\/en\/wp-json\/wp\/v2\/pages\/9883","targetHints":{"allow":["GET"]}}],"collection":[{"href":"https:\/\/www.gerep.fr\/en\/wp-json\/wp\/v2\/pages"}],"about":[{"href":"https:\/\/www.gerep.fr\/en\/wp-json\/wp\/v2\/types\/page"}],"author":[{"embeddable":true,"href":"https:\/\/www.gerep.fr\/en\/wp-json\/wp\/v2\/users\/2"}],"replies":[{"embeddable":true,"href":"https:\/\/www.gerep.fr\/en\/wp-json\/wp\/v2\/comments?post=9883"}],"version-history":[{"count":3,"href":"https:\/\/www.gerep.fr\/en\/wp-json\/wp\/v2\/pages\/9883\/revisions"}],"predecessor-version":[{"id":10396,"href":"https:\/\/www.gerep.fr\/en\/wp-json\/wp\/v2\/pages\/9883\/revisions\/10396"}],"wp:attachment":[{"href":"https:\/\/www.gerep.fr\/en\/wp-json\/wp\/v2\/media?parent=9883"}],"curies":[{"name":"wp","href":"https:\/\/api.w.org\/{rel}","templated":true}]}}