{"id":9885,"date":"2023-07-25T15:49:03","date_gmt":"2023-07-25T13:49:03","guid":{"rendered":"https:\/\/www.gerep.fr\/individual-social-report\/"},"modified":"2024-10-15T19:41:32","modified_gmt":"2024-10-15T17:41:32","slug":"individual-social-report","status":"publish","type":"page","link":"https:\/\/www.gerep.fr\/en\/our-expertise-in-social-protection\/our-social-protection-services\/individual-social-report\/","title":{"rendered":"Individual social report"},"content":{"rendered":"\n\n\t\t<h2>\n\t\t\tWhat is a BSI?  \n\t\t<\/h2>\n\t<p>Before going any further, it&#8217;s important to review the concept of the <strong>individual social report (bilan social individuel &#8211; BSI)<\/strong>, and first of all that of the social balance sheet. <strong>The social report <\/strong>is a <strong>mandatory<\/strong> legal document <strong>for companies with over 300 employees.<\/strong> It provides an overview of the company&#8217;s social situation. <\/p>\n<p>So <strong>what is the individual social report? <\/strong> <\/p>\nThis is an individual report which, unlike the social report, is not a mandatory document.<br \/>\nThe individual social report is a human resources management tool which lists all the remuneration and benefits received by the employee over the course of the year.  \n\t\t<h2>\n\t\t\tWhat is the content of an individual social report?\n\t\t<\/h2>\n\t<p>The <strong>individual digital social balance sheet<\/strong> contains a number of data on the employee: <\/p>\n<ul>\n<li data-leveltext=\"\uf0b7\" data-font=\"Symbol\" data-listid=\"1\" data-list-defn-props=\"{\"335552541\":1,\"335559684\":-2,\"335559685\":720,\"335559991\":360,\"469769226\":\"Symbol\",\"469769242\":[8226],\"469777803\":\"left\",\"469777804\":\"\uf0b7\",\"469777815\":\"multilevel\"}\" aria-setsize=\"-1\" data-aria-posinset=\"1\" data-aria-level=\"1\">Name of collaborator ; <\/li>\n<li data-leveltext=\"\uf0b7\" data-font=\"Symbol\" data-listid=\"1\" data-list-defn-props=\"{\"335552541\":1,\"335559684\":-2,\"335559685\":720,\"335559991\":360,\"469769226\":\"Symbol\",\"469769242\":[8226],\"469777803\":\"left\",\"469777804\":\"\uf0b7\",\"469777815\":\"multilevel\"}\" aria-setsize=\"-1\" data-aria-posinset=\"2\" data-aria-level=\"1\">Company name and address ; <\/li>\n<li data-leveltext=\"\uf0b7\" data-font=\"Symbol\" data-listid=\"1\" data-list-defn-props=\"{\"335552541\":1,\"335559684\":-2,\"335559685\":720,\"335559991\":360,\"469769226\":\"Symbol\",\"469769242\":[8226],\"469777803\":\"left\",\"469777804\":\"\uf0b7\",\"469777815\":\"multilevel\"}\" aria-setsize=\"-1\" data-aria-posinset=\"3\" data-aria-level=\"1\">Overall summary of his remuneration ; <\/li>\n<li data-leveltext=\"\uf0b7\" data-font=\"Symbol\" data-listid=\"1\" data-list-defn-props=\"{\"335552541\":1,\"335559684\":-2,\"335559685\":720,\"335559991\":360,\"469769226\":\"Symbol\",\"469769242\":[8226],\"469777803\":\"left\",\"469777804\":\"\uf0b7\",\"469777815\":\"multilevel\"}\" aria-setsize=\"-1\" data-aria-posinset=\"4\" data-aria-level=\"1\">Individual remuneration: fixed, contractual variable, all bonuses received (13th month, vacation bonuses, etc.); <\/li>\n<li data-leveltext=\"\uf0b7\" data-font=\"Symbol\" data-listid=\"1\" data-list-defn-props=\"{\"335552541\":1,\"335559684\":-2,\"335559685\":720,\"335559991\":360,\"469769226\":\"Symbol\",\"469769242\":[8226],\"469777803\":\"left\",\"469777804\":\"\uf0b7\",\"469777815\":\"multilevel\"}\" aria-setsize=\"-1\" data-aria-posinset=\"5\" data-aria-level=\"1\">Its collective remuneration and employee savings : profit-sharingprofit-sharing, savings plans (PEE, PERE-CO); <\/li>\n<li data-leveltext=\"\uf0b7\" data-font=\"Symbol\" data-listid=\"1\" data-list-defn-props=\"{\"335552541\":1,\"335559684\":-2,\"335559685\":720,\"335559991\":360,\"469769226\":\"Symbol\",\"469769242\":[8226],\"469777803\":\"left\",\"469777804\":\"\uf0b7\",\"469777815\":\"multilevel\"}\" aria-setsize=\"-1\" data-aria-posinset=\"5\" data-aria-level=\"1\">Summary of working hours: CET, RTT, all leave entitlements (special, unpaid, paid, etc.); <\/li>\n<li data-leveltext=\"\uf0b7\" data-font=\"Symbol\" data-listid=\"1\" data-list-defn-props=\"{\"335552541\":1,\"335559684\":-2,\"335559685\":720,\"335559991\":360,\"469769226\":\"Symbol\",\"469769242\":[8226],\"469777803\":\"left\",\"469777804\":\"\uf0b7\",\"469777815\":\"multilevel\"}\" aria-setsize=\"-1\" data-aria-posinset=\"5\" data-aria-level=\"1\">Employee benefits (catering, transport, vacation vouchers, accommodation, computer, company car, etc.); <\/li>\n<li data-leveltext=\"\uf0b7\" data-font=\"Symbol\" data-listid=\"1\" data-list-defn-props=\"{\"335552541\":1,\"335559684\":-2,\"335559685\":720,\"335559991\":360,\"469769226\":\"Symbol\",\"469769242\":[8226],\"469777803\":\"left\",\"469777804\":\"\uf0b7\",\"469777815\":\"multilevel\"}\" aria-setsize=\"-1\" data-aria-posinset=\"5\" data-aria-level=\"1\">Training rights (CPF, training courses taken). <\/li>\n<\/ul>\n\t\t<h2>\n\t\t\tWhy set up a digital individual social report?\n\t\t<\/h2>\n\t\t\t\t<h3 itemprop=\"name description\">Benefits for the company  <\/h3>\n\t\t\t\t<p>Setting up a <strong>digital individual social balance sheet<\/strong> has several advantages for the company. <\/p>\n<p>In fact, <strong>it&#8217;s an excellent way of enhancing your employer brand and building team loyalty.<\/strong> <\/p>\nThe digital BSI can present the company&#8217;s graphic charter, corporate culture and QWL  of the company, its CSR policy and its employee benefits (cr\u00e8che places, vacation vouchers, etc.).<br \/>\nThis tool enables you to highlight all the financial and non-financial benefits that make up your employee package.    \n<p>On the one hand, by promoting your actions and benefits, the ISB gives you the opportunity to be more competitive in an ultra-competitive market.  <\/p>\n<p>On the other hand, you&#8217;ll be able to <strong>raise awareness among candidates during the recruitment process, and even attract new talent. <\/strong> <\/p>\nIt also gives administrators the autonomy to easily modify or import data.<br \/>\nThe centralization and organization of information means that sharing between HR and managers is fluid and instantaneous.  \n<p>This communication tool provides a 360\u00b0 view of the previous year&#8217;s key data.  <strong>It is also a tool for attracting, retaining and engaging employees.<\/strong><\/p>\n\t\t\t\t<h3 itemprop=\"name description\">Employee benefits  <\/h3>\n\t\t\t\tThanks to the <strong>digitalized BSI<\/strong>, employees have access to a document summarizing details of their remuneration, training and benefits.<br \/>\nThis document also addresses the issue of QWL and time off.    \n<p>The data recorded in the <strong>Bilan social individuel digital can be used for annual performance reviews, salary renegotiations or job changes.<\/strong> By keeping his or her ISR, the employee can negotiate for similar services, or use it to promote his or her skills. <\/p>\n<p>Implementing an <strong>ISB<\/strong> means <strong>helping to improve the employee experience.<\/strong> <\/p>\n\t\t\t\t<h3 itemprop=\"name description\">How do you set up a digital ISB?  <\/h3>\n\t\t\t\t<p>When it comes to setting up an individual digital social audit, there are a number of steps to consider. <\/p>\n\t\t\t\t<h3 itemprop=\"name description\">Define the objectives of the individual digital social audit  <\/h3>\n\t\t\t\t<p>Before setting up an <strong>ISB<\/strong>, the first step is to <strong>define the precise objectives to be met by the assessment.<\/strong> <\/p>\nIt&#8217;s vital to identify the desired end goals of the digital ISR.<br \/>\nFor it is these objectives that will determine which elements should or should not be included in the digital ISR.  \n\t\t\t\t<h3 itemprop=\"name description\">Select the elements to be included in the digital ISB  <\/h3>\n\t\t\t\t<p>Once <strong>the objectives of the digital ISB<\/strong> have been defined, it&#8217;s essential to choose the elements that will be included. <\/p>\nTo begin with, enter the contact details of the employees and the company.<br \/>\nThen you can mention the different forms of   compensation and benefits received by the employee during the year.   \n<p>Finally, indicate your employee savings, working hours, accumulated training entitlements and training courses taken. <\/p>\n\t\t\t\t<h3 itemprop=\"name description\">Organize a communication plan  <\/h3>\n\t\t\t\tFinally, plan to communicate about the digital individual social report.<br \/>\nThis step is essential to ensure that your employees are aware of its usefulness, its objectives, how it can be used and the policy for protecting their personal data. \n<p>It&#8217;s only with the right communications plan in place that employees will feel comfortable using the ISB. <\/p>\n<p>The digital BSI can be handed out as soon as the employee joins the company, during salary negotiations or during an interview.   <\/p>\n\t\t\t\t\t\t\t\t\t<img decoding=\"async\" src=\"https:\/\/www.gerep.fr\/wp-content\/uploads\/2023\/08\/Groupe_de_travail2.jpg\" alt=\"Groupe de travail\" itemprop=\"image\" height=\"380\" width=\"570\" srcset=\"https:\/\/www.gerep.fr\/wp-content\/uploads\/2023\/08\/Groupe_de_travail2.jpg 570w, https:\/\/www.gerep.fr\/wp-content\/uploads\/2023\/08\/Groupe_de_travail2-300x200.jpg 300w, https:\/\/www.gerep.fr\/wp-content\/uploads\/2023\/08\/Groupe_de_travail2-768x512.jpg 768w, https:\/\/www.gerep.fr\/wp-content\/uploads\/2023\/08\/Groupe_de_travail2-1024x683.jpg 1024w, https:\/\/www.gerep.fr\/wp-content\/uploads\/2023\/08\/Groupe_de_travail2-1536x1024.jpg 1536w, https:\/\/www.gerep.fr\/wp-content\/uploads\/2023\/08\/Groupe_de_travail2-2048x1366.jpg 2048w\" sizes=\"(max-width: 570px) 100vw, 570px\" title=\"Groupe de travail\" onerror=\"this.style.display='none'\"  \/>\n\t<a href=\"https:\/\/www.gerep.fr\/en\/contact\/\" target=\"_self\" role=\"button\" aria-label=\"Contact us to set up an ISB  \" title=\"Titre du bouton\" rel=\"noopener\">\n\t\t\t\t\t\tContact us to set up an ISB  \n\t\t\t\t\t<\/a>\n\n","protected":false},"excerpt":{"rendered":"<p>What is a BSI? Before going any further, it&#8217;s important to review the concept of the individual social report (bilan social individuel &#8211; BSI), and first of all that of the social balance sheet. The social report is a mandatory legal document for companies with over 300 employees. It provides an overview of the company&#8217;s&hellip;<\/p>\n","protected":false},"author":2,"featured_media":6606,"parent":9890,"menu_order":0,"comment_status":"closed","ping_status":"closed","template":"","meta":{"_acf_changed":false,"content-type":"","footnotes":""},"class_list":["post-9885","page","type-page","status-publish","has-post-thumbnail","hentry"],"acf":[],"yoast_head":"<!-- This site is optimized with the Yoast SEO Premium plugin v27.3 (Yoast SEO v27.4) - https:\/\/yoast.com\/product\/yoast-seo-premium-wordpress\/ -->\n<title>Individual social report - Gerep<\/title>\n<meta name=\"description\" content=\"Evaluate personal performance with the individual social report and discover the importance of setting up an ISR in your company.\" \/>\n<meta name=\"robots\" content=\"index, follow, max-snippet:-1, max-image-preview:large, max-video-preview:-1\" \/>\n<link rel=\"canonical\" href=\"https:\/\/www.gerep.fr\/en\/our-expertise-in-social-protection\/our-social-protection-services\/individual-social-report\/\" \/>\n<meta property=\"og:locale\" content=\"en_US\" \/>\n<meta property=\"og:type\" content=\"article\" \/>\n<meta property=\"og:title\" content=\"Individual social report\" \/>\n<meta property=\"og:description\" content=\"Evaluate personal performance with the individual social report and discover the importance of setting up an ISR in your company.\" \/>\n<meta property=\"og:url\" content=\"https:\/\/www.gerep.fr\/en\/our-expertise-in-social-protection\/our-social-protection-services\/individual-social-report\/\" \/>\n<meta property=\"og:site_name\" content=\"Gerep\" \/>\n<meta property=\"article:modified_time\" content=\"2024-10-15T17:41:32+00:00\" \/>\n<meta property=\"og:image\" content=\"https:\/\/www.gerep.fr\/wp-content\/uploads\/2023\/08\/Groupe_de_travail-scaled.jpeg\" \/>\n\t<meta property=\"og:image:width\" content=\"2048\" \/>\n\t<meta property=\"og:image:height\" content=\"1367\" \/>\n\t<meta property=\"og:image:type\" content=\"image\/jpeg\" \/>\n<meta name=\"twitter:card\" content=\"summary_large_image\" \/>\n<meta name=\"twitter:site\" content=\"@Gerep_Social\" \/>\n<meta name=\"twitter:label1\" content=\"Est. reading time\" \/>\n\t<meta name=\"twitter:data1\" content=\"4 minutes\" \/>\n<script type=\"application\/ld+json\" class=\"yoast-schema-graph\">{\"@context\":\"https:\\\/\\\/schema.org\",\"@graph\":[{\"@type\":\"WebPage\",\"@id\":\"https:\\\/\\\/www.gerep.fr\\\/en\\\/our-expertise-in-social-protection\\\/our-social-protection-services\\\/individual-social-report\\\/\",\"url\":\"https:\\\/\\\/www.gerep.fr\\\/en\\\/our-expertise-in-social-protection\\\/our-social-protection-services\\\/individual-social-report\\\/\",\"name\":\"Individual social report - Gerep\",\"isPartOf\":{\"@id\":\"https:\\\/\\\/www.gerep.fr\\\/en\\\/#website\"},\"primaryImageOfPage\":{\"@id\":\"https:\\\/\\\/www.gerep.fr\\\/en\\\/our-expertise-in-social-protection\\\/our-social-protection-services\\\/individual-social-report\\\/#primaryimage\"},\"image\":{\"@id\":\"https:\\\/\\\/www.gerep.fr\\\/en\\\/our-expertise-in-social-protection\\\/our-social-protection-services\\\/individual-social-report\\\/#primaryimage\"},\"thumbnailUrl\":\"https:\\\/\\\/www.gerep.fr\\\/wp-content\\\/uploads\\\/2023\\\/08\\\/Groupe_de_travail-scaled.jpeg\",\"datePublished\":\"2023-07-25T13:49:03+00:00\",\"dateModified\":\"2024-10-15T17:41:32+00:00\",\"description\":\"Evaluate personal performance with the individual social report and discover the importance of setting up an ISR in your company.\",\"breadcrumb\":{\"@id\":\"https:\\\/\\\/www.gerep.fr\\\/en\\\/our-expertise-in-social-protection\\\/our-social-protection-services\\\/individual-social-report\\\/#breadcrumb\"},\"inLanguage\":\"en-US\",\"potentialAction\":[{\"@type\":\"ReadAction\",\"target\":[\"https:\\\/\\\/www.gerep.fr\\\/en\\\/our-expertise-in-social-protection\\\/our-social-protection-services\\\/individual-social-report\\\/\"]}]},{\"@type\":\"ImageObject\",\"inLanguage\":\"en-US\",\"@id\":\"https:\\\/\\\/www.gerep.fr\\\/en\\\/our-expertise-in-social-protection\\\/our-social-protection-services\\\/individual-social-report\\\/#primaryimage\",\"url\":\"https:\\\/\\\/www.gerep.fr\\\/wp-content\\\/uploads\\\/2023\\\/08\\\/Groupe_de_travail-scaled.jpeg\",\"contentUrl\":\"https:\\\/\\\/www.gerep.fr\\\/wp-content\\\/uploads\\\/2023\\\/08\\\/Groupe_de_travail-scaled.jpeg\",\"width\":2048,\"height\":1367,\"caption\":\"Groupe de travail scaled\"},{\"@type\":\"BreadcrumbList\",\"@id\":\"https:\\\/\\\/www.gerep.fr\\\/en\\\/our-expertise-in-social-protection\\\/our-social-protection-services\\\/individual-social-report\\\/#breadcrumb\",\"itemListElement\":[{\"@type\":\"ListItem\",\"position\":1,\"name\":\"Homepage\",\"item\":\"https:\\\/\\\/www.gerep.fr\\\/en\\\/home\\\/\"},{\"@type\":\"ListItem\",\"position\":2,\"name\":\"Our expertise in social protection\",\"item\":\"https:\\\/\\\/www.gerep.fr\\\/en\\\/our-expertise-in-social-protection\\\/\"},{\"@type\":\"ListItem\",\"position\":3,\"name\":\"Our social protection services\",\"item\":\"https:\\\/\\\/www.gerep.fr\\\/en\\\/our-expertise-in-social-protection\\\/our-social-protection-services\\\/\"},{\"@type\":\"ListItem\",\"position\":4,\"name\":\"Individual social report\"}]},{\"@type\":\"WebSite\",\"@id\":\"https:\\\/\\\/www.gerep.fr\\\/en\\\/#website\",\"url\":\"https:\\\/\\\/www.gerep.fr\\\/en\\\/\",\"name\":\"Gerep\",\"description\":\"Courtier et Gestionnaire, Gerep est une soci\u00e9t\u00e9 de conseil en Protection Sociale. Expert en sant\u00e9, pr\u00e9voyance, retraite, QVCT et \u00e9pargne salariale\",\"publisher\":{\"@id\":\"https:\\\/\\\/www.gerep.fr\\\/en\\\/#organization\"},\"potentialAction\":[{\"@type\":\"SearchAction\",\"target\":{\"@type\":\"EntryPoint\",\"urlTemplate\":\"https:\\\/\\\/www.gerep.fr\\\/en\\\/?s={search_term_string}\"},\"query-input\":{\"@type\":\"PropertyValueSpecification\",\"valueRequired\":true,\"valueName\":\"search_term_string\"}}],\"inLanguage\":\"en-US\"},{\"@type\":\"Organization\",\"@id\":\"https:\\\/\\\/www.gerep.fr\\\/en\\\/#organization\",\"name\":\"Gerep\",\"url\":\"https:\\\/\\\/www.gerep.fr\\\/en\\\/\",\"logo\":{\"@type\":\"ImageObject\",\"inLanguage\":\"en-US\",\"@id\":\"https:\\\/\\\/www.gerep.fr\\\/en\\\/#\\\/schema\\\/logo\\\/image\\\/\",\"url\":\"https:\\\/\\\/www.gerep.fr\\\/wp-content\\\/uploads\\\/2023\\\/07\\\/logo-Gerep.jpg\",\"contentUrl\":\"https:\\\/\\\/www.gerep.fr\\\/wp-content\\\/uploads\\\/2023\\\/07\\\/logo-Gerep.jpg\",\"width\":640,\"height\":480,\"caption\":\"Gerep\"},\"image\":{\"@id\":\"https:\\\/\\\/www.gerep.fr\\\/en\\\/#\\\/schema\\\/logo\\\/image\\\/\"},\"sameAs\":[\"https:\\\/\\\/x.com\\\/Gerep_Social\"]}]}<\/script>\n<!-- \/ Yoast SEO Premium plugin. -->","yoast_head_json":{"title":"Individual social report - Gerep","description":"Evaluate personal performance with the individual social report and discover the importance of setting up an ISR in your company.","robots":{"index":"index","follow":"follow","max-snippet":"max-snippet:-1","max-image-preview":"max-image-preview:large","max-video-preview":"max-video-preview:-1"},"canonical":"https:\/\/www.gerep.fr\/en\/our-expertise-in-social-protection\/our-social-protection-services\/individual-social-report\/","og_locale":"en_US","og_type":"article","og_title":"Individual social report","og_description":"Evaluate personal performance with the individual social report and discover the importance of setting up an ISR in your company.","og_url":"https:\/\/www.gerep.fr\/en\/our-expertise-in-social-protection\/our-social-protection-services\/individual-social-report\/","og_site_name":"Gerep","article_modified_time":"2024-10-15T17:41:32+00:00","og_image":[{"width":2048,"height":1367,"url":"https:\/\/www.gerep.fr\/wp-content\/uploads\/2023\/08\/Groupe_de_travail-scaled.jpeg","type":"image\/jpeg"}],"twitter_card":"summary_large_image","twitter_site":"@Gerep_Social","twitter_misc":{"Est. reading time":"4 minutes"},"schema":{"@context":"https:\/\/schema.org","@graph":[{"@type":"WebPage","@id":"https:\/\/www.gerep.fr\/en\/our-expertise-in-social-protection\/our-social-protection-services\/individual-social-report\/","url":"https:\/\/www.gerep.fr\/en\/our-expertise-in-social-protection\/our-social-protection-services\/individual-social-report\/","name":"Individual social report - Gerep","isPartOf":{"@id":"https:\/\/www.gerep.fr\/en\/#website"},"primaryImageOfPage":{"@id":"https:\/\/www.gerep.fr\/en\/our-expertise-in-social-protection\/our-social-protection-services\/individual-social-report\/#primaryimage"},"image":{"@id":"https:\/\/www.gerep.fr\/en\/our-expertise-in-social-protection\/our-social-protection-services\/individual-social-report\/#primaryimage"},"thumbnailUrl":"https:\/\/www.gerep.fr\/wp-content\/uploads\/2023\/08\/Groupe_de_travail-scaled.jpeg","datePublished":"2023-07-25T13:49:03+00:00","dateModified":"2024-10-15T17:41:32+00:00","description":"Evaluate personal performance with the individual social report and discover the importance of setting up an ISR in your company.","breadcrumb":{"@id":"https:\/\/www.gerep.fr\/en\/our-expertise-in-social-protection\/our-social-protection-services\/individual-social-report\/#breadcrumb"},"inLanguage":"en-US","potentialAction":[{"@type":"ReadAction","target":["https:\/\/www.gerep.fr\/en\/our-expertise-in-social-protection\/our-social-protection-services\/individual-social-report\/"]}]},{"@type":"ImageObject","inLanguage":"en-US","@id":"https:\/\/www.gerep.fr\/en\/our-expertise-in-social-protection\/our-social-protection-services\/individual-social-report\/#primaryimage","url":"https:\/\/www.gerep.fr\/wp-content\/uploads\/2023\/08\/Groupe_de_travail-scaled.jpeg","contentUrl":"https:\/\/www.gerep.fr\/wp-content\/uploads\/2023\/08\/Groupe_de_travail-scaled.jpeg","width":2048,"height":1367,"caption":"Groupe de travail scaled"},{"@type":"BreadcrumbList","@id":"https:\/\/www.gerep.fr\/en\/our-expertise-in-social-protection\/our-social-protection-services\/individual-social-report\/#breadcrumb","itemListElement":[{"@type":"ListItem","position":1,"name":"Homepage","item":"https:\/\/www.gerep.fr\/en\/home\/"},{"@type":"ListItem","position":2,"name":"Our expertise in social protection","item":"https:\/\/www.gerep.fr\/en\/our-expertise-in-social-protection\/"},{"@type":"ListItem","position":3,"name":"Our social protection services","item":"https:\/\/www.gerep.fr\/en\/our-expertise-in-social-protection\/our-social-protection-services\/"},{"@type":"ListItem","position":4,"name":"Individual social report"}]},{"@type":"WebSite","@id":"https:\/\/www.gerep.fr\/en\/#website","url":"https:\/\/www.gerep.fr\/en\/","name":"Gerep","description":"Courtier et Gestionnaire, Gerep est une soci\u00e9t\u00e9 de conseil en Protection Sociale. Expert en sant\u00e9, pr\u00e9voyance, retraite, QVCT et \u00e9pargne salariale","publisher":{"@id":"https:\/\/www.gerep.fr\/en\/#organization"},"potentialAction":[{"@type":"SearchAction","target":{"@type":"EntryPoint","urlTemplate":"https:\/\/www.gerep.fr\/en\/?s={search_term_string}"},"query-input":{"@type":"PropertyValueSpecification","valueRequired":true,"valueName":"search_term_string"}}],"inLanguage":"en-US"},{"@type":"Organization","@id":"https:\/\/www.gerep.fr\/en\/#organization","name":"Gerep","url":"https:\/\/www.gerep.fr\/en\/","logo":{"@type":"ImageObject","inLanguage":"en-US","@id":"https:\/\/www.gerep.fr\/en\/#\/schema\/logo\/image\/","url":"https:\/\/www.gerep.fr\/wp-content\/uploads\/2023\/07\/logo-Gerep.jpg","contentUrl":"https:\/\/www.gerep.fr\/wp-content\/uploads\/2023\/07\/logo-Gerep.jpg","width":640,"height":480,"caption":"Gerep"},"image":{"@id":"https:\/\/www.gerep.fr\/en\/#\/schema\/logo\/image\/"},"sameAs":["https:\/\/x.com\/Gerep_Social"]}]}},"_links":{"self":[{"href":"https:\/\/www.gerep.fr\/en\/wp-json\/wp\/v2\/pages\/9885","targetHints":{"allow":["GET"]}}],"collection":[{"href":"https:\/\/www.gerep.fr\/en\/wp-json\/wp\/v2\/pages"}],"about":[{"href":"https:\/\/www.gerep.fr\/en\/wp-json\/wp\/v2\/types\/page"}],"author":[{"embeddable":true,"href":"https:\/\/www.gerep.fr\/en\/wp-json\/wp\/v2\/users\/2"}],"replies":[{"embeddable":true,"href":"https:\/\/www.gerep.fr\/en\/wp-json\/wp\/v2\/comments?post=9885"}],"version-history":[{"count":2,"href":"https:\/\/www.gerep.fr\/en\/wp-json\/wp\/v2\/pages\/9885\/revisions"}],"predecessor-version":[{"id":10384,"href":"https:\/\/www.gerep.fr\/en\/wp-json\/wp\/v2\/pages\/9885\/revisions\/10384"}],"up":[{"embeddable":true,"href":"https:\/\/www.gerep.fr\/en\/wp-json\/wp\/v2\/pages\/9890"}],"wp:featuredmedia":[{"embeddable":true,"href":"https:\/\/www.gerep.fr\/en\/wp-json\/wp\/v2\/media\/6606"}],"wp:attachment":[{"href":"https:\/\/www.gerep.fr\/en\/wp-json\/wp\/v2\/media?parent=9885"}],"curies":[{"name":"wp","href":"https:\/\/api.w.org\/{rel}","templated":true}]}}