{"id":9887,"date":"2023-07-25T15:49:36","date_gmt":"2023-07-25T13:49:36","guid":{"rendered":"https:\/\/www.gerep.fr\/individual-pension-assessment\/"},"modified":"2025-01-22T14:43:13","modified_gmt":"2025-01-22T13:43:13","slug":"individual-pension-assessment","status":"publish","type":"page","link":"https:\/\/www.gerep.fr\/en\/our-expertise-in-social-protection\/our-social-protection-services\/individual-pension-assessment\/","title":{"rendered":"Individual pension assessment"},"content":{"rendered":"","protected":false},"excerpt":{"rendered":"","protected":false},"author":2,"featured_media":6601,"parent":9890,"menu_order":0,"comment_status":"closed","ping_status":"closed","template":"","meta":{"_acf_changed":false,"content-type":"","footnotes":""},"class_list":["post-9887","page","type-page","status-publish","has-post-thumbnail","hentry"],"acf":[],"yoast_head":"<!-- This site is optimized with the Yoast SEO Premium plugin v27.3 (Yoast SEO v27.4) - https:\/\/yoast.com\/product\/yoast-seo-premium-wordpress\/ -->\n<title>Individual pension assessment - Gerep<\/title>\n<meta name=\"description\" content=\"Plan for the future with an individual retirement assessment. Anticipate your retirement with peace of mind thanks to a personalized assessment.\" \/>\n<meta name=\"robots\" content=\"index, follow, max-snippet:-1, max-image-preview:large, max-video-preview:-1\" \/>\n<link rel=\"canonical\" href=\"https:\/\/www.gerep.fr\/en\/our-expertise-in-social-protection\/our-social-protection-services\/individual-pension-assessment\/\" \/>\n<meta property=\"og:locale\" content=\"en_US\" \/>\n<meta property=\"og:type\" content=\"article\" \/>\n<meta property=\"og:title\" content=\"Individual pension assessment\" \/>\n<meta property=\"og:description\" content=\"Plan for the future with an individual retirement assessment. Anticipate your retirement with peace of mind thanks to a personalized assessment.\" \/>\n<meta property=\"og:url\" content=\"https:\/\/www.gerep.fr\/en\/our-expertise-in-social-protection\/our-social-protection-services\/individual-pension-assessment\/\" \/>\n<meta property=\"og:site_name\" content=\"Gerep\" \/>\n<meta property=\"article:modified_time\" content=\"2025-01-22T13:43:13+00:00\" \/>\n<meta property=\"og:image\" content=\"https:\/\/www.gerep.fr\/wp-content\/uploads\/2023\/08\/Fotolia_119667913_M.jpg\" \/>\n\t<meta property=\"og:image:width\" content=\"1692\" \/>\n\t<meta property=\"og:image:height\" content=\"1123\" \/>\n\t<meta property=\"og:image:type\" content=\"image\/jpeg\" \/>\n<meta name=\"twitter:card\" content=\"summary_large_image\" \/>\n<meta name=\"twitter:site\" content=\"@Gerep_Social\" \/>\n<script type=\"application\/ld+json\" class=\"yoast-schema-graph\">{\"@context\":\"https:\\\/\\\/schema.org\",\"@graph\":[{\"@type\":\"WebPage\",\"@id\":\"https:\\\/\\\/www.gerep.fr\\\/en\\\/our-expertise-in-social-protection\\\/our-social-protection-services\\\/individual-pension-assessment\\\/\",\"url\":\"https:\\\/\\\/www.gerep.fr\\\/en\\\/our-expertise-in-social-protection\\\/our-social-protection-services\\\/individual-pension-assessment\\\/\",\"name\":\"Individual pension assessment - Gerep\",\"isPartOf\":{\"@id\":\"https:\\\/\\\/www.gerep.fr\\\/en\\\/#website\"},\"primaryImageOfPage\":{\"@id\":\"https:\\\/\\\/www.gerep.fr\\\/en\\\/our-expertise-in-social-protection\\\/our-social-protection-services\\\/individual-pension-assessment\\\/#primaryimage\"},\"image\":{\"@id\":\"https:\\\/\\\/www.gerep.fr\\\/en\\\/our-expertise-in-social-protection\\\/our-social-protection-services\\\/individual-pension-assessment\\\/#primaryimage\"},\"thumbnailUrl\":\"https:\\\/\\\/www.gerep.fr\\\/wp-content\\\/uploads\\\/2023\\\/08\\\/Fotolia_119667913_M.jpg\",\"datePublished\":\"2023-07-25T13:49:36+00:00\",\"dateModified\":\"2025-01-22T13:43:13+00:00\",\"description\":\"Plan for the future with an individual retirement assessment. Anticipate your retirement with peace of mind thanks to a personalized assessment.\",\"breadcrumb\":{\"@id\":\"https:\\\/\\\/www.gerep.fr\\\/en\\\/our-expertise-in-social-protection\\\/our-social-protection-services\\\/individual-pension-assessment\\\/#breadcrumb\"},\"inLanguage\":\"en-US\",\"potentialAction\":[{\"@type\":\"ReadAction\",\"target\":[\"https:\\\/\\\/www.gerep.fr\\\/en\\\/our-expertise-in-social-protection\\\/our-social-protection-services\\\/individual-pension-assessment\\\/\"]}]},{\"@type\":\"ImageObject\",\"inLanguage\":\"en-US\",\"@id\":\"https:\\\/\\\/www.gerep.fr\\\/en\\\/our-expertise-in-social-protection\\\/our-social-protection-services\\\/individual-pension-assessment\\\/#primaryimage\",\"url\":\"https:\\\/\\\/www.gerep.fr\\\/wp-content\\\/uploads\\\/2023\\\/08\\\/Fotolia_119667913_M.jpg\",\"contentUrl\":\"https:\\\/\\\/www.gerep.fr\\\/wp-content\\\/uploads\\\/2023\\\/08\\\/Fotolia_119667913_M.jpg\",\"width\":1692,\"height\":1123,\"caption\":\"Fotolia 119667913 M\"},{\"@type\":\"BreadcrumbList\",\"@id\":\"https:\\\/\\\/www.gerep.fr\\\/en\\\/our-expertise-in-social-protection\\\/our-social-protection-services\\\/individual-pension-assessment\\\/#breadcrumb\",\"itemListElement\":[{\"@type\":\"ListItem\",\"position\":1,\"name\":\"Homepage\",\"item\":\"https:\\\/\\\/www.gerep.fr\\\/en\\\/home\\\/\"},{\"@type\":\"ListItem\",\"position\":2,\"name\":\"Our expertise in social protection\",\"item\":\"https:\\\/\\\/www.gerep.fr\\\/en\\\/our-expertise-in-social-protection\\\/\"},{\"@type\":\"ListItem\",\"position\":3,\"name\":\"Our social protection services\",\"item\":\"https:\\\/\\\/www.gerep.fr\\\/en\\\/our-expertise-in-social-protection\\\/our-social-protection-services\\\/\"},{\"@type\":\"ListItem\",\"position\":4,\"name\":\"Individual pension assessment\"}]},{\"@type\":\"WebSite\",\"@id\":\"https:\\\/\\\/www.gerep.fr\\\/en\\\/#website\",\"url\":\"https:\\\/\\\/www.gerep.fr\\\/en\\\/\",\"name\":\"Gerep\",\"description\":\"Courtier et Gestionnaire, Gerep est une soci\u00e9t\u00e9 de conseil en Protection Sociale. Expert en sant\u00e9, pr\u00e9voyance, retraite, QVCT et \u00e9pargne salariale\",\"publisher\":{\"@id\":\"https:\\\/\\\/www.gerep.fr\\\/en\\\/#organization\"},\"potentialAction\":[{\"@type\":\"SearchAction\",\"target\":{\"@type\":\"EntryPoint\",\"urlTemplate\":\"https:\\\/\\\/www.gerep.fr\\\/en\\\/?s={search_term_string}\"},\"query-input\":{\"@type\":\"PropertyValueSpecification\",\"valueRequired\":true,\"valueName\":\"search_term_string\"}}],\"inLanguage\":\"en-US\"},{\"@type\":\"Organization\",\"@id\":\"https:\\\/\\\/www.gerep.fr\\\/en\\\/#organization\",\"name\":\"Gerep\",\"url\":\"https:\\\/\\\/www.gerep.fr\\\/en\\\/\",\"logo\":{\"@type\":\"ImageObject\",\"inLanguage\":\"en-US\",\"@id\":\"https:\\\/\\\/www.gerep.fr\\\/en\\\/#\\\/schema\\\/logo\\\/image\\\/\",\"url\":\"https:\\\/\\\/www.gerep.fr\\\/wp-content\\\/uploads\\\/2023\\\/07\\\/logo-Gerep.jpg\",\"contentUrl\":\"https:\\\/\\\/www.gerep.fr\\\/wp-content\\\/uploads\\\/2023\\\/07\\\/logo-Gerep.jpg\",\"width\":640,\"height\":480,\"caption\":\"Gerep\"},\"image\":{\"@id\":\"https:\\\/\\\/www.gerep.fr\\\/en\\\/#\\\/schema\\\/logo\\\/image\\\/\"},\"sameAs\":[\"https:\\\/\\\/x.com\\\/Gerep_Social\"]}]}<\/script>\n<!-- \/ Yoast SEO Premium plugin. -->","yoast_head_json":{"title":"Individual pension assessment - Gerep","description":"Plan for the future with an individual retirement assessment. Anticipate your retirement with peace of mind thanks to a personalized assessment.","robots":{"index":"index","follow":"follow","max-snippet":"max-snippet:-1","max-image-preview":"max-image-preview:large","max-video-preview":"max-video-preview:-1"},"canonical":"https:\/\/www.gerep.fr\/en\/our-expertise-in-social-protection\/our-social-protection-services\/individual-pension-assessment\/","og_locale":"en_US","og_type":"article","og_title":"Individual pension assessment","og_description":"Plan for the future with an individual retirement assessment. Anticipate your retirement with peace of mind thanks to a personalized assessment.","og_url":"https:\/\/www.gerep.fr\/en\/our-expertise-in-social-protection\/our-social-protection-services\/individual-pension-assessment\/","og_site_name":"Gerep","article_modified_time":"2025-01-22T13:43:13+00:00","og_image":[{"width":1692,"height":1123,"url":"https:\/\/www.gerep.fr\/wp-content\/uploads\/2023\/08\/Fotolia_119667913_M.jpg","type":"image\/jpeg"}],"twitter_card":"summary_large_image","twitter_site":"@Gerep_Social","schema":{"@context":"https:\/\/schema.org","@graph":[{"@type":"WebPage","@id":"https:\/\/www.gerep.fr\/en\/our-expertise-in-social-protection\/our-social-protection-services\/individual-pension-assessment\/","url":"https:\/\/www.gerep.fr\/en\/our-expertise-in-social-protection\/our-social-protection-services\/individual-pension-assessment\/","name":"Individual pension assessment - Gerep","isPartOf":{"@id":"https:\/\/www.gerep.fr\/en\/#website"},"primaryImageOfPage":{"@id":"https:\/\/www.gerep.fr\/en\/our-expertise-in-social-protection\/our-social-protection-services\/individual-pension-assessment\/#primaryimage"},"image":{"@id":"https:\/\/www.gerep.fr\/en\/our-expertise-in-social-protection\/our-social-protection-services\/individual-pension-assessment\/#primaryimage"},"thumbnailUrl":"https:\/\/www.gerep.fr\/wp-content\/uploads\/2023\/08\/Fotolia_119667913_M.jpg","datePublished":"2023-07-25T13:49:36+00:00","dateModified":"2025-01-22T13:43:13+00:00","description":"Plan for the future with an individual retirement assessment. Anticipate your retirement with peace of mind thanks to a personalized assessment.","breadcrumb":{"@id":"https:\/\/www.gerep.fr\/en\/our-expertise-in-social-protection\/our-social-protection-services\/individual-pension-assessment\/#breadcrumb"},"inLanguage":"en-US","potentialAction":[{"@type":"ReadAction","target":["https:\/\/www.gerep.fr\/en\/our-expertise-in-social-protection\/our-social-protection-services\/individual-pension-assessment\/"]}]},{"@type":"ImageObject","inLanguage":"en-US","@id":"https:\/\/www.gerep.fr\/en\/our-expertise-in-social-protection\/our-social-protection-services\/individual-pension-assessment\/#primaryimage","url":"https:\/\/www.gerep.fr\/wp-content\/uploads\/2023\/08\/Fotolia_119667913_M.jpg","contentUrl":"https:\/\/www.gerep.fr\/wp-content\/uploads\/2023\/08\/Fotolia_119667913_M.jpg","width":1692,"height":1123,"caption":"Fotolia 119667913 M"},{"@type":"BreadcrumbList","@id":"https:\/\/www.gerep.fr\/en\/our-expertise-in-social-protection\/our-social-protection-services\/individual-pension-assessment\/#breadcrumb","itemListElement":[{"@type":"ListItem","position":1,"name":"Homepage","item":"https:\/\/www.gerep.fr\/en\/home\/"},{"@type":"ListItem","position":2,"name":"Our expertise in social protection","item":"https:\/\/www.gerep.fr\/en\/our-expertise-in-social-protection\/"},{"@type":"ListItem","position":3,"name":"Our social protection services","item":"https:\/\/www.gerep.fr\/en\/our-expertise-in-social-protection\/our-social-protection-services\/"},{"@type":"ListItem","position":4,"name":"Individual pension assessment"}]},{"@type":"WebSite","@id":"https:\/\/www.gerep.fr\/en\/#website","url":"https:\/\/www.gerep.fr\/en\/","name":"Gerep","description":"Courtier et Gestionnaire, Gerep est une soci\u00e9t\u00e9 de conseil en Protection Sociale. Expert en sant\u00e9, pr\u00e9voyance, retraite, QVCT et \u00e9pargne salariale","publisher":{"@id":"https:\/\/www.gerep.fr\/en\/#organization"},"potentialAction":[{"@type":"SearchAction","target":{"@type":"EntryPoint","urlTemplate":"https:\/\/www.gerep.fr\/en\/?s={search_term_string}"},"query-input":{"@type":"PropertyValueSpecification","valueRequired":true,"valueName":"search_term_string"}}],"inLanguage":"en-US"},{"@type":"Organization","@id":"https:\/\/www.gerep.fr\/en\/#organization","name":"Gerep","url":"https:\/\/www.gerep.fr\/en\/","logo":{"@type":"ImageObject","inLanguage":"en-US","@id":"https:\/\/www.gerep.fr\/en\/#\/schema\/logo\/image\/","url":"https:\/\/www.gerep.fr\/wp-content\/uploads\/2023\/07\/logo-Gerep.jpg","contentUrl":"https:\/\/www.gerep.fr\/wp-content\/uploads\/2023\/07\/logo-Gerep.jpg","width":640,"height":480,"caption":"Gerep"},"image":{"@id":"https:\/\/www.gerep.fr\/en\/#\/schema\/logo\/image\/"},"sameAs":["https:\/\/x.com\/Gerep_Social"]}]}},"_links":{"self":[{"href":"https:\/\/www.gerep.fr\/en\/wp-json\/wp\/v2\/pages\/9887","targetHints":{"allow":["GET"]}}],"collection":[{"href":"https:\/\/www.gerep.fr\/en\/wp-json\/wp\/v2\/pages"}],"about":[{"href":"https:\/\/www.gerep.fr\/en\/wp-json\/wp\/v2\/types\/page"}],"author":[{"embeddable":true,"href":"https:\/\/www.gerep.fr\/en\/wp-json\/wp\/v2\/users\/2"}],"replies":[{"embeddable":true,"href":"https:\/\/www.gerep.fr\/en\/wp-json\/wp\/v2\/comments?post=9887"}],"version-history":[{"count":1,"href":"https:\/\/www.gerep.fr\/en\/wp-json\/wp\/v2\/pages\/9887\/revisions"}],"predecessor-version":[{"id":9892,"href":"https:\/\/www.gerep.fr\/en\/wp-json\/wp\/v2\/pages\/9887\/revisions\/9892"}],"up":[{"embeddable":true,"href":"https:\/\/www.gerep.fr\/en\/wp-json\/wp\/v2\/pages\/9890"}],"wp:featuredmedia":[{"embeddable":true,"href":"https:\/\/www.gerep.fr\/en\/wp-json\/wp\/v2\/media\/6601"}],"wp:attachment":[{"href":"https:\/\/www.gerep.fr\/en\/wp-json\/wp\/v2\/media?parent=9887"}],"curies":[{"name":"wp","href":"https:\/\/api.w.org\/{rel}","templated":true}]}}