{"id":9890,"date":"2023-07-17T09:04:36","date_gmt":"2023-07-17T07:04:36","guid":{"rendered":"https:\/\/www.gerep.fr\/our-expertise-in-social-protection\/our-social-protection-services\/"},"modified":"2025-01-22T14:42:26","modified_gmt":"2025-01-22T13:42:26","slug":"our-social-protection-services","status":"publish","type":"page","link":"https:\/\/www.gerep.fr\/en\/our-expertise-in-social-protection\/our-social-protection-services\/","title":{"rendered":"Our social protection services"},"content":{"rendered":"\n\n\t\t<h2>\n\t\t\tServices to complement our advice\n\t\t<\/h2>\n\t\t\t\t\t\t\t\t<a href=\"https:\/\/www.gerep.fr\/en\/our-expertise-in-social-protection\/our-social-protection-services\/technical-control-dashboard\/\" target=\"_self\">\n\t\t\t\t\t\t<\/a>\n\t<h3><a href=\"https:\/\/www.gerep.fr\/en\/our-expertise-in-social-protection\/our-social-protection-services\/technical-control-dashboard\/\" target=\"_self\">The dashboard<\/a><\/h3>At Gerep, we provide you with a dashboard enabling you to analyze the performance of your health and provident schemes in real time.<br \/>\nIt also provides you with HR KPIs that you can use in your reporting.\n\t\t\t<a href=\"https:\/\/www.gerep.fr\/en\/our-expertise-in-social-protection\/our-social-protection-services\/technical-control-dashboard\/\" target=\"_self\">\n\t\t\t\t\t\t\tFind out more about our dashboards\n\t\t\t<\/a>\n\t\t\t\t\t\t\t\t<a href=\"https:\/\/www.gerep.fr\/nos-expertises\/nos-services\/barometre-social-dynamique\/\" target=\"_self\">\n\t\t\t\t\t\t<\/a>\n\t<h3><a href=\"https:\/\/www.gerep.fr\/nos-expertises\/nos-services\/barometre-social-dynamique\/\" target=\"_self\">Engagement survey<\/a><\/h3>Are your employees disengaged and you don&#8217;t know why?<br \/>\nWould you like to measure your QWL?<br \/>\nWe conduct an engagement survey.<br \/>\nThis is an anonymous questionnaire that enables you to measure your company&#8217;s social climate.<br \/>\nOnce the results are in, we analyze your employees&#8217; feedback and propose a relevant action plan.\n\t\t\t<a href=\"https:\/\/www.gerep.fr\/nos-expertises\/nos-services\/barometre-social-dynamique\/\" target=\"_self\">\n\t\t\t\t\t\t\tFind out more about engagement surveys\n\t\t\t<\/a>\n\t\t\t\t\t\t\t\t<a href=\"https:\/\/www.gerep.fr\/en\/individual-social-report\/\" target=\"_self\">\n\t\t\t\t\t\t<\/a>\n\t<h3><a href=\"https:\/\/www.gerep.fr\/en\/individual-social-report\/\" target=\"_self\">Individual social report<\/a><\/h3>Make the most of all your employee benefits.<br \/>\nThe individual social report gives them an overview of all the benefits they enjoy.<br \/>\nThis enables you to promote your compensation policy and their overall package.  \n\t\t\t<a href=\"https:\/\/www.gerep.fr\/en\/individual-social-report\/\" target=\"_self\">\n\t\t\t\t\t\t\tFind out more about the individual social report\n\t\t\t<\/a>\n\t\t\t\t\t\t\t\t<a href=\"https:\/\/www.gerep.fr\/en\/individual-pension-assessment\/\" target=\"_self\">\n\t\t\t\t\t\t<\/a>\n\t<h3><a href=\"https:\/\/www.gerep.fr\/en\/individual-pension-assessment\/\" target=\"_self\">Individual pension assessment<\/a><\/h3>Anticipating retirement can be complicated for your employees.<br \/>\nThe individual retirement balance sheet enables them to see the amount of their savings, but also to make forecasts in order to anticipate their investments.<br \/>\nThis enhances the value of the retirement and employee savings you offer them.  \n\t\t\t<a href=\"https:\/\/www.gerep.fr\/en\/individual-pension-assessment\/\" target=\"_self\">\n\t\t\t\t\t\t\tFind out more about individual retirement assessments  \n\t\t\t<\/a>\n\t\t<h2>\n\t\t\tYour needs\n\t\t<\/h2>\n\t<meta itemscope itemprop=\"mainEntityOfPage\" itemtype=\"https:\/\/schema.org\/WebPage\" itemid=\"http:\/\/9621\" content=\"Your preferred partner for optimal group healthcare\" \/><meta itemprop=\"datePublished\" content=\"2023-06-27\" \/><meta itemprop=\"dateModified\" content=\"2024-11-15\" \/><meta itemprop=\"name\" content=\"Gerep\"\/><meta itemprop=\"url\" content=\"https:\/\/www.gerep.fr\/en\/blog\/author\/web-ia\/\" \/><meta itemprop=\"name\" content=\"WEB IA\" \/><meta itemprop=\"url\" content=\"https:\/\/www.gerep.fr\/wp-content\/uploads\/2024\/04\/national-cancer-institute-L8tWZT4CcVQ-unsplash-scaled.jpg\" \/><meta itemprop=\"width\" content=\"2048\" \/><meta itemprop=\"height\" content=\"1365\" \/><meta itemprop=\"interactionType\" content=\"https:\/\/schema.org\/CommentAction\" \/><meta itemprop=\"userInteractionCount\" content=\"0\" \/><a href=\"https:\/\/www.gerep.fr\/en\/your-social-protection-needs-gerep\/your-preferred-partner-for-optimal-group-healthcare\/\">\n         <img decoding=\"async\" src=\"https:\/\/www.gerep.fr\/wp-content\/uploads\/2023\/07\/assurance-sante-icon.svg\"\/>\n    <h3>health insurance<\/h3>\n<\/a>\n\t<meta itemscope itemprop=\"mainEntityOfPage\" itemtype=\"https:\/\/schema.org\/WebPage\" itemid=\"http:\/\/9623\" content=\"Your expert in group provident schemes to secure your employees&#8217; future\" \/><meta itemprop=\"datePublished\" content=\"2023-06-27\" \/><meta itemprop=\"dateModified\" content=\"2024-11-15\" \/><meta itemprop=\"name\" content=\"Gerep\"\/><meta itemprop=\"url\" content=\"https:\/\/www.gerep.fr\/en\/blog\/author\/web-ia\/\" \/><meta itemprop=\"name\" content=\"WEB IA\" \/><meta itemprop=\"url\" content=\"https:\/\/www.gerep.fr\/wp-content\/uploads\/2023\/09\/assurance-sante-Gerep-scaled-e1693923239762.jpeg\" \/><meta itemprop=\"width\" content=\"1920\" \/><meta itemprop=\"height\" content=\"1080\" \/><meta itemprop=\"interactionType\" content=\"https:\/\/schema.org\/CommentAction\" \/><meta itemprop=\"userInteractionCount\" content=\"0\" \/><a href=\"https:\/\/www.gerep.fr\/en\/your-social-protection-needs-gerep\/your-expert-in-group-provident-schemes-to-secure-your-employees-future\/\">\n         <img decoding=\"async\" src=\"https:\/\/www.gerep.fr\/wp-content\/uploads\/2023\/07\/prevoyance-icon.svg\"\/>\n    <h3>provident scheme<\/h3>\n<\/a>\n\t<meta itemscope itemprop=\"mainEntityOfPage\" itemtype=\"https:\/\/schema.org\/WebPage\" itemid=\"http:\/\/9624\" content=\"International social protection\" \/><meta itemprop=\"datePublished\" content=\"2023-06-27\" \/><meta itemprop=\"dateModified\" content=\"2024-11-15\" \/><meta itemprop=\"name\" content=\"Gerep\"\/><meta itemprop=\"url\" content=\"https:\/\/www.gerep.fr\/en\/blog\/author\/web-ia\/\" \/><meta itemprop=\"name\" content=\"WEB IA\" \/><meta itemprop=\"url\" content=\"https:\/\/www.gerep.fr\/wp-content\/uploads\/2024\/04\/jason-leung-jCBzW_Q_UGI-unsplash-scaled-e1712582689359.jpg\" \/><meta itemprop=\"width\" content=\"1365\" \/><meta itemprop=\"height\" content=\"2048\" \/><meta itemprop=\"interactionType\" content=\"https:\/\/schema.org\/CommentAction\" \/><meta itemprop=\"userInteractionCount\" content=\"0\" \/><a href=\"https:\/\/www.gerep.fr\/en\/your-social-protection-needs-gerep\/international-social-protection\/\">\n         <img decoding=\"async\" src=\"https:\/\/www.gerep.fr\/wp-content\/uploads\/2023\/09\/protection-sociale-internationale.svg\"\/>\n    <h3>International social protection<\/h3>\n<\/a>\n\t<meta itemscope itemprop=\"mainEntityOfPage\" itemtype=\"https:\/\/schema.org\/WebPage\" itemid=\"http:\/\/9620\" content=\"Expertise at the service of your employee savings schemes\" \/><meta itemprop=\"datePublished\" content=\"2023-06-27\" \/><meta itemprop=\"dateModified\" content=\"2024-11-18\" \/><meta itemprop=\"name\" content=\"Gerep\"\/><meta itemprop=\"url\" content=\"https:\/\/www.gerep.fr\/en\/blog\/author\/web-ia\/\" \/><meta itemprop=\"name\" content=\"WEB IA\" \/><meta itemprop=\"url\" content=\"https:\/\/www.gerep.fr\/wp-content\/uploads\/2023\/09\/Gerep-epargne-salariale-scaled-e1693921297500.jpeg\" \/><meta itemprop=\"width\" content=\"1920\" \/><meta itemprop=\"height\" content=\"757\" \/><meta itemprop=\"interactionType\" content=\"https:\/\/schema.org\/CommentAction\" \/><meta itemprop=\"userInteractionCount\" content=\"0\" \/><a href=\"https:\/\/www.gerep.fr\/en\/your-social-protection-needs-gerep\/expertise-at-the-service-of-your-employee-savings-schemes\/\">\n         <img decoding=\"async\" src=\"https:\/\/www.gerep.fr\/wp-content\/uploads\/2023\/08\/epargne-salariale.svg\"\/>\n    <h3>employee savings scheme<\/h3>\n<\/a>\n\t\t<!-- .pp-content-posts -->\n\t\t\t\t\t\t\t\t\t<img decoding=\"async\" src=\"https:\/\/www.gerep.fr\/wp-content\/uploads\/bb-plugin\/cache\/Photos-GEREP-1-54-scaled-square.jpg\" alt=\"Photos GEREP 1 54 scaled e1693942620947\" itemprop=\"image\" title=\"Photos GEREP 1 54 scaled e1693942620947\" onerror=\"this.style.display='none'\"  \/>\n\t\t\tWould you like to receive the latest social protection news and be invited to our webinars?\n\t<p>Subscribe to our newsletter &#8220;The social protection workshop&#8221;.<\/p>\n\t\t<h2>\n\t\t\tOur expertise\n\t\t<\/h2>\n\t<p>Need to harmonize your regimes? To analyze your absenteeism? To optimize the budget allocation of your contracts? <\/p>\n<p>To save time for your HR teams? <\/p>\n\t\t\t<h3>Support your social performance<\/h3>\n\t\t\t<div class=\"post-img\"><img decoding=\"async\" src=\"\/wp-content\/uploads\/2023\/09\/Accompagner-votre-performance-sociale.png\" alt=\"\" width=\"55\" height=\"55\" \/><\/div>\n\t\t\t\t\t\t<a href=\"https:\/\/www.gerep.fr\/en\/our-expertise-in-social-protection\/social-protection-audit-supporting-your-social-performance\/\" target=\"_self\" role=\"button\">\n\t\t\t\t\t\t\t<\/a>\n\t\t\t<h3>Make life easier<br \/>for our members<\/h3>\n\t\t\t<div class=\"post-img\"><img decoding=\"async\" src=\"https:\/\/www.gerep.fr\/wp-content\/uploads\/2020\/04\/icone-assurance-sante.png\" alt=\"\" width=\"55\" height=\"55\" \/><\/div>\n\t\t\t\t\t\t<a href=\"https:\/\/www.gerep.fr\/en\/our-expertise-in-social-protection\/health-and-welfare-manager-to-make-life-easier-for-policyholders\/\" target=\"_self\" role=\"button\">\n\t\t\t\t\t\t\t<\/a>\n\t\t\t<h3>Our services<\/h3>\n\t\t\t<div class=\"post-img\"><img decoding=\"async\" src=\"\/wp-content\/uploads\/2023\/09\/Faciliter-la-vie-des-assures.png\" alt=\"\" width=\"55\" height=\"55\" \/><\/div>\n\t\t\t\t\t\t<a href=\"https:\/\/www.gerep.fr\/en\/our-expertise-in-social-protection\/\" target=\"_self\" role=\"button\">\n\t\t\t\t\t\t\t<\/a>\n\t<a href=\"https:\/\/www.gerep.fr\/en\/our-expertise-in-social-protection\/\" target=\"_self\" role=\"button\" aria-label=\"Discover all our expertise\" title=\"Titre du bouton\">\n\t\t\t\t\t\tDiscover all our expertise\n\t\t\t\t\t<\/a>\n\n","protected":false},"excerpt":{"rendered":"<p>Services to complement our advice The dashboard At Gerep, we provide you with a dashboard enabling you to analyze the performance of your health and provident schemes in real time. It also provides you with HR KPIs that you can use in your reporting. Find out more about our dashboards Engagement survey Are your employees&hellip;<\/p>\n","protected":false},"author":2,"featured_media":6570,"parent":9625,"menu_order":0,"comment_status":"closed","ping_status":"closed","template":"","meta":{"_acf_changed":false,"content-type":"","footnotes":""},"class_list":["post-9890","page","type-page","status-publish","has-post-thumbnail","hentry"],"acf":[],"yoast_head":"<!-- This site is optimized with the Yoast SEO Premium plugin v27.3 (Yoast SEO v27.4) - https:\/\/yoast.com\/product\/yoast-seo-premium-wordpress\/ -->\n<title>Our social protection services<\/title>\n<meta name=\"description\" content=\"Protect your company and your employees effectively with our tailor-made solutions. Discover our full range of services!\" \/>\n<meta name=\"robots\" content=\"index, follow, max-snippet:-1, max-image-preview:large, max-video-preview:-1\" \/>\n<link rel=\"canonical\" href=\"https:\/\/www.gerep.fr\/en\/our-expertise-in-social-protection\/our-social-protection-services\/\" \/>\n<meta property=\"og:locale\" content=\"en_US\" \/>\n<meta property=\"og:type\" content=\"article\" \/>\n<meta property=\"og:title\" content=\"Our social protection services\" \/>\n<meta property=\"og:description\" content=\"Protect your company and your employees effectively with our tailor-made solutions. Discover our full range of services!\" \/>\n<meta property=\"og:url\" content=\"https:\/\/www.gerep.fr\/en\/our-expertise-in-social-protection\/our-social-protection-services\/\" \/>\n<meta property=\"og:site_name\" content=\"Gerep\" \/>\n<meta property=\"article:modified_time\" content=\"2025-01-22T13:42:26+00:00\" \/>\n<meta property=\"og:image\" content=\"https:\/\/www.gerep.fr\/wp-content\/uploads\/2023\/08\/Fotolia_210589501_basedef-scaled.jpg\" \/>\n\t<meta property=\"og:image:width\" content=\"2048\" \/>\n\t<meta property=\"og:image:height\" content=\"1366\" \/>\n\t<meta property=\"og:image:type\" content=\"image\/jpeg\" \/>\n<meta name=\"twitter:card\" content=\"summary_large_image\" \/>\n<meta name=\"twitter:site\" content=\"@Gerep_Social\" \/>\n<meta name=\"twitter:label1\" content=\"Est. reading time\" \/>\n\t<meta name=\"twitter:data1\" content=\"3 minutes\" \/>\n<script type=\"application\/ld+json\" class=\"yoast-schema-graph\">{\"@context\":\"https:\\\/\\\/schema.org\",\"@graph\":[{\"@type\":\"WebPage\",\"@id\":\"https:\\\/\\\/www.gerep.fr\\\/en\\\/our-expertise-in-social-protection\\\/our-social-protection-services\\\/\",\"url\":\"https:\\\/\\\/www.gerep.fr\\\/en\\\/our-expertise-in-social-protection\\\/our-social-protection-services\\\/\",\"name\":\"Our social protection services\",\"isPartOf\":{\"@id\":\"https:\\\/\\\/www.gerep.fr\\\/en\\\/#website\"},\"primaryImageOfPage\":{\"@id\":\"https:\\\/\\\/www.gerep.fr\\\/en\\\/our-expertise-in-social-protection\\\/our-social-protection-services\\\/#primaryimage\"},\"image\":{\"@id\":\"https:\\\/\\\/www.gerep.fr\\\/en\\\/our-expertise-in-social-protection\\\/our-social-protection-services\\\/#primaryimage\"},\"thumbnailUrl\":\"https:\\\/\\\/www.gerep.fr\\\/wp-content\\\/uploads\\\/2023\\\/08\\\/Fotolia_210589501_basedef-scaled.jpg\",\"datePublished\":\"2023-07-17T07:04:36+00:00\",\"dateModified\":\"2025-01-22T13:42:26+00:00\",\"description\":\"Protect your company and your employees effectively with our tailor-made solutions. Discover our full range of services!\",\"breadcrumb\":{\"@id\":\"https:\\\/\\\/www.gerep.fr\\\/en\\\/our-expertise-in-social-protection\\\/our-social-protection-services\\\/#breadcrumb\"},\"inLanguage\":\"en-US\",\"potentialAction\":[{\"@type\":\"ReadAction\",\"target\":[\"https:\\\/\\\/www.gerep.fr\\\/en\\\/our-expertise-in-social-protection\\\/our-social-protection-services\\\/\"]}]},{\"@type\":\"ImageObject\",\"inLanguage\":\"en-US\",\"@id\":\"https:\\\/\\\/www.gerep.fr\\\/en\\\/our-expertise-in-social-protection\\\/our-social-protection-services\\\/#primaryimage\",\"url\":\"https:\\\/\\\/www.gerep.fr\\\/wp-content\\\/uploads\\\/2023\\\/08\\\/Fotolia_210589501_basedef-scaled.jpg\",\"contentUrl\":\"https:\\\/\\\/www.gerep.fr\\\/wp-content\\\/uploads\\\/2023\\\/08\\\/Fotolia_210589501_basedef-scaled.jpg\",\"width\":2048,\"height\":1366,\"caption\":\"Fotolia 210589501 basedef scaled\"},{\"@type\":\"BreadcrumbList\",\"@id\":\"https:\\\/\\\/www.gerep.fr\\\/en\\\/our-expertise-in-social-protection\\\/our-social-protection-services\\\/#breadcrumb\",\"itemListElement\":[{\"@type\":\"ListItem\",\"position\":1,\"name\":\"Homepage\",\"item\":\"https:\\\/\\\/www.gerep.fr\\\/en\\\/home\\\/\"},{\"@type\":\"ListItem\",\"position\":2,\"name\":\"Our expertise in social protection\",\"item\":\"https:\\\/\\\/www.gerep.fr\\\/en\\\/our-expertise-in-social-protection\\\/\"},{\"@type\":\"ListItem\",\"position\":3,\"name\":\"Our social protection services\"}]},{\"@type\":\"WebSite\",\"@id\":\"https:\\\/\\\/www.gerep.fr\\\/en\\\/#website\",\"url\":\"https:\\\/\\\/www.gerep.fr\\\/en\\\/\",\"name\":\"Gerep\",\"description\":\"Courtier et Gestionnaire, Gerep est une soci\u00e9t\u00e9 de conseil en Protection Sociale. Expert en sant\u00e9, pr\u00e9voyance, retraite, QVCT et \u00e9pargne salariale\",\"publisher\":{\"@id\":\"https:\\\/\\\/www.gerep.fr\\\/en\\\/#organization\"},\"potentialAction\":[{\"@type\":\"SearchAction\",\"target\":{\"@type\":\"EntryPoint\",\"urlTemplate\":\"https:\\\/\\\/www.gerep.fr\\\/en\\\/?s={search_term_string}\"},\"query-input\":{\"@type\":\"PropertyValueSpecification\",\"valueRequired\":true,\"valueName\":\"search_term_string\"}}],\"inLanguage\":\"en-US\"},{\"@type\":\"Organization\",\"@id\":\"https:\\\/\\\/www.gerep.fr\\\/en\\\/#organization\",\"name\":\"Gerep\",\"url\":\"https:\\\/\\\/www.gerep.fr\\\/en\\\/\",\"logo\":{\"@type\":\"ImageObject\",\"inLanguage\":\"en-US\",\"@id\":\"https:\\\/\\\/www.gerep.fr\\\/en\\\/#\\\/schema\\\/logo\\\/image\\\/\",\"url\":\"https:\\\/\\\/www.gerep.fr\\\/wp-content\\\/uploads\\\/2023\\\/07\\\/logo-Gerep.jpg\",\"contentUrl\":\"https:\\\/\\\/www.gerep.fr\\\/wp-content\\\/uploads\\\/2023\\\/07\\\/logo-Gerep.jpg\",\"width\":640,\"height\":480,\"caption\":\"Gerep\"},\"image\":{\"@id\":\"https:\\\/\\\/www.gerep.fr\\\/en\\\/#\\\/schema\\\/logo\\\/image\\\/\"},\"sameAs\":[\"https:\\\/\\\/x.com\\\/Gerep_Social\"]}]}<\/script>\n<!-- \/ Yoast SEO Premium plugin. -->","yoast_head_json":{"title":"Our social protection services","description":"Protect your company and your employees effectively with our tailor-made solutions. Discover our full range of services!","robots":{"index":"index","follow":"follow","max-snippet":"max-snippet:-1","max-image-preview":"max-image-preview:large","max-video-preview":"max-video-preview:-1"},"canonical":"https:\/\/www.gerep.fr\/en\/our-expertise-in-social-protection\/our-social-protection-services\/","og_locale":"en_US","og_type":"article","og_title":"Our social protection services","og_description":"Protect your company and your employees effectively with our tailor-made solutions. Discover our full range of services!","og_url":"https:\/\/www.gerep.fr\/en\/our-expertise-in-social-protection\/our-social-protection-services\/","og_site_name":"Gerep","article_modified_time":"2025-01-22T13:42:26+00:00","og_image":[{"width":2048,"height":1366,"url":"https:\/\/www.gerep.fr\/wp-content\/uploads\/2023\/08\/Fotolia_210589501_basedef-scaled.jpg","type":"image\/jpeg"}],"twitter_card":"summary_large_image","twitter_site":"@Gerep_Social","twitter_misc":{"Est. reading time":"3 minutes"},"schema":{"@context":"https:\/\/schema.org","@graph":[{"@type":"WebPage","@id":"https:\/\/www.gerep.fr\/en\/our-expertise-in-social-protection\/our-social-protection-services\/","url":"https:\/\/www.gerep.fr\/en\/our-expertise-in-social-protection\/our-social-protection-services\/","name":"Our social protection services","isPartOf":{"@id":"https:\/\/www.gerep.fr\/en\/#website"},"primaryImageOfPage":{"@id":"https:\/\/www.gerep.fr\/en\/our-expertise-in-social-protection\/our-social-protection-services\/#primaryimage"},"image":{"@id":"https:\/\/www.gerep.fr\/en\/our-expertise-in-social-protection\/our-social-protection-services\/#primaryimage"},"thumbnailUrl":"https:\/\/www.gerep.fr\/wp-content\/uploads\/2023\/08\/Fotolia_210589501_basedef-scaled.jpg","datePublished":"2023-07-17T07:04:36+00:00","dateModified":"2025-01-22T13:42:26+00:00","description":"Protect your company and your employees effectively with our tailor-made solutions. Discover our full range of services!","breadcrumb":{"@id":"https:\/\/www.gerep.fr\/en\/our-expertise-in-social-protection\/our-social-protection-services\/#breadcrumb"},"inLanguage":"en-US","potentialAction":[{"@type":"ReadAction","target":["https:\/\/www.gerep.fr\/en\/our-expertise-in-social-protection\/our-social-protection-services\/"]}]},{"@type":"ImageObject","inLanguage":"en-US","@id":"https:\/\/www.gerep.fr\/en\/our-expertise-in-social-protection\/our-social-protection-services\/#primaryimage","url":"https:\/\/www.gerep.fr\/wp-content\/uploads\/2023\/08\/Fotolia_210589501_basedef-scaled.jpg","contentUrl":"https:\/\/www.gerep.fr\/wp-content\/uploads\/2023\/08\/Fotolia_210589501_basedef-scaled.jpg","width":2048,"height":1366,"caption":"Fotolia 210589501 basedef scaled"},{"@type":"BreadcrumbList","@id":"https:\/\/www.gerep.fr\/en\/our-expertise-in-social-protection\/our-social-protection-services\/#breadcrumb","itemListElement":[{"@type":"ListItem","position":1,"name":"Homepage","item":"https:\/\/www.gerep.fr\/en\/home\/"},{"@type":"ListItem","position":2,"name":"Our expertise in social protection","item":"https:\/\/www.gerep.fr\/en\/our-expertise-in-social-protection\/"},{"@type":"ListItem","position":3,"name":"Our social protection services"}]},{"@type":"WebSite","@id":"https:\/\/www.gerep.fr\/en\/#website","url":"https:\/\/www.gerep.fr\/en\/","name":"Gerep","description":"Courtier et Gestionnaire, Gerep est une soci\u00e9t\u00e9 de conseil en Protection Sociale. Expert en sant\u00e9, pr\u00e9voyance, retraite, QVCT et \u00e9pargne salariale","publisher":{"@id":"https:\/\/www.gerep.fr\/en\/#organization"},"potentialAction":[{"@type":"SearchAction","target":{"@type":"EntryPoint","urlTemplate":"https:\/\/www.gerep.fr\/en\/?s={search_term_string}"},"query-input":{"@type":"PropertyValueSpecification","valueRequired":true,"valueName":"search_term_string"}}],"inLanguage":"en-US"},{"@type":"Organization","@id":"https:\/\/www.gerep.fr\/en\/#organization","name":"Gerep","url":"https:\/\/www.gerep.fr\/en\/","logo":{"@type":"ImageObject","inLanguage":"en-US","@id":"https:\/\/www.gerep.fr\/en\/#\/schema\/logo\/image\/","url":"https:\/\/www.gerep.fr\/wp-content\/uploads\/2023\/07\/logo-Gerep.jpg","contentUrl":"https:\/\/www.gerep.fr\/wp-content\/uploads\/2023\/07\/logo-Gerep.jpg","width":640,"height":480,"caption":"Gerep"},"image":{"@id":"https:\/\/www.gerep.fr\/en\/#\/schema\/logo\/image\/"},"sameAs":["https:\/\/x.com\/Gerep_Social"]}]}},"_links":{"self":[{"href":"https:\/\/www.gerep.fr\/en\/wp-json\/wp\/v2\/pages\/9890","targetHints":{"allow":["GET"]}}],"collection":[{"href":"https:\/\/www.gerep.fr\/en\/wp-json\/wp\/v2\/pages"}],"about":[{"href":"https:\/\/www.gerep.fr\/en\/wp-json\/wp\/v2\/types\/page"}],"author":[{"embeddable":true,"href":"https:\/\/www.gerep.fr\/en\/wp-json\/wp\/v2\/users\/2"}],"replies":[{"embeddable":true,"href":"https:\/\/www.gerep.fr\/en\/wp-json\/wp\/v2\/comments?post=9890"}],"version-history":[{"count":2,"href":"https:\/\/www.gerep.fr\/en\/wp-json\/wp\/v2\/pages\/9890\/revisions"}],"predecessor-version":[{"id":11142,"href":"https:\/\/www.gerep.fr\/en\/wp-json\/wp\/v2\/pages\/9890\/revisions\/11142"}],"up":[{"embeddable":true,"href":"https:\/\/www.gerep.fr\/en\/wp-json\/wp\/v2\/pages\/9625"}],"wp:featuredmedia":[{"embeddable":true,"href":"https:\/\/www.gerep.fr\/en\/wp-json\/wp\/v2\/media\/6570"}],"wp:attachment":[{"href":"https:\/\/www.gerep.fr\/en\/wp-json\/wp\/v2\/media?parent=9890"}],"curies":[{"name":"wp","href":"https:\/\/api.w.org\/{rel}","templated":true}]}}