{"id":9893,"date":"2023-07-25T15:47:48","date_gmt":"2023-07-25T13:47:48","guid":{"rendered":"https:\/\/www.gerep.fr\/our-expertise-in-social-protection\/our-social-protection-services\/technical-control-dashboard\/"},"modified":"2025-01-22T14:43:30","modified_gmt":"2025-01-22T13:43:30","slug":"technical-control-dashboard","status":"publish","type":"page","link":"https:\/\/www.gerep.fr\/en\/our-expertise-in-social-protection\/our-social-protection-services\/technical-control-dashboard\/","title":{"rendered":"Technical control\/dashboard"},"content":{"rendered":"\n<h2>Your HR KPIs in real time on a dashboard<\/h2>\n<p>At Gerep, we want to help you showcase the relevance of the measures you&#8217;ve put in place. That&#8217;s why we&#8217;ve developed a real-time dashboard that lets you quickly visualize the <a href=\"https:\/\/www.cadremploi.fr\/editorial\/conseils\/conseils-carriere\/detail\/article\/jose-pas-demander-mais-que-sont-les-kpi.html#:~:text=Exemples%20%3A,des%20visites%20sur%20le%20site.\" target=\"_blank\" rel=\"noopener\">KPIs<\/a> that speak to you.   <\/p>\n<p>What is the utilization rate of your health insurance contract?<br>What is your sick leave rate?<br>Or the coverage rate of your warranties?  <a title=\"Button title\" role=\"button\" href=\"https:\/\/www.gerep.fr\/en\/contact\/\" target=\"_self\" rel=\"noopener\" aria-label=\"Contactez-nous pour en savoir plus\">  Contact us to find out more  <\/a><\/p>\n","protected":false},"excerpt":{"rendered":"<p>Your HR KPIs in real time on a dashboard At Gerep, we want to help you showcase the relevance of the measures you&#8217;ve put in place. That&#8217;s why we&#8217;ve developed a real-time dashboard that lets you quickly visualize the KPIs that speak to you. What is the utilization rate of your health insurance contract?What is&hellip;<\/p>\n","protected":false},"author":2,"featured_media":2122,"parent":9890,"menu_order":0,"comment_status":"closed","ping_status":"closed","template":"","meta":{"_acf_changed":false,"content-type":"","footnotes":""},"class_list":["post-9893","page","type-page","status-publish","has-post-thumbnail","hentry"],"acf":[],"yoast_head":"<!-- This site is optimized with the Yoast SEO Premium plugin v27.3 (Yoast SEO v27.4) - https:\/\/yoast.com\/product\/yoast-seo-premium-wordpress\/ -->\n<title>Technical control\/dashboard<\/title>\n<meta name=\"description\" content=\"Optimize your technical management with our dashboards. Easily visualize your key data and make informed decisions.\" \/>\n<meta name=\"robots\" content=\"index, follow, max-snippet:-1, max-image-preview:large, max-video-preview:-1\" \/>\n<link rel=\"canonical\" href=\"https:\/\/www.gerep.fr\/en\/our-expertise-in-social-protection\/our-social-protection-services\/technical-control-dashboard\/\" \/>\n<meta property=\"og:locale\" content=\"en_US\" \/>\n<meta property=\"og:type\" content=\"article\" \/>\n<meta property=\"og:title\" content=\"Technical control\/dashboard\" \/>\n<meta property=\"og:description\" content=\"Optimize your technical management with our dashboards. Easily visualize your key data and make informed decisions.\" \/>\n<meta property=\"og:url\" content=\"https:\/\/www.gerep.fr\/en\/our-expertise-in-social-protection\/our-social-protection-services\/technical-control-dashboard\/\" \/>\n<meta property=\"og:site_name\" content=\"Gerep\" \/>\n<meta property=\"article:modified_time\" content=\"2025-01-22T13:43:30+00:00\" \/>\n<meta property=\"og:image\" content=\"https:\/\/www.gerep.fr\/wp-content\/uploads\/2023\/06\/Psychologie-2048x1365-1.webp\" \/>\n\t<meta property=\"og:image:width\" content=\"2048\" \/>\n\t<meta property=\"og:image:height\" content=\"1365\" \/>\n\t<meta property=\"og:image:type\" content=\"image\/webp\" \/>\n<meta name=\"twitter:card\" content=\"summary_large_image\" \/>\n<meta name=\"twitter:site\" content=\"@Gerep_Social\" \/>\n<script type=\"application\/ld+json\" class=\"yoast-schema-graph\">{\"@context\":\"https:\\\/\\\/schema.org\",\"@graph\":[{\"@type\":\"WebPage\",\"@id\":\"https:\\\/\\\/www.gerep.fr\\\/en\\\/our-expertise-in-social-protection\\\/our-social-protection-services\\\/technical-control-dashboard\\\/\",\"url\":\"https:\\\/\\\/www.gerep.fr\\\/en\\\/our-expertise-in-social-protection\\\/our-social-protection-services\\\/technical-control-dashboard\\\/\",\"name\":\"Technical control\\\/dashboard\",\"isPartOf\":{\"@id\":\"https:\\\/\\\/www.gerep.fr\\\/en\\\/#website\"},\"primaryImageOfPage\":{\"@id\":\"https:\\\/\\\/www.gerep.fr\\\/en\\\/our-expertise-in-social-protection\\\/our-social-protection-services\\\/technical-control-dashboard\\\/#primaryimage\"},\"image\":{\"@id\":\"https:\\\/\\\/www.gerep.fr\\\/en\\\/our-expertise-in-social-protection\\\/our-social-protection-services\\\/technical-control-dashboard\\\/#primaryimage\"},\"thumbnailUrl\":\"https:\\\/\\\/www.gerep.fr\\\/wp-content\\\/uploads\\\/2023\\\/06\\\/Psychologie-2048x1365-1.webp\",\"datePublished\":\"2023-07-25T13:47:48+00:00\",\"dateModified\":\"2025-01-22T13:43:30+00:00\",\"description\":\"Optimize your technical management with our dashboards. Easily visualize your key data and make informed decisions.\",\"breadcrumb\":{\"@id\":\"https:\\\/\\\/www.gerep.fr\\\/en\\\/our-expertise-in-social-protection\\\/our-social-protection-services\\\/technical-control-dashboard\\\/#breadcrumb\"},\"inLanguage\":\"en-US\",\"potentialAction\":[{\"@type\":\"ReadAction\",\"target\":[\"https:\\\/\\\/www.gerep.fr\\\/en\\\/our-expertise-in-social-protection\\\/our-social-protection-services\\\/technical-control-dashboard\\\/\"]}]},{\"@type\":\"ImageObject\",\"inLanguage\":\"en-US\",\"@id\":\"https:\\\/\\\/www.gerep.fr\\\/en\\\/our-expertise-in-social-protection\\\/our-social-protection-services\\\/technical-control-dashboard\\\/#primaryimage\",\"url\":\"https:\\\/\\\/www.gerep.fr\\\/wp-content\\\/uploads\\\/2023\\\/06\\\/Psychologie-2048x1365-1.webp\",\"contentUrl\":\"https:\\\/\\\/www.gerep.fr\\\/wp-content\\\/uploads\\\/2023\\\/06\\\/Psychologie-2048x1365-1.webp\",\"width\":2048,\"height\":1365,\"caption\":\"Psychologie 2048x1365 1\"},{\"@type\":\"BreadcrumbList\",\"@id\":\"https:\\\/\\\/www.gerep.fr\\\/en\\\/our-expertise-in-social-protection\\\/our-social-protection-services\\\/technical-control-dashboard\\\/#breadcrumb\",\"itemListElement\":[{\"@type\":\"ListItem\",\"position\":1,\"name\":\"Homepage\",\"item\":\"https:\\\/\\\/www.gerep.fr\\\/en\\\/home\\\/\"},{\"@type\":\"ListItem\",\"position\":2,\"name\":\"Our expertise in social protection\",\"item\":\"https:\\\/\\\/www.gerep.fr\\\/en\\\/our-expertise-in-social-protection\\\/\"},{\"@type\":\"ListItem\",\"position\":3,\"name\":\"Our social protection services\",\"item\":\"https:\\\/\\\/www.gerep.fr\\\/en\\\/our-expertise-in-social-protection\\\/our-social-protection-services\\\/\"},{\"@type\":\"ListItem\",\"position\":4,\"name\":\"Technical control\\\/dashboard\"}]},{\"@type\":\"WebSite\",\"@id\":\"https:\\\/\\\/www.gerep.fr\\\/en\\\/#website\",\"url\":\"https:\\\/\\\/www.gerep.fr\\\/en\\\/\",\"name\":\"Gerep\",\"description\":\"Courtier et Gestionnaire, Gerep est une soci\u00e9t\u00e9 de conseil en Protection Sociale. Expert en sant\u00e9, pr\u00e9voyance, retraite, QVCT et \u00e9pargne salariale\",\"publisher\":{\"@id\":\"https:\\\/\\\/www.gerep.fr\\\/en\\\/#organization\"},\"potentialAction\":[{\"@type\":\"SearchAction\",\"target\":{\"@type\":\"EntryPoint\",\"urlTemplate\":\"https:\\\/\\\/www.gerep.fr\\\/en\\\/?s={search_term_string}\"},\"query-input\":{\"@type\":\"PropertyValueSpecification\",\"valueRequired\":true,\"valueName\":\"search_term_string\"}}],\"inLanguage\":\"en-US\"},{\"@type\":\"Organization\",\"@id\":\"https:\\\/\\\/www.gerep.fr\\\/en\\\/#organization\",\"name\":\"Gerep\",\"url\":\"https:\\\/\\\/www.gerep.fr\\\/en\\\/\",\"logo\":{\"@type\":\"ImageObject\",\"inLanguage\":\"en-US\",\"@id\":\"https:\\\/\\\/www.gerep.fr\\\/en\\\/#\\\/schema\\\/logo\\\/image\\\/\",\"url\":\"https:\\\/\\\/www.gerep.fr\\\/wp-content\\\/uploads\\\/2023\\\/07\\\/logo-Gerep.jpg\",\"contentUrl\":\"https:\\\/\\\/www.gerep.fr\\\/wp-content\\\/uploads\\\/2023\\\/07\\\/logo-Gerep.jpg\",\"width\":640,\"height\":480,\"caption\":\"Gerep\"},\"image\":{\"@id\":\"https:\\\/\\\/www.gerep.fr\\\/en\\\/#\\\/schema\\\/logo\\\/image\\\/\"},\"sameAs\":[\"https:\\\/\\\/x.com\\\/Gerep_Social\"]}]}<\/script>\n<!-- \/ Yoast SEO Premium plugin. -->","yoast_head_json":{"title":"Technical control\/dashboard","description":"Optimize your technical management with our dashboards. Easily visualize your key data and make informed decisions.","robots":{"index":"index","follow":"follow","max-snippet":"max-snippet:-1","max-image-preview":"max-image-preview:large","max-video-preview":"max-video-preview:-1"},"canonical":"https:\/\/www.gerep.fr\/en\/our-expertise-in-social-protection\/our-social-protection-services\/technical-control-dashboard\/","og_locale":"en_US","og_type":"article","og_title":"Technical control\/dashboard","og_description":"Optimize your technical management with our dashboards. Easily visualize your key data and make informed decisions.","og_url":"https:\/\/www.gerep.fr\/en\/our-expertise-in-social-protection\/our-social-protection-services\/technical-control-dashboard\/","og_site_name":"Gerep","article_modified_time":"2025-01-22T13:43:30+00:00","og_image":[{"width":2048,"height":1365,"url":"https:\/\/www.gerep.fr\/wp-content\/uploads\/2023\/06\/Psychologie-2048x1365-1.webp","type":"image\/webp"}],"twitter_card":"summary_large_image","twitter_site":"@Gerep_Social","schema":{"@context":"https:\/\/schema.org","@graph":[{"@type":"WebPage","@id":"https:\/\/www.gerep.fr\/en\/our-expertise-in-social-protection\/our-social-protection-services\/technical-control-dashboard\/","url":"https:\/\/www.gerep.fr\/en\/our-expertise-in-social-protection\/our-social-protection-services\/technical-control-dashboard\/","name":"Technical control\/dashboard","isPartOf":{"@id":"https:\/\/www.gerep.fr\/en\/#website"},"primaryImageOfPage":{"@id":"https:\/\/www.gerep.fr\/en\/our-expertise-in-social-protection\/our-social-protection-services\/technical-control-dashboard\/#primaryimage"},"image":{"@id":"https:\/\/www.gerep.fr\/en\/our-expertise-in-social-protection\/our-social-protection-services\/technical-control-dashboard\/#primaryimage"},"thumbnailUrl":"https:\/\/www.gerep.fr\/wp-content\/uploads\/2023\/06\/Psychologie-2048x1365-1.webp","datePublished":"2023-07-25T13:47:48+00:00","dateModified":"2025-01-22T13:43:30+00:00","description":"Optimize your technical management with our dashboards. Easily visualize your key data and make informed decisions.","breadcrumb":{"@id":"https:\/\/www.gerep.fr\/en\/our-expertise-in-social-protection\/our-social-protection-services\/technical-control-dashboard\/#breadcrumb"},"inLanguage":"en-US","potentialAction":[{"@type":"ReadAction","target":["https:\/\/www.gerep.fr\/en\/our-expertise-in-social-protection\/our-social-protection-services\/technical-control-dashboard\/"]}]},{"@type":"ImageObject","inLanguage":"en-US","@id":"https:\/\/www.gerep.fr\/en\/our-expertise-in-social-protection\/our-social-protection-services\/technical-control-dashboard\/#primaryimage","url":"https:\/\/www.gerep.fr\/wp-content\/uploads\/2023\/06\/Psychologie-2048x1365-1.webp","contentUrl":"https:\/\/www.gerep.fr\/wp-content\/uploads\/2023\/06\/Psychologie-2048x1365-1.webp","width":2048,"height":1365,"caption":"Psychologie 2048x1365 1"},{"@type":"BreadcrumbList","@id":"https:\/\/www.gerep.fr\/en\/our-expertise-in-social-protection\/our-social-protection-services\/technical-control-dashboard\/#breadcrumb","itemListElement":[{"@type":"ListItem","position":1,"name":"Homepage","item":"https:\/\/www.gerep.fr\/en\/home\/"},{"@type":"ListItem","position":2,"name":"Our expertise in social protection","item":"https:\/\/www.gerep.fr\/en\/our-expertise-in-social-protection\/"},{"@type":"ListItem","position":3,"name":"Our social protection services","item":"https:\/\/www.gerep.fr\/en\/our-expertise-in-social-protection\/our-social-protection-services\/"},{"@type":"ListItem","position":4,"name":"Technical control\/dashboard"}]},{"@type":"WebSite","@id":"https:\/\/www.gerep.fr\/en\/#website","url":"https:\/\/www.gerep.fr\/en\/","name":"Gerep","description":"Courtier et Gestionnaire, Gerep est une soci\u00e9t\u00e9 de conseil en Protection Sociale. Expert en sant\u00e9, pr\u00e9voyance, retraite, QVCT et \u00e9pargne salariale","publisher":{"@id":"https:\/\/www.gerep.fr\/en\/#organization"},"potentialAction":[{"@type":"SearchAction","target":{"@type":"EntryPoint","urlTemplate":"https:\/\/www.gerep.fr\/en\/?s={search_term_string}"},"query-input":{"@type":"PropertyValueSpecification","valueRequired":true,"valueName":"search_term_string"}}],"inLanguage":"en-US"},{"@type":"Organization","@id":"https:\/\/www.gerep.fr\/en\/#organization","name":"Gerep","url":"https:\/\/www.gerep.fr\/en\/","logo":{"@type":"ImageObject","inLanguage":"en-US","@id":"https:\/\/www.gerep.fr\/en\/#\/schema\/logo\/image\/","url":"https:\/\/www.gerep.fr\/wp-content\/uploads\/2023\/07\/logo-Gerep.jpg","contentUrl":"https:\/\/www.gerep.fr\/wp-content\/uploads\/2023\/07\/logo-Gerep.jpg","width":640,"height":480,"caption":"Gerep"},"image":{"@id":"https:\/\/www.gerep.fr\/en\/#\/schema\/logo\/image\/"},"sameAs":["https:\/\/x.com\/Gerep_Social"]}]}},"_links":{"self":[{"href":"https:\/\/www.gerep.fr\/en\/wp-json\/wp\/v2\/pages\/9893","targetHints":{"allow":["GET"]}}],"collection":[{"href":"https:\/\/www.gerep.fr\/en\/wp-json\/wp\/v2\/pages"}],"about":[{"href":"https:\/\/www.gerep.fr\/en\/wp-json\/wp\/v2\/types\/page"}],"author":[{"embeddable":true,"href":"https:\/\/www.gerep.fr\/en\/wp-json\/wp\/v2\/users\/2"}],"replies":[{"embeddable":true,"href":"https:\/\/www.gerep.fr\/en\/wp-json\/wp\/v2\/comments?post=9893"}],"version-history":[{"count":2,"href":"https:\/\/www.gerep.fr\/en\/wp-json\/wp\/v2\/pages\/9893\/revisions"}],"predecessor-version":[{"id":11698,"href":"https:\/\/www.gerep.fr\/en\/wp-json\/wp\/v2\/pages\/9893\/revisions\/11698"}],"up":[{"embeddable":true,"href":"https:\/\/www.gerep.fr\/en\/wp-json\/wp\/v2\/pages\/9890"}],"wp:featuredmedia":[{"embeddable":true,"href":"https:\/\/www.gerep.fr\/en\/wp-json\/wp\/v2\/media\/2122"}],"wp:attachment":[{"href":"https:\/\/www.gerep.fr\/en\/wp-json\/wp\/v2\/media?parent=9893"}],"curies":[{"name":"wp","href":"https:\/\/api.w.org\/{rel}","templated":true}]}}