{"id":9895,"date":"2023-07-17T09:06:41","date_gmt":"2023-07-17T07:06:41","guid":{"rendered":"https:\/\/www.gerep.fr\/our-dna\/"},"modified":"2024-11-19T13:58:04","modified_gmt":"2024-11-19T12:58:04","slug":"our-dna","status":"publish","type":"page","link":"https:\/\/www.gerep.fr\/en\/our-dna\/","title":{"rendered":"Our DNA"},"content":{"rendered":"\n\n\t\t<h2>\n\t\t\tA socially useful broker\n\t\t<\/h2>\n\t<p>Would you like to work with a broker who puts your social performance at the heart of its mission?<\/p>\n\t<a href=\"https:\/\/www.gerep.fr\/en\/contact\/\" target=\"_self\" role=\"button\" aria-label=\"Let's talk\" title=\"Titre du bouton\">\n\t\t\t\t\t\tLet&#8217;s talk\n\t\t\t\t\t<\/a>\n\t\t<!-- Comment to fix spacing issue\n\t-->\n\t\t0M\u20acSales<br \/> 2022\n\t<!-- Comment to fix spacing issue\n\t-->\t\n\t\t<!-- Comment to fix spacing issue\n\t-->\n\t\t0 years  average customer loyalty <br \/>\n\t<!-- Comment to fix spacing issue\n\t-->\t\n\t\t<!-- Comment to fix spacing issue\n\t-->\n\t\t+0companies<br \/>customers\n\t<!-- Comment to fix spacing issue\n\t-->\t\n\t\t<!-- Comment to fix spacing issue\n\t-->\n\t\t0\/5a management system acclaimed<br \/> by our customers and policyholders\n\t<!-- Comment to fix spacing issue\n\t-->\t\n\t\t<!-- Comment to fix spacing issue\n\t-->\n\t\t0 yearscontinuous growth <br \/>\n\t<!-- Comment to fix spacing issue\n\t-->\t\n\t\t<h2>\n\t\t\tOur uniqueness\n\t\t<\/h2>\n\tA family-run brokerage firm founded in 1989, we specialize in <strong>group social protection<\/strong>.<br \/>\nWe support you in <strong>optimizing and enhancing your employee benefits<\/strong> (supplementary health, provident, retirement and employee savings schemes).<br \/>\nAt Gerep, we firmly believe that<strong> social protection is a key factor in employee well-being and corporate performance.<\/strong> That&#8217;s why we do our utmost to offer solutions that <strong>effectively reconcile your interests and those of your employees.<\/strong> Our global vision and <strong>tailor-made approach<\/strong> enable us to offer provident, health, retirement and employee savings solutions that meet the specific challenges of each company.<br \/>\nAs <strong>a true ally of your HR teams<\/strong>, we go beyond support to offer real <strong>solutions<\/strong> that address today&#8217;s issues: employee commitment, controlling absenteeism, enhancing employee benefits, or anticipating and managing retirement.<br \/>\nToday, Gerep employs over 70 people with expertise in actuarial, legal, technical, management and communication skills.\n\t\t\t\t\t\t\t\t\t<img decoding=\"async\" src=\"https:\/\/www.gerep.fr\/wp-content\/uploads\/2023\/09\/Photos-GEREP-54-570x380.jpg\" alt=\"Photos GEREP 54 scaled\" itemprop=\"image\" height=\"380\" width=\"570\" srcset=\"https:\/\/www.gerep.fr\/wp-content\/uploads\/2023\/09\/Photos-GEREP-54-570x380.jpg 570w, https:\/\/www.gerep.fr\/wp-content\/uploads\/2023\/09\/Photos-GEREP-54-300x200.jpg 300w, https:\/\/www.gerep.fr\/wp-content\/uploads\/2023\/09\/Photos-GEREP-54-1024x683.jpg 1024w, https:\/\/www.gerep.fr\/wp-content\/uploads\/2023\/09\/Photos-GEREP-54-768x512.jpg 768w, https:\/\/www.gerep.fr\/wp-content\/uploads\/2023\/09\/Photos-GEREP-54-1536x1024.jpg 1536w, https:\/\/www.gerep.fr\/wp-content\/uploads\/2023\/09\/Photos-GEREP-54-2048x1365.jpg 2048w\" sizes=\"(max-width: 570px) 100vw, 570px\" title=\"Photos GEREP 54 scaled\" onerror=\"this.style.display='none'\"  \/>\n\t<a href=\"https:\/\/www.gerep.fr\/en\/our-expertise-in-social-protection\/\" target=\"_self\" role=\"button\" aria-label=\"Discover our expertise\" title=\"Titre du bouton\">\n\t\t\t\t\t\tDiscover our expertise\n\t\t\t\t\t<\/a>\n\t\t\t\t\t\t\t\t\t<img decoding=\"async\" src=\"https:\/\/www.gerep.fr\/wp-content\/uploads\/2023\/08\/CODIR-570x562.jpg\" alt=\"CODIR scaled\" itemprop=\"image\" height=\"562\" width=\"570\" srcset=\"https:\/\/www.gerep.fr\/wp-content\/uploads\/2023\/08\/CODIR-570x562.jpg 570w, https:\/\/www.gerep.fr\/wp-content\/uploads\/2023\/08\/CODIR-300x296.jpg 300w, https:\/\/www.gerep.fr\/wp-content\/uploads\/2023\/08\/CODIR-1024x1009.jpg 1024w, https:\/\/www.gerep.fr\/wp-content\/uploads\/2023\/08\/CODIR-768x757.jpg 768w, https:\/\/www.gerep.fr\/wp-content\/uploads\/2023\/08\/CODIR-1536x1514.jpg 1536w, https:\/\/www.gerep.fr\/wp-content\/uploads\/2023\/08\/CODIR-2048x2019.jpg 2048w\" sizes=\"(max-width: 570px) 100vw, 570px\" title=\"CODIR scaled\" onerror=\"this.style.display='none'\"  \/>\n\t\t<h2>\n\t\t\t  The 1,000th French mission company\n\t\t<\/h2>\n\tBecause we have a strong appetite for joint dialogue and risk prevention, and because we wish to underpin our commitment to society, we have adopted the status of company with a mission at the end of 2022.<br \/>\nContributing to the social performance of companies and the well-being of insured people is the raison d&#8217;\u00eatre we have enshrined in our bylaws.<br \/>\nThese are strong commitments we are making:\n\t\t\t <p>For <strong>protected persons<\/strong>, as a platform for innovation and aggregation of services to make their lives easier<\/p>\t\t\n\t\t\t <p>With <strong>employers<\/strong>, by supporting them in their social role and assisting them in social dialogue with their employees<\/p>\t\t\n\t\t\t <p>With <strong>government bodies, employers and<\/strong> insurance <strong>professionals<\/strong>, to advance the public debate on social protection and improve its effectiveness.<\/p>\t\t\n\t\t\t <p>With our <strong>ecosystem<\/strong>, to generate a positive social and environmental impact<\/p>\t\t\n\t\t<h2>\n\t\t\tWould you like to find out more about our approach?\n\t\t<\/h2>\n\t<a href=\"https:\/\/www.youtube.com\/watch?v=gBAKxsbshFo\" target=\"_blank\" role=\"button\" rel=\"noopener\" aria-label=\"Watch our video\" title=\"Titre du bouton\">\n\t\t\t\t\t\tWatch our video\n\t\t\t\t\t<\/a>\n\t\t<h2>\n\t\t\tWhat is our added value?\n\t\t<\/h2>\n\tOur brokerage relationship is first and foremost a partnership in the technical and legal management of your employees&#8217; social protection insurance contracts.<br \/>\nWe accept professional responsibility for the advice and recommendations we provide.<br \/>\nAs a broker-consultant, we act as a trusted intermediary between insurance partners and corporate clients, making it easier for you to make decisions and increasing your negotiating power.<br \/>\nAs part of our raison d&#8217;\u00eatre, our contribution to your company&#8217;s social performance is an asset for strengthening your employer brand and building employee loyalty.   \n\t\t<ul>\n\t\t\t\t\t<li>\n\t\t\t\t<h3>Our raison d&#8217;\u00eatre<\/h3>\n\t\t\t<\/li>\n\t\t\t\t\t<li>\n\t\t\t\t<h3>Our financial independence from insurers<\/h3>\n\t\t\t<\/li>\n\t\t\t\t\t<li>\n\t\t\t\t<h3>Operational involvement of our management<\/h3>\n\t\t\t<\/li>\n\t\t\t\t\t<li>\n\t\t\t\t<h3>Satisfaction of HR teams and policyholders<\/h3>\n\t\t\t<\/li>\n\t\t\t\t<\/ul>\n\t<p>&nbsp;<\/p>\n<p><strong>Is our approach right for your company?<\/strong><\/p>\n\t\t\t\t\t\t\t\t\t<img decoding=\"async\" src=\"https:\/\/www.gerep.fr\/wp-content\/uploads\/2023\/09\/Photos-GEREP-68-570x380.jpg\" alt=\"Photos GEREP 68 scaled\" itemprop=\"image\" height=\"380\" width=\"570\" srcset=\"https:\/\/www.gerep.fr\/wp-content\/uploads\/2023\/09\/Photos-GEREP-68-570x380.jpg 570w, https:\/\/www.gerep.fr\/wp-content\/uploads\/2023\/09\/Photos-GEREP-68-300x200.jpg 300w, https:\/\/www.gerep.fr\/wp-content\/uploads\/2023\/09\/Photos-GEREP-68-1024x683.jpg 1024w, https:\/\/www.gerep.fr\/wp-content\/uploads\/2023\/09\/Photos-GEREP-68-768x512.jpg 768w, https:\/\/www.gerep.fr\/wp-content\/uploads\/2023\/09\/Photos-GEREP-68-1536x1024.jpg 1536w, https:\/\/www.gerep.fr\/wp-content\/uploads\/2023\/09\/Photos-GEREP-68-2048x1365.jpg 2048w\" sizes=\"(max-width: 570px) 100vw, 570px\" title=\"Photos GEREP 68 scaled\" onerror=\"this.style.display='none'\"  \/>\n\t<a href=\"https:\/\/www.gerep.fr\/en\/contact\/\" target=\"_self\" role=\"button\" aria-label=\"Let's meet\" title=\"Titre du bouton\">\n\t\t\t\t\t\tLet&#8217;s meet\n\t\t\t\t\t<\/a>\n\n","protected":false},"excerpt":{"rendered":"<p>A socially useful broker Would you like to work with a broker who puts your social performance at the heart of its mission? Let&#8217;s talk 0M\u20acSales 2022 0 years average customer loyalty +0companiescustomers 0\/5a management system acclaimed by our customers and policyholders 0 yearscontinuous growth Our uniqueness A family-run brokerage firm founded in 1989, we&hellip;<\/p>\n","protected":false},"author":2,"featured_media":7422,"parent":0,"menu_order":0,"comment_status":"closed","ping_status":"closed","template":"","meta":{"_acf_changed":false,"content-type":"","footnotes":""},"class_list":["post-9895","page","type-page","status-publish","has-post-thumbnail","hentry"],"acf":[],"yoast_head":"<!-- This site is optimized with the Yoast SEO Premium plugin v27.3 (Yoast SEO v27.4) - https:\/\/yoast.com\/product\/yoast-seo-premium-wordpress\/ -->\n<title>Our DNA - Gerep<\/title>\n<meta name=\"description\" content=\"A socially useful broker Would you like to work with a broker who puts your social performance at the heart of its mission? Let&#039;s talk 0M\u20acSales 2022 0\" \/>\n<meta name=\"robots\" content=\"index, follow, max-snippet:-1, max-image-preview:large, max-video-preview:-1\" \/>\n<link rel=\"canonical\" href=\"https:\/\/www.gerep.fr\/en\/our-dna\/\" \/>\n<meta property=\"og:locale\" content=\"en_US\" \/>\n<meta property=\"og:type\" content=\"article\" \/>\n<meta property=\"og:title\" content=\"Our DNA\" \/>\n<meta property=\"og:description\" content=\"A socially useful broker Would you like to work with a broker who puts your social performance at the heart of its mission? Let&#039;s talk 0M\u20acSales 2022 0\" \/>\n<meta property=\"og:url\" content=\"https:\/\/www.gerep.fr\/en\/our-dna\/\" \/>\n<meta property=\"og:site_name\" content=\"Gerep\" \/>\n<meta property=\"article:modified_time\" content=\"2024-11-19T12:58:04+00:00\" \/>\n<meta property=\"og:image\" content=\"https:\/\/www.gerep.fr\/wp-content\/uploads\/2023\/09\/ADN-Photos-GEREP-1-49-scaled.jpg\" \/>\n\t<meta property=\"og:image:width\" content=\"2048\" \/>\n\t<meta property=\"og:image:height\" content=\"914\" \/>\n\t<meta property=\"og:image:type\" content=\"image\/jpeg\" \/>\n<meta name=\"twitter:card\" content=\"summary_large_image\" \/>\n<meta name=\"twitter:site\" content=\"@Gerep_Social\" \/>\n<meta name=\"twitter:label1\" content=\"Est. reading time\" \/>\n\t<meta name=\"twitter:data1\" content=\"3 minutes\" \/>\n<script type=\"application\/ld+json\" class=\"yoast-schema-graph\">{\"@context\":\"https:\\\/\\\/schema.org\",\"@graph\":[{\"@type\":\"WebPage\",\"@id\":\"https:\\\/\\\/www.gerep.fr\\\/en\\\/our-dna\\\/\",\"url\":\"https:\\\/\\\/www.gerep.fr\\\/en\\\/our-dna\\\/\",\"name\":\"Our DNA - Gerep\",\"isPartOf\":{\"@id\":\"https:\\\/\\\/www.gerep.fr\\\/en\\\/#website\"},\"primaryImageOfPage\":{\"@id\":\"https:\\\/\\\/www.gerep.fr\\\/en\\\/our-dna\\\/#primaryimage\"},\"image\":{\"@id\":\"https:\\\/\\\/www.gerep.fr\\\/en\\\/our-dna\\\/#primaryimage\"},\"thumbnailUrl\":\"https:\\\/\\\/www.gerep.fr\\\/wp-content\\\/uploads\\\/2023\\\/09\\\/ADN-Photos-GEREP-1-49-scaled.jpg\",\"datePublished\":\"2023-07-17T07:06:41+00:00\",\"dateModified\":\"2024-11-19T12:58:04+00:00\",\"description\":\"A socially useful broker Would you like to work with a broker who puts your social performance at the heart of its mission? Let's talk 0M\u20acSales 2022 0\",\"breadcrumb\":{\"@id\":\"https:\\\/\\\/www.gerep.fr\\\/en\\\/our-dna\\\/#breadcrumb\"},\"inLanguage\":\"en-US\",\"potentialAction\":[{\"@type\":\"ReadAction\",\"target\":[\"https:\\\/\\\/www.gerep.fr\\\/en\\\/our-dna\\\/\"]}]},{\"@type\":\"ImageObject\",\"inLanguage\":\"en-US\",\"@id\":\"https:\\\/\\\/www.gerep.fr\\\/en\\\/our-dna\\\/#primaryimage\",\"url\":\"https:\\\/\\\/www.gerep.fr\\\/wp-content\\\/uploads\\\/2023\\\/09\\\/ADN-Photos-GEREP-1-49-scaled.jpg\",\"contentUrl\":\"https:\\\/\\\/www.gerep.fr\\\/wp-content\\\/uploads\\\/2023\\\/09\\\/ADN-Photos-GEREP-1-49-scaled.jpg\",\"width\":2048,\"height\":914,\"caption\":\"ADN Photos GEREP 1 49 scaled\"},{\"@type\":\"BreadcrumbList\",\"@id\":\"https:\\\/\\\/www.gerep.fr\\\/en\\\/our-dna\\\/#breadcrumb\",\"itemListElement\":[{\"@type\":\"ListItem\",\"position\":1,\"name\":\"Homepage\",\"item\":\"https:\\\/\\\/www.gerep.fr\\\/en\\\/home\\\/\"},{\"@type\":\"ListItem\",\"position\":2,\"name\":\"Our DNA\"}]},{\"@type\":\"WebSite\",\"@id\":\"https:\\\/\\\/www.gerep.fr\\\/en\\\/#website\",\"url\":\"https:\\\/\\\/www.gerep.fr\\\/en\\\/\",\"name\":\"Gerep\",\"description\":\"Courtier et Gestionnaire, Gerep est une soci\u00e9t\u00e9 de conseil en Protection Sociale. Expert en sant\u00e9, pr\u00e9voyance, retraite, QVCT et \u00e9pargne salariale\",\"publisher\":{\"@id\":\"https:\\\/\\\/www.gerep.fr\\\/en\\\/#organization\"},\"potentialAction\":[{\"@type\":\"SearchAction\",\"target\":{\"@type\":\"EntryPoint\",\"urlTemplate\":\"https:\\\/\\\/www.gerep.fr\\\/en\\\/?s={search_term_string}\"},\"query-input\":{\"@type\":\"PropertyValueSpecification\",\"valueRequired\":true,\"valueName\":\"search_term_string\"}}],\"inLanguage\":\"en-US\"},{\"@type\":\"Organization\",\"@id\":\"https:\\\/\\\/www.gerep.fr\\\/en\\\/#organization\",\"name\":\"Gerep\",\"url\":\"https:\\\/\\\/www.gerep.fr\\\/en\\\/\",\"logo\":{\"@type\":\"ImageObject\",\"inLanguage\":\"en-US\",\"@id\":\"https:\\\/\\\/www.gerep.fr\\\/en\\\/#\\\/schema\\\/logo\\\/image\\\/\",\"url\":\"https:\\\/\\\/www.gerep.fr\\\/wp-content\\\/uploads\\\/2023\\\/07\\\/logo-Gerep.jpg\",\"contentUrl\":\"https:\\\/\\\/www.gerep.fr\\\/wp-content\\\/uploads\\\/2023\\\/07\\\/logo-Gerep.jpg\",\"width\":640,\"height\":480,\"caption\":\"Gerep\"},\"image\":{\"@id\":\"https:\\\/\\\/www.gerep.fr\\\/en\\\/#\\\/schema\\\/logo\\\/image\\\/\"},\"sameAs\":[\"https:\\\/\\\/x.com\\\/Gerep_Social\"]}]}<\/script>\n<!-- \/ Yoast SEO Premium plugin. -->","yoast_head_json":{"title":"Our DNA - Gerep","description":"A socially useful broker Would you like to work with a broker who puts your social performance at the heart of its mission? Let's talk 0M\u20acSales 2022 0","robots":{"index":"index","follow":"follow","max-snippet":"max-snippet:-1","max-image-preview":"max-image-preview:large","max-video-preview":"max-video-preview:-1"},"canonical":"https:\/\/www.gerep.fr\/en\/our-dna\/","og_locale":"en_US","og_type":"article","og_title":"Our DNA","og_description":"A socially useful broker Would you like to work with a broker who puts your social performance at the heart of its mission? Let's talk 0M\u20acSales 2022 0","og_url":"https:\/\/www.gerep.fr\/en\/our-dna\/","og_site_name":"Gerep","article_modified_time":"2024-11-19T12:58:04+00:00","og_image":[{"width":2048,"height":914,"url":"https:\/\/www.gerep.fr\/wp-content\/uploads\/2023\/09\/ADN-Photos-GEREP-1-49-scaled.jpg","type":"image\/jpeg"}],"twitter_card":"summary_large_image","twitter_site":"@Gerep_Social","twitter_misc":{"Est. reading time":"3 minutes"},"schema":{"@context":"https:\/\/schema.org","@graph":[{"@type":"WebPage","@id":"https:\/\/www.gerep.fr\/en\/our-dna\/","url":"https:\/\/www.gerep.fr\/en\/our-dna\/","name":"Our DNA - Gerep","isPartOf":{"@id":"https:\/\/www.gerep.fr\/en\/#website"},"primaryImageOfPage":{"@id":"https:\/\/www.gerep.fr\/en\/our-dna\/#primaryimage"},"image":{"@id":"https:\/\/www.gerep.fr\/en\/our-dna\/#primaryimage"},"thumbnailUrl":"https:\/\/www.gerep.fr\/wp-content\/uploads\/2023\/09\/ADN-Photos-GEREP-1-49-scaled.jpg","datePublished":"2023-07-17T07:06:41+00:00","dateModified":"2024-11-19T12:58:04+00:00","description":"A socially useful broker Would you like to work with a broker who puts your social performance at the heart of its mission? Let's talk 0M\u20acSales 2022 0","breadcrumb":{"@id":"https:\/\/www.gerep.fr\/en\/our-dna\/#breadcrumb"},"inLanguage":"en-US","potentialAction":[{"@type":"ReadAction","target":["https:\/\/www.gerep.fr\/en\/our-dna\/"]}]},{"@type":"ImageObject","inLanguage":"en-US","@id":"https:\/\/www.gerep.fr\/en\/our-dna\/#primaryimage","url":"https:\/\/www.gerep.fr\/wp-content\/uploads\/2023\/09\/ADN-Photos-GEREP-1-49-scaled.jpg","contentUrl":"https:\/\/www.gerep.fr\/wp-content\/uploads\/2023\/09\/ADN-Photos-GEREP-1-49-scaled.jpg","width":2048,"height":914,"caption":"ADN Photos GEREP 1 49 scaled"},{"@type":"BreadcrumbList","@id":"https:\/\/www.gerep.fr\/en\/our-dna\/#breadcrumb","itemListElement":[{"@type":"ListItem","position":1,"name":"Homepage","item":"https:\/\/www.gerep.fr\/en\/home\/"},{"@type":"ListItem","position":2,"name":"Our DNA"}]},{"@type":"WebSite","@id":"https:\/\/www.gerep.fr\/en\/#website","url":"https:\/\/www.gerep.fr\/en\/","name":"Gerep","description":"Courtier et Gestionnaire, Gerep est une soci\u00e9t\u00e9 de conseil en Protection Sociale. Expert en sant\u00e9, pr\u00e9voyance, retraite, QVCT et \u00e9pargne salariale","publisher":{"@id":"https:\/\/www.gerep.fr\/en\/#organization"},"potentialAction":[{"@type":"SearchAction","target":{"@type":"EntryPoint","urlTemplate":"https:\/\/www.gerep.fr\/en\/?s={search_term_string}"},"query-input":{"@type":"PropertyValueSpecification","valueRequired":true,"valueName":"search_term_string"}}],"inLanguage":"en-US"},{"@type":"Organization","@id":"https:\/\/www.gerep.fr\/en\/#organization","name":"Gerep","url":"https:\/\/www.gerep.fr\/en\/","logo":{"@type":"ImageObject","inLanguage":"en-US","@id":"https:\/\/www.gerep.fr\/en\/#\/schema\/logo\/image\/","url":"https:\/\/www.gerep.fr\/wp-content\/uploads\/2023\/07\/logo-Gerep.jpg","contentUrl":"https:\/\/www.gerep.fr\/wp-content\/uploads\/2023\/07\/logo-Gerep.jpg","width":640,"height":480,"caption":"Gerep"},"image":{"@id":"https:\/\/www.gerep.fr\/en\/#\/schema\/logo\/image\/"},"sameAs":["https:\/\/x.com\/Gerep_Social"]}]}},"_links":{"self":[{"href":"https:\/\/www.gerep.fr\/en\/wp-json\/wp\/v2\/pages\/9895","targetHints":{"allow":["GET"]}}],"collection":[{"href":"https:\/\/www.gerep.fr\/en\/wp-json\/wp\/v2\/pages"}],"about":[{"href":"https:\/\/www.gerep.fr\/en\/wp-json\/wp\/v2\/types\/page"}],"author":[{"embeddable":true,"href":"https:\/\/www.gerep.fr\/en\/wp-json\/wp\/v2\/users\/2"}],"replies":[{"embeddable":true,"href":"https:\/\/www.gerep.fr\/en\/wp-json\/wp\/v2\/comments?post=9895"}],"version-history":[{"count":2,"href":"https:\/\/www.gerep.fr\/en\/wp-json\/wp\/v2\/pages\/9895\/revisions"}],"predecessor-version":[{"id":11145,"href":"https:\/\/www.gerep.fr\/en\/wp-json\/wp\/v2\/pages\/9895\/revisions\/11145"}],"wp:featuredmedia":[{"embeddable":true,"href":"https:\/\/www.gerep.fr\/en\/wp-json\/wp\/v2\/media\/7422"}],"wp:attachment":[{"href":"https:\/\/www.gerep.fr\/en\/wp-json\/wp\/v2\/media?parent=9895"}],"curies":[{"name":"wp","href":"https:\/\/api.w.org\/{rel}","templated":true}]}}