{"id":9897,"date":"2023-07-20T15:31:45","date_gmt":"2023-07-20T13:31:45","guid":{"rendered":"https:\/\/www.gerep.fr\/our-dna\/our-human-values\/"},"modified":"2025-06-23T16:01:18","modified_gmt":"2025-06-23T14:01:18","slug":"our-human-values","status":"publish","type":"page","link":"https:\/\/www.gerep.fr\/en\/our-dna\/our-human-values\/","title":{"rendered":"Our expert team"},"content":{"rendered":"\n\n\t\t<h2>\n\t\t\tOur management\n\t\t<\/h2>\n\tOur management is operationally involved in customer relations.<br \/>\nOur proximity to insurers means we can intervene quickly and efficiently. \n\t<meta itemscope itemprop=\"mainEntityOfPage\" itemtype=\"https:\/\/schema.org\/WebPage\" itemid=\"http:\/\/10286\" content=\"Damien VIEILLARD-BARON\" \/><meta itemprop=\"datePublished\" content=\"2023-07-18\" \/><meta itemprop=\"dateModified\" content=\"2024-10-14\" \/><meta itemprop=\"name\" content=\"Gerep\"\/><meta itemprop=\"url\" content=\"https:\/\/www.gerep.fr\/en\/blog\/author\/web-ia\/\" \/><meta itemprop=\"name\" content=\"WEB IA\" \/><meta itemprop=\"interactionType\" content=\"https:\/\/schema.org\/CommentAction\" \/><meta itemprop=\"userInteractionCount\" content=\"0\" \/>\n    <img decoding=\"async\" src=\"https:\/\/www.gerep.fr\/wp-content\/uploads\/2023\/07\/Damien-President.png\"\/>\n        <h3>Damien VIEILLARD-BARON<\/h3>\n        \n        Chairman\n    \n    \t<a href=\"#\">Read more<\/a>\n\t<meta itemscope itemprop=\"mainEntityOfPage\" itemtype=\"https:\/\/schema.org\/WebPage\" itemid=\"http:\/\/10294\" content=\"Maryline BOUGARD\" \/><meta itemprop=\"datePublished\" content=\"2023-07-18\" \/><meta itemprop=\"dateModified\" content=\"2023-07-18\" \/><meta itemprop=\"name\" content=\"Gerep\"\/><meta itemprop=\"url\" content=\"https:\/\/www.gerep.fr\/en\/blog\/author\/web-ia\/\" \/><meta itemprop=\"name\" content=\"WEB IA\" \/><meta itemprop=\"interactionType\" content=\"https:\/\/schema.org\/CommentAction\" \/><meta itemprop=\"userInteractionCount\" content=\"0\" \/>\n    <img decoding=\"async\" src=\"https:\/\/www.gerep.fr\/wp-content\/uploads\/2023\/07\/Maryline-Gestion.png\"\/>\n        <h3>Maryline BOUGARD<\/h3>\n        \n        TPA Director\n    \n    \t<a href=\"#\">Read more<\/a>\n\t<meta itemscope itemprop=\"mainEntityOfPage\" itemtype=\"https:\/\/schema.org\/WebPage\" itemid=\"http:\/\/10289\" content=\"Julien JOURDIN\" \/><meta itemprop=\"datePublished\" content=\"2024-02-12\" \/><meta itemprop=\"dateModified\" content=\"2024-02-12\" \/><meta itemprop=\"name\" content=\"Gerep\"\/><meta itemprop=\"url\" content=\"https:\/\/www.gerep.fr\/en\/blog\/author\/web-ia\/\" \/><meta itemprop=\"name\" content=\"WEB IA\" \/><meta itemprop=\"interactionType\" content=\"https:\/\/schema.org\/CommentAction\" \/><meta itemprop=\"userInteractionCount\" content=\"0\" \/>\n    <img decoding=\"async\" src=\"https:\/\/www.gerep.fr\/wp-content\/uploads\/2023\/07\/Julien-charge-de-clientele-1.png\"\/>\n        <h3>Julien JOURDIN<\/h3>\n        \n        Development Director\n    \n    \t<a href=\"#\">Read more<\/a>\n\t<meta itemscope itemprop=\"mainEntityOfPage\" itemtype=\"https:\/\/schema.org\/WebPage\" itemid=\"http:\/\/10293\" content=\"Matthias LESPINASSE\" \/><meta itemprop=\"datePublished\" content=\"2023-07-18\" \/><meta itemprop=\"dateModified\" content=\"2023-07-18\" \/><meta itemprop=\"name\" content=\"Gerep\"\/><meta itemprop=\"url\" content=\"https:\/\/www.gerep.fr\/en\/blog\/author\/web-ia\/\" \/><meta itemprop=\"name\" content=\"WEB IA\" \/><meta itemprop=\"interactionType\" content=\"https:\/\/schema.org\/CommentAction\" \/><meta itemprop=\"userInteractionCount\" content=\"0\" \/>\n    <img decoding=\"async\" src=\"https:\/\/www.gerep.fr\/wp-content\/uploads\/2023\/07\/Matthias-Direction-technique.png\"\/>\n        <h3>Matthias LESPINASSE<\/h3>\n        \n        Technical and Actuarial Manager\n    \n    \t<a href=\"#\">Read more<\/a>\n\t<meta itemscope itemprop=\"mainEntityOfPage\" itemtype=\"https:\/\/schema.org\/WebPage\" itemid=\"http:\/\/10292\" content=\"Margaux VIEILLARD-BARON\" \/><meta itemprop=\"datePublished\" content=\"2023-08-21\" \/><meta itemprop=\"dateModified\" content=\"2023-08-21\" \/><meta itemprop=\"name\" content=\"Gerep\"\/><meta itemprop=\"url\" content=\"https:\/\/www.gerep.fr\/en\/blog\/author\/margaux-vb\/\" \/><meta itemprop=\"name\" content=\"Margaux VB\" \/><meta itemprop=\"interactionType\" content=\"https:\/\/schema.org\/CommentAction\" \/><meta itemprop=\"userInteractionCount\" content=\"0\" \/>\n    <img decoding=\"async\" src=\"https:\/\/www.gerep.fr\/wp-content\/uploads\/2023\/08\/Margaux-Marketing.png\"\/>\n        <h3>Margaux VIEILLARD-BARON<\/h3>\n        \n        Head of Marketing and Communication \n    \n    \t<a href=\"#\">Read more<\/a>\n\t\t<!-- .pp-content-posts -->\n\t\t<h2>\n\t\t\tOur sales team\n\t\t<\/h2>\n\tOur experts play a crucial role in shaping our customers&#8217; social protection strategy. protection strategy.<br \/>\nTheir main objective is to their to provide quality service responding to their requests, guiding them in the choice and management of services best suited to their needs and those of their employees. \n\t<meta itemscope itemprop=\"mainEntityOfPage\" itemtype=\"https:\/\/schema.org\/WebPage\" itemid=\"http:\/\/10281\" content=\"Amadou KASS\u00c9\" \/><meta itemprop=\"datePublished\" content=\"2023-08-18\" \/><meta itemprop=\"dateModified\" content=\"2023-08-18\" \/><meta itemprop=\"name\" content=\"Gerep\"\/><meta itemprop=\"url\" content=\"https:\/\/www.gerep.fr\/en\/blog\/author\/margaux-vb\/\" \/><meta itemprop=\"name\" content=\"Margaux VB\" \/><meta itemprop=\"interactionType\" content=\"https:\/\/schema.org\/CommentAction\" \/><meta itemprop=\"userInteractionCount\" content=\"0\" \/>\n    <img decoding=\"async\" src=\"https:\/\/www.gerep.fr\/wp-content\/uploads\/2023\/08\/Amadou-charge-de-clientele.png\"\/>\n        <h3>Amadou KASS\u00c9<\/h3>\n        \n        Pensions and Employee Savings Director\n    \n    \t<a href=\"#\">Read more<\/a>\n\t<meta itemscope itemprop=\"mainEntityOfPage\" itemtype=\"https:\/\/schema.org\/WebPage\" itemid=\"http:\/\/10282\" content=\"Anissa KHABOUT\" \/><meta itemprop=\"datePublished\" content=\"2023-07-18\" \/><meta itemprop=\"dateModified\" content=\"2023-07-18\" \/><meta itemprop=\"name\" content=\"Gerep\"\/><meta itemprop=\"url\" content=\"https:\/\/www.gerep.fr\/en\/blog\/author\/margaux-vb\/\" \/><meta itemprop=\"name\" content=\"Margaux VB\" \/><meta itemprop=\"interactionType\" content=\"https:\/\/schema.org\/CommentAction\" \/><meta itemprop=\"userInteractionCount\" content=\"0\" \/>\n    <img decoding=\"async\" src=\"https:\/\/www.gerep.fr\/wp-content\/uploads\/2023\/09\/Anissa-technico-commerciale.png\"\/>\n        <h3>Anissa KHABOUT<\/h3>\n        \n        Sales Technician\n    \n    \t<a href=\"#\">Read more<\/a>\n\t<meta itemscope itemprop=\"mainEntityOfPage\" itemtype=\"https:\/\/schema.org\/WebPage\" itemid=\"http:\/\/10283\" content=\"Audrey CHARLETTE\" \/><meta itemprop=\"datePublished\" content=\"2023-07-18\" \/><meta itemprop=\"dateModified\" content=\"2023-07-18\" \/><meta itemprop=\"name\" content=\"Gerep\"\/><meta itemprop=\"url\" content=\"https:\/\/www.gerep.fr\/en\/blog\/author\/web-ia\/\" \/><meta itemprop=\"name\" content=\"WEB IA\" \/><meta itemprop=\"interactionType\" content=\"https:\/\/schema.org\/CommentAction\" \/><meta itemprop=\"userInteractionCount\" content=\"0\" \/>\n    <img decoding=\"async\" src=\"https:\/\/www.gerep.fr\/wp-content\/uploads\/2023\/07\/Audrey-chargee-de-clientele.png\"\/>\n        <h3>Audrey CHARLETTE<\/h3>\n        \n        Account manager for small and medium-sized businesses\n    \n    \t<a href=\"#\">Read more<\/a>\n\t<meta itemscope itemprop=\"mainEntityOfPage\" itemtype=\"https:\/\/schema.org\/WebPage\" itemid=\"http:\/\/10284\" content=\"Camille PELOUARD\" \/><meta itemprop=\"datePublished\" content=\"2023-07-18\" \/><meta itemprop=\"dateModified\" content=\"2023-07-18\" \/><meta itemprop=\"name\" content=\"Gerep\"\/><meta itemprop=\"url\" content=\"https:\/\/www.gerep.fr\/en\/blog\/author\/web-ia\/\" \/><meta itemprop=\"name\" content=\"WEB IA\" \/><meta itemprop=\"interactionType\" content=\"https:\/\/schema.org\/CommentAction\" \/><meta itemprop=\"userInteractionCount\" content=\"0\" \/>\n    <img decoding=\"async\" src=\"https:\/\/www.gerep.fr\/wp-content\/uploads\/2023\/07\/Camille-Chargee-de-comptes.png\"\/>\n        <h3>Camille PELOUARD<\/h3>\n        \n        Client relationship Manager\n    \n    \t<a href=\"#\">Read more<\/a>\n\t<meta itemscope itemprop=\"mainEntityOfPage\" itemtype=\"https:\/\/schema.org\/WebPage\" itemid=\"http:\/\/10287\" content=\"Estelle BALDERESCHI\" \/><meta itemprop=\"datePublished\" content=\"2023-07-18\" \/><meta itemprop=\"dateModified\" content=\"2023-07-18\" \/><meta itemprop=\"name\" content=\"Gerep\"\/><meta itemprop=\"url\" content=\"https:\/\/www.gerep.fr\/en\/blog\/author\/web-ia\/\" \/><meta itemprop=\"name\" content=\"WEB IA\" \/><meta itemprop=\"interactionType\" content=\"https:\/\/schema.org\/CommentAction\" \/><meta itemprop=\"userInteractionCount\" content=\"0\" \/>\n    <img decoding=\"async\" src=\"https:\/\/www.gerep.fr\/wp-content\/uploads\/2023\/07\/Estelle-Chargee-de-comptes.png\"\/>\n        <h3>Estelle BALDERESCHI<\/h3>\n        \n        Client relationship Manager\n    \n    \t<a href=\"#\">Read more<\/a>\n\t<meta itemscope itemprop=\"mainEntityOfPage\" itemtype=\"https:\/\/schema.org\/WebPage\" itemid=\"http:\/\/10291\" content=\"Maeva AOUALLI\" \/><meta itemprop=\"datePublished\" content=\"2023-08-18\" \/><meta itemprop=\"dateModified\" content=\"2023-08-18\" \/><meta itemprop=\"name\" content=\"Gerep\"\/><meta itemprop=\"url\" content=\"https:\/\/www.gerep.fr\/en\/blog\/author\/margaux-vb\/\" \/><meta itemprop=\"name\" content=\"Margaux VB\" \/><meta itemprop=\"interactionType\" content=\"https:\/\/schema.org\/CommentAction\" \/><meta itemprop=\"userInteractionCount\" content=\"0\" \/>\n    <img decoding=\"async\" src=\"https:\/\/www.gerep.fr\/wp-content\/uploads\/2023\/08\/Maeva-chargee-de-comptes.png\"\/>\n        <h3>Maeva AOUALLI<\/h3>\n        \n        Account Manager\n    \n    \t<a href=\"#\">Read more<\/a>\n\t<meta itemscope itemprop=\"mainEntityOfPage\" itemtype=\"https:\/\/schema.org\/WebPage\" itemid=\"http:\/\/10296\" content=\"Sophie SERVER\" \/><meta itemprop=\"datePublished\" content=\"2023-07-18\" \/><meta itemprop=\"dateModified\" content=\"2023-07-18\" \/><meta itemprop=\"name\" content=\"Gerep\"\/><meta itemprop=\"url\" content=\"https:\/\/www.gerep.fr\/en\/blog\/author\/web-ia\/\" \/><meta itemprop=\"name\" content=\"WEB IA\" \/><meta itemprop=\"interactionType\" content=\"https:\/\/schema.org\/CommentAction\" \/><meta itemprop=\"userInteractionCount\" content=\"0\" \/>\n    <img decoding=\"async\" src=\"https:\/\/www.gerep.fr\/wp-content\/uploads\/2023\/07\/Sophie-chargee-de-clientele.png\"\/>\n        <h3>Sophie SERVER<\/h3>\n        \n        Client relationship Manager\n    \n    \t<a href=\"#\">Read more<\/a>\n\t\t<!-- .pp-content-posts -->\n\t\t<h2>\n\t\t\tOur experts\n\t\t<\/h2>\n\t<p>Our experts can support your HR teams and your employees in a wide range of areas, such as reimbursement of healthcare costs, sick leave management, internal communications and the provision of fluid digital platforms.<\/p>\n\t<meta itemscope itemprop=\"mainEntityOfPage\" itemtype=\"https:\/\/schema.org\/WebPage\" itemid=\"http:\/\/10295\" content=\"Sandrine BEQUART\" \/><meta itemprop=\"datePublished\" content=\"2023-08-21\" \/><meta itemprop=\"dateModified\" content=\"2023-08-21\" \/><meta itemprop=\"name\" content=\"Gerep\"\/><meta itemprop=\"url\" content=\"https:\/\/www.gerep.fr\/en\/blog\/author\/margaux-vb\/\" \/><meta itemprop=\"name\" content=\"Margaux VB\" \/><meta itemprop=\"interactionType\" content=\"https:\/\/schema.org\/CommentAction\" \/><meta itemprop=\"userInteractionCount\" content=\"0\" \/>\n    <img decoding=\"async\" src=\"https:\/\/www.gerep.fr\/wp-content\/uploads\/2023\/08\/Sandrine-Responsable-sante.png\"\/>\n        <h3>Sandrine BEQUART<\/h3>\n        \n        Health management manager\n    \n    \t<a href=\"#\">Read more<\/a>\n\t<meta itemscope itemprop=\"mainEntityOfPage\" itemtype=\"https:\/\/schema.org\/WebPage\" itemid=\"http:\/\/10290\" content=\"Christelle DUPRIEZ\" \/><meta itemprop=\"datePublished\" content=\"2023-08-21\" \/><meta itemprop=\"dateModified\" content=\"2024-10-16\" \/><meta itemprop=\"name\" content=\"Gerep\"\/><meta itemprop=\"url\" content=\"https:\/\/www.gerep.fr\/en\/blog\/author\/web-ia\/\" \/><meta itemprop=\"name\" content=\"WEB IA\" \/><meta itemprop=\"interactionType\" content=\"https:\/\/schema.org\/CommentAction\" \/><meta itemprop=\"userInteractionCount\" content=\"0\" \/>\n    <img decoding=\"async\" src=\"https:\/\/www.gerep.fr\/wp-content\/uploads\/2023\/08\/Christelle-97-scaled.jpg\"\/>\n        <h3>Christelle DUPRIEZ<\/h3>\n        \n        Middle Office Officer\n    \n    \t<a href=\"#\">Read more<\/a>\n\t<meta itemscope itemprop=\"mainEntityOfPage\" itemtype=\"https:\/\/schema.org\/WebPage\" itemid=\"http:\/\/10288\" content=\"Gabriel PINARD\" \/><meta itemprop=\"datePublished\" content=\"2023-08-21\" \/><meta itemprop=\"dateModified\" content=\"2023-08-21\" \/><meta itemprop=\"name\" content=\"Gerep\"\/><meta itemprop=\"url\" content=\"https:\/\/www.gerep.fr\/en\/blog\/author\/margaux-vb\/\" \/><meta itemprop=\"name\" content=\"Margaux VB\" \/><meta itemprop=\"interactionType\" content=\"https:\/\/schema.org\/CommentAction\" \/><meta itemprop=\"userInteractionCount\" content=\"0\" \/>\n    <img decoding=\"async\" src=\"https:\/\/www.gerep.fr\/wp-content\/uploads\/2023\/08\/Gabriel-Direction-technique.png\"\/>\n        <h3>Gabriel PINARD<\/h3>\n        \n        Statistical Research Manager\n    \n    \t<a href=\"#\">Read more<\/a>\n\t<meta itemscope itemprop=\"mainEntityOfPage\" itemtype=\"https:\/\/schema.org\/WebPage\" itemid=\"http:\/\/10285\" content=\"Corinne VAYR\u00c8S\" \/><meta itemprop=\"datePublished\" content=\"2023-08-21\" \/><meta itemprop=\"dateModified\" content=\"2024-10-14\" \/><meta itemprop=\"name\" content=\"Gerep\"\/><meta itemprop=\"url\" content=\"https:\/\/www.gerep.fr\/en\/blog\/author\/margaux-vb\/\" \/><meta itemprop=\"name\" content=\"Margaux VB\" \/><meta itemprop=\"interactionType\" content=\"https:\/\/schema.org\/CommentAction\" \/><meta itemprop=\"userInteractionCount\" content=\"0\" \/>\n    <img decoding=\"async\" src=\"https:\/\/www.gerep.fr\/wp-content\/uploads\/2023\/08\/Corinne-Cheffe-de-projet.png\"\/>\n        <h3>Corinne VAYR\u00c8S<\/h3>\n        \n        Project Manager\n    \n    \t<a href=\"#\">Read more<\/a>\n\t\t<!-- .pp-content-posts -->\n\t\t<h4>\n\t\t\tModal Box\n\t\t\t\t\t<\/h4>\n\t\t<h5>modal-<\/h5>\n\t\tClick here to edit the &#8220;modal-box&#8221; settings. This text is only for editing and will not appear after you publish the changes.\t\n\t\t\t\t\t\tPreview\n\t\t\tmodal-\n\t\t\t\t\t\t<img decoding=\"async\" src=\"https:\/\/www.gerep.fr\/wp-content\/plugins\/bbpowerpack\/assets\/images\/ajax-loader.gif\" alt=\"loader\" \/>\t\t\t\t\t\n\n","protected":false},"excerpt":{"rendered":"<p>Our management Our management is operationally involved in customer relations. Our proximity to insurers means we can intervene quickly and efficiently. Damien VIEILLARD-BARON Chairman Read more Maryline BOUGARD TPA Director Read more Julien JOURDIN Development Director Read more Matthias LESPINASSE Technical and Actuarial Manager Read more Margaux VIEILLARD-BARON Head of Marketing and Communication Read more&hellip;<\/p>\n","protected":false},"author":2,"featured_media":6552,"parent":9895,"menu_order":0,"comment_status":"closed","ping_status":"closed","template":"","meta":{"_acf_changed":false,"content-type":"","footnotes":""},"class_list":["post-9897","page","type-page","status-publish","has-post-thumbnail","hentry"],"acf":[],"yoast_head":"<!-- This site is optimized with the Yoast SEO Premium plugin v27.3 (Yoast SEO v27.4) - https:\/\/yoast.com\/product\/yoast-seo-premium-wordpress\/ -->\n<title>Our expert team - Gerep<\/title>\n<meta name=\"description\" content=\"Find out more about the Gerep teams and how our experts can help you set up the right systems for your business.\" \/>\n<meta name=\"robots\" content=\"index, follow, max-snippet:-1, max-image-preview:large, max-video-preview:-1\" \/>\n<link rel=\"canonical\" href=\"https:\/\/www.gerep.fr\/en\/our-dna\/our-human-values\/\" \/>\n<meta property=\"og:locale\" content=\"en_US\" \/>\n<meta property=\"og:type\" content=\"article\" \/>\n<meta property=\"og:title\" content=\"Our expert team\" \/>\n<meta property=\"og:description\" content=\"Find out more about the Gerep teams and how our experts can help you set up the right systems for your business.\" \/>\n<meta property=\"og:url\" content=\"https:\/\/www.gerep.fr\/en\/our-dna\/our-human-values\/\" \/>\n<meta property=\"og:site_name\" content=\"Gerep\" \/>\n<meta property=\"article:modified_time\" content=\"2025-06-23T14:01:18+00:00\" \/>\n<meta property=\"og:image\" content=\"https:\/\/www.gerep.fr\/wp-content\/uploads\/2023\/08\/gerep-34-nos-expertises-scaled.jpg\" \/>\n\t<meta property=\"og:image:width\" content=\"2048\" \/>\n\t<meta property=\"og:image:height\" content=\"1126\" \/>\n\t<meta property=\"og:image:type\" content=\"image\/jpeg\" \/>\n<meta name=\"twitter:card\" content=\"summary_large_image\" \/>\n<meta name=\"twitter:site\" content=\"@Gerep_Social\" \/>\n<meta name=\"twitter:label1\" content=\"Est. reading time\" \/>\n\t<meta name=\"twitter:data1\" content=\"4 minutes\" \/>\n<script type=\"application\/ld+json\" class=\"yoast-schema-graph\">{\"@context\":\"https:\\\/\\\/schema.org\",\"@graph\":[{\"@type\":\"WebPage\",\"@id\":\"https:\\\/\\\/www.gerep.fr\\\/en\\\/our-dna\\\/our-human-values\\\/\",\"url\":\"https:\\\/\\\/www.gerep.fr\\\/en\\\/our-dna\\\/our-human-values\\\/\",\"name\":\"Our expert team - Gerep\",\"isPartOf\":{\"@id\":\"https:\\\/\\\/www.gerep.fr\\\/en\\\/#website\"},\"primaryImageOfPage\":{\"@id\":\"https:\\\/\\\/www.gerep.fr\\\/en\\\/our-dna\\\/our-human-values\\\/#primaryimage\"},\"image\":{\"@id\":\"https:\\\/\\\/www.gerep.fr\\\/en\\\/our-dna\\\/our-human-values\\\/#primaryimage\"},\"thumbnailUrl\":\"https:\\\/\\\/www.gerep.fr\\\/wp-content\\\/uploads\\\/2023\\\/08\\\/gerep-34-nos-expertises-scaled.jpg\",\"datePublished\":\"2023-07-20T13:31:45+00:00\",\"dateModified\":\"2025-06-23T14:01:18+00:00\",\"description\":\"Find out more about the Gerep teams and how our experts can help you set up the right systems for your business.\",\"breadcrumb\":{\"@id\":\"https:\\\/\\\/www.gerep.fr\\\/en\\\/our-dna\\\/our-human-values\\\/#breadcrumb\"},\"inLanguage\":\"en-US\",\"potentialAction\":[{\"@type\":\"ReadAction\",\"target\":[\"https:\\\/\\\/www.gerep.fr\\\/en\\\/our-dna\\\/our-human-values\\\/\"]}]},{\"@type\":\"ImageObject\",\"inLanguage\":\"en-US\",\"@id\":\"https:\\\/\\\/www.gerep.fr\\\/en\\\/our-dna\\\/our-human-values\\\/#primaryimage\",\"url\":\"https:\\\/\\\/www.gerep.fr\\\/wp-content\\\/uploads\\\/2023\\\/08\\\/gerep-34-nos-expertises-scaled.jpg\",\"contentUrl\":\"https:\\\/\\\/www.gerep.fr\\\/wp-content\\\/uploads\\\/2023\\\/08\\\/gerep-34-nos-expertises-scaled.jpg\",\"width\":2048,\"height\":1126,\"caption\":\"gerep 34 nos expertises scaled\"},{\"@type\":\"BreadcrumbList\",\"@id\":\"https:\\\/\\\/www.gerep.fr\\\/en\\\/our-dna\\\/our-human-values\\\/#breadcrumb\",\"itemListElement\":[{\"@type\":\"ListItem\",\"position\":1,\"name\":\"Homepage\",\"item\":\"https:\\\/\\\/www.gerep.fr\\\/en\\\/home\\\/\"},{\"@type\":\"ListItem\",\"position\":2,\"name\":\"Our DNA\",\"item\":\"https:\\\/\\\/www.gerep.fr\\\/en\\\/our-dna\\\/\"},{\"@type\":\"ListItem\",\"position\":3,\"name\":\"Our expert team\"}]},{\"@type\":\"WebSite\",\"@id\":\"https:\\\/\\\/www.gerep.fr\\\/en\\\/#website\",\"url\":\"https:\\\/\\\/www.gerep.fr\\\/en\\\/\",\"name\":\"Gerep\",\"description\":\"Courtier et Gestionnaire, Gerep est une soci\u00e9t\u00e9 de conseil en Protection Sociale. Expert en sant\u00e9, pr\u00e9voyance, retraite, QVCT et \u00e9pargne salariale\",\"publisher\":{\"@id\":\"https:\\\/\\\/www.gerep.fr\\\/en\\\/#organization\"},\"potentialAction\":[{\"@type\":\"SearchAction\",\"target\":{\"@type\":\"EntryPoint\",\"urlTemplate\":\"https:\\\/\\\/www.gerep.fr\\\/en\\\/?s={search_term_string}\"},\"query-input\":{\"@type\":\"PropertyValueSpecification\",\"valueRequired\":true,\"valueName\":\"search_term_string\"}}],\"inLanguage\":\"en-US\"},{\"@type\":\"Organization\",\"@id\":\"https:\\\/\\\/www.gerep.fr\\\/en\\\/#organization\",\"name\":\"Gerep\",\"url\":\"https:\\\/\\\/www.gerep.fr\\\/en\\\/\",\"logo\":{\"@type\":\"ImageObject\",\"inLanguage\":\"en-US\",\"@id\":\"https:\\\/\\\/www.gerep.fr\\\/en\\\/#\\\/schema\\\/logo\\\/image\\\/\",\"url\":\"https:\\\/\\\/www.gerep.fr\\\/wp-content\\\/uploads\\\/2023\\\/07\\\/logo-Gerep.jpg\",\"contentUrl\":\"https:\\\/\\\/www.gerep.fr\\\/wp-content\\\/uploads\\\/2023\\\/07\\\/logo-Gerep.jpg\",\"width\":640,\"height\":480,\"caption\":\"Gerep\"},\"image\":{\"@id\":\"https:\\\/\\\/www.gerep.fr\\\/en\\\/#\\\/schema\\\/logo\\\/image\\\/\"},\"sameAs\":[\"https:\\\/\\\/x.com\\\/Gerep_Social\"]}]}<\/script>\n<!-- \/ Yoast SEO Premium plugin. -->","yoast_head_json":{"title":"Our expert team - Gerep","description":"Find out more about the Gerep teams and how our experts can help you set up the right systems for your business.","robots":{"index":"index","follow":"follow","max-snippet":"max-snippet:-1","max-image-preview":"max-image-preview:large","max-video-preview":"max-video-preview:-1"},"canonical":"https:\/\/www.gerep.fr\/en\/our-dna\/our-human-values\/","og_locale":"en_US","og_type":"article","og_title":"Our expert team","og_description":"Find out more about the Gerep teams and how our experts can help you set up the right systems for your business.","og_url":"https:\/\/www.gerep.fr\/en\/our-dna\/our-human-values\/","og_site_name":"Gerep","article_modified_time":"2025-06-23T14:01:18+00:00","og_image":[{"width":2048,"height":1126,"url":"https:\/\/www.gerep.fr\/wp-content\/uploads\/2023\/08\/gerep-34-nos-expertises-scaled.jpg","type":"image\/jpeg"}],"twitter_card":"summary_large_image","twitter_site":"@Gerep_Social","twitter_misc":{"Est. reading time":"4 minutes"},"schema":{"@context":"https:\/\/schema.org","@graph":[{"@type":"WebPage","@id":"https:\/\/www.gerep.fr\/en\/our-dna\/our-human-values\/","url":"https:\/\/www.gerep.fr\/en\/our-dna\/our-human-values\/","name":"Our expert team - Gerep","isPartOf":{"@id":"https:\/\/www.gerep.fr\/en\/#website"},"primaryImageOfPage":{"@id":"https:\/\/www.gerep.fr\/en\/our-dna\/our-human-values\/#primaryimage"},"image":{"@id":"https:\/\/www.gerep.fr\/en\/our-dna\/our-human-values\/#primaryimage"},"thumbnailUrl":"https:\/\/www.gerep.fr\/wp-content\/uploads\/2023\/08\/gerep-34-nos-expertises-scaled.jpg","datePublished":"2023-07-20T13:31:45+00:00","dateModified":"2025-06-23T14:01:18+00:00","description":"Find out more about the Gerep teams and how our experts can help you set up the right systems for your business.","breadcrumb":{"@id":"https:\/\/www.gerep.fr\/en\/our-dna\/our-human-values\/#breadcrumb"},"inLanguage":"en-US","potentialAction":[{"@type":"ReadAction","target":["https:\/\/www.gerep.fr\/en\/our-dna\/our-human-values\/"]}]},{"@type":"ImageObject","inLanguage":"en-US","@id":"https:\/\/www.gerep.fr\/en\/our-dna\/our-human-values\/#primaryimage","url":"https:\/\/www.gerep.fr\/wp-content\/uploads\/2023\/08\/gerep-34-nos-expertises-scaled.jpg","contentUrl":"https:\/\/www.gerep.fr\/wp-content\/uploads\/2023\/08\/gerep-34-nos-expertises-scaled.jpg","width":2048,"height":1126,"caption":"gerep 34 nos expertises scaled"},{"@type":"BreadcrumbList","@id":"https:\/\/www.gerep.fr\/en\/our-dna\/our-human-values\/#breadcrumb","itemListElement":[{"@type":"ListItem","position":1,"name":"Homepage","item":"https:\/\/www.gerep.fr\/en\/home\/"},{"@type":"ListItem","position":2,"name":"Our DNA","item":"https:\/\/www.gerep.fr\/en\/our-dna\/"},{"@type":"ListItem","position":3,"name":"Our expert team"}]},{"@type":"WebSite","@id":"https:\/\/www.gerep.fr\/en\/#website","url":"https:\/\/www.gerep.fr\/en\/","name":"Gerep","description":"Courtier et Gestionnaire, Gerep est une soci\u00e9t\u00e9 de conseil en Protection Sociale. Expert en sant\u00e9, pr\u00e9voyance, retraite, QVCT et \u00e9pargne salariale","publisher":{"@id":"https:\/\/www.gerep.fr\/en\/#organization"},"potentialAction":[{"@type":"SearchAction","target":{"@type":"EntryPoint","urlTemplate":"https:\/\/www.gerep.fr\/en\/?s={search_term_string}"},"query-input":{"@type":"PropertyValueSpecification","valueRequired":true,"valueName":"search_term_string"}}],"inLanguage":"en-US"},{"@type":"Organization","@id":"https:\/\/www.gerep.fr\/en\/#organization","name":"Gerep","url":"https:\/\/www.gerep.fr\/en\/","logo":{"@type":"ImageObject","inLanguage":"en-US","@id":"https:\/\/www.gerep.fr\/en\/#\/schema\/logo\/image\/","url":"https:\/\/www.gerep.fr\/wp-content\/uploads\/2023\/07\/logo-Gerep.jpg","contentUrl":"https:\/\/www.gerep.fr\/wp-content\/uploads\/2023\/07\/logo-Gerep.jpg","width":640,"height":480,"caption":"Gerep"},"image":{"@id":"https:\/\/www.gerep.fr\/en\/#\/schema\/logo\/image\/"},"sameAs":["https:\/\/x.com\/Gerep_Social"]}]}},"_links":{"self":[{"href":"https:\/\/www.gerep.fr\/en\/wp-json\/wp\/v2\/pages\/9897","targetHints":{"allow":["GET"]}}],"collection":[{"href":"https:\/\/www.gerep.fr\/en\/wp-json\/wp\/v2\/pages"}],"about":[{"href":"https:\/\/www.gerep.fr\/en\/wp-json\/wp\/v2\/types\/page"}],"author":[{"embeddable":true,"href":"https:\/\/www.gerep.fr\/en\/wp-json\/wp\/v2\/users\/2"}],"replies":[{"embeddable":true,"href":"https:\/\/www.gerep.fr\/en\/wp-json\/wp\/v2\/comments?post=9897"}],"version-history":[{"count":3,"href":"https:\/\/www.gerep.fr\/en\/wp-json\/wp\/v2\/pages\/9897\/revisions"}],"predecessor-version":[{"id":12219,"href":"https:\/\/www.gerep.fr\/en\/wp-json\/wp\/v2\/pages\/9897\/revisions\/12219"}],"up":[{"embeddable":true,"href":"https:\/\/www.gerep.fr\/en\/wp-json\/wp\/v2\/pages\/9895"}],"wp:featuredmedia":[{"embeddable":true,"href":"https:\/\/www.gerep.fr\/en\/wp-json\/wp\/v2\/media\/6552"}],"wp:attachment":[{"href":"https:\/\/www.gerep.fr\/en\/wp-json\/wp\/v2\/media?parent=9897"}],"curies":[{"name":"wp","href":"https:\/\/api.w.org\/{rel}","templated":true}]}}