{"id":9898,"date":"2023-07-17T09:07:23","date_gmt":"2023-07-17T07:07:23","guid":{"rendered":"https:\/\/www.gerep.fr\/our-dna\/mission-driven-company\/"},"modified":"2023-07-17T09:07:23","modified_gmt":"2023-07-17T07:07:23","slug":"mission-driven-company","status":"publish","type":"page","link":"https:\/\/www.gerep.fr\/en\/our-dna\/mission-driven-company\/","title":{"rendered":"Mission-driven company"},"content":{"rendered":"","protected":false},"excerpt":{"rendered":"","protected":false},"author":2,"featured_media":7430,"parent":9895,"menu_order":0,"comment_status":"closed","ping_status":"closed","template":"","meta":{"_acf_changed":false,"content-type":"","footnotes":""},"class_list":["post-9898","page","type-page","status-publish","has-post-thumbnail","hentry"],"acf":[],"yoast_head":"<!-- This site is optimized with the Yoast SEO Premium plugin v27.3 (Yoast SEO v27.4) - https:\/\/yoast.com\/product\/yoast-seo-premium-wordpress\/ -->\n<title>Mission-driven company<\/title>\n<meta name=\"description\" content=\"Being a company with a mission means asserting its mission, its role in society, through its articles of association.\" \/>\n<meta name=\"robots\" content=\"index, follow, max-snippet:-1, max-image-preview:large, max-video-preview:-1\" \/>\n<link rel=\"canonical\" href=\"https:\/\/www.gerep.fr\/en\/our-dna\/mission-driven-company\/\" \/>\n<meta property=\"og:locale\" content=\"en_US\" \/>\n<meta property=\"og:type\" content=\"article\" \/>\n<meta property=\"og:title\" content=\"Mission-driven company\" \/>\n<meta property=\"og:description\" content=\"Being a company with a mission means asserting its mission, its role in society, through its articles of association.\" \/>\n<meta property=\"og:url\" content=\"https:\/\/www.gerep.fr\/en\/our-dna\/mission-driven-company\/\" \/>\n<meta property=\"og:site_name\" content=\"Gerep\" \/>\n<meta property=\"og:image\" content=\"https:\/\/www.gerep.fr\/wp-content\/uploads\/2023\/09\/Photos-GEREP-189-scaled.jpg\" \/>\n\t<meta property=\"og:image:width\" content=\"2048\" \/>\n\t<meta property=\"og:image:height\" content=\"1366\" \/>\n\t<meta property=\"og:image:type\" content=\"image\/jpeg\" \/>\n<meta name=\"twitter:card\" content=\"summary_large_image\" \/>\n<meta name=\"twitter:site\" content=\"@Gerep_Social\" \/>\n<script type=\"application\/ld+json\" class=\"yoast-schema-graph\">{\"@context\":\"https:\\\/\\\/schema.org\",\"@graph\":[{\"@type\":\"WebPage\",\"@id\":\"https:\\\/\\\/www.gerep.fr\\\/en\\\/our-dna\\\/mission-driven-company\\\/\",\"url\":\"https:\\\/\\\/www.gerep.fr\\\/en\\\/our-dna\\\/mission-driven-company\\\/\",\"name\":\"Mission-driven company\",\"isPartOf\":{\"@id\":\"https:\\\/\\\/www.gerep.fr\\\/en\\\/#website\"},\"primaryImageOfPage\":{\"@id\":\"https:\\\/\\\/www.gerep.fr\\\/en\\\/our-dna\\\/mission-driven-company\\\/#primaryimage\"},\"image\":{\"@id\":\"https:\\\/\\\/www.gerep.fr\\\/en\\\/our-dna\\\/mission-driven-company\\\/#primaryimage\"},\"thumbnailUrl\":\"https:\\\/\\\/www.gerep.fr\\\/wp-content\\\/uploads\\\/2023\\\/09\\\/Photos-GEREP-189-scaled.jpg\",\"datePublished\":\"2023-07-17T07:07:23+00:00\",\"description\":\"Being a company with a mission means asserting its mission, its role in society, through its articles of association.\",\"breadcrumb\":{\"@id\":\"https:\\\/\\\/www.gerep.fr\\\/en\\\/our-dna\\\/mission-driven-company\\\/#breadcrumb\"},\"inLanguage\":\"en-US\",\"potentialAction\":[{\"@type\":\"ReadAction\",\"target\":[\"https:\\\/\\\/www.gerep.fr\\\/en\\\/our-dna\\\/mission-driven-company\\\/\"]}]},{\"@type\":\"ImageObject\",\"inLanguage\":\"en-US\",\"@id\":\"https:\\\/\\\/www.gerep.fr\\\/en\\\/our-dna\\\/mission-driven-company\\\/#primaryimage\",\"url\":\"https:\\\/\\\/www.gerep.fr\\\/wp-content\\\/uploads\\\/2023\\\/09\\\/Photos-GEREP-189-scaled.jpg\",\"contentUrl\":\"https:\\\/\\\/www.gerep.fr\\\/wp-content\\\/uploads\\\/2023\\\/09\\\/Photos-GEREP-189-scaled.jpg\",\"width\":2048,\"height\":1366,\"caption\":\"Photos GEREP 189 scaled\"},{\"@type\":\"BreadcrumbList\",\"@id\":\"https:\\\/\\\/www.gerep.fr\\\/en\\\/our-dna\\\/mission-driven-company\\\/#breadcrumb\",\"itemListElement\":[{\"@type\":\"ListItem\",\"position\":1,\"name\":\"Homepage\",\"item\":\"https:\\\/\\\/www.gerep.fr\\\/en\\\/home\\\/\"},{\"@type\":\"ListItem\",\"position\":2,\"name\":\"Our DNA\",\"item\":\"https:\\\/\\\/www.gerep.fr\\\/en\\\/our-dna\\\/\"},{\"@type\":\"ListItem\",\"position\":3,\"name\":\"Mission-driven company\"}]},{\"@type\":\"WebSite\",\"@id\":\"https:\\\/\\\/www.gerep.fr\\\/en\\\/#website\",\"url\":\"https:\\\/\\\/www.gerep.fr\\\/en\\\/\",\"name\":\"Gerep\",\"description\":\"Courtier et Gestionnaire, Gerep est une soci\u00e9t\u00e9 de conseil en Protection Sociale. Expert en sant\u00e9, pr\u00e9voyance, retraite, QVCT et \u00e9pargne salariale\",\"publisher\":{\"@id\":\"https:\\\/\\\/www.gerep.fr\\\/en\\\/#organization\"},\"potentialAction\":[{\"@type\":\"SearchAction\",\"target\":{\"@type\":\"EntryPoint\",\"urlTemplate\":\"https:\\\/\\\/www.gerep.fr\\\/en\\\/?s={search_term_string}\"},\"query-input\":{\"@type\":\"PropertyValueSpecification\",\"valueRequired\":true,\"valueName\":\"search_term_string\"}}],\"inLanguage\":\"en-US\"},{\"@type\":\"Organization\",\"@id\":\"https:\\\/\\\/www.gerep.fr\\\/en\\\/#organization\",\"name\":\"Gerep\",\"url\":\"https:\\\/\\\/www.gerep.fr\\\/en\\\/\",\"logo\":{\"@type\":\"ImageObject\",\"inLanguage\":\"en-US\",\"@id\":\"https:\\\/\\\/www.gerep.fr\\\/en\\\/#\\\/schema\\\/logo\\\/image\\\/\",\"url\":\"https:\\\/\\\/www.gerep.fr\\\/wp-content\\\/uploads\\\/2023\\\/07\\\/logo-Gerep.jpg\",\"contentUrl\":\"https:\\\/\\\/www.gerep.fr\\\/wp-content\\\/uploads\\\/2023\\\/07\\\/logo-Gerep.jpg\",\"width\":640,\"height\":480,\"caption\":\"Gerep\"},\"image\":{\"@id\":\"https:\\\/\\\/www.gerep.fr\\\/en\\\/#\\\/schema\\\/logo\\\/image\\\/\"},\"sameAs\":[\"https:\\\/\\\/x.com\\\/Gerep_Social\"]}]}<\/script>\n<!-- \/ Yoast SEO Premium plugin. -->","yoast_head_json":{"title":"Mission-driven company","description":"Being a company with a mission means asserting its mission, its role in society, through its articles of association.","robots":{"index":"index","follow":"follow","max-snippet":"max-snippet:-1","max-image-preview":"max-image-preview:large","max-video-preview":"max-video-preview:-1"},"canonical":"https:\/\/www.gerep.fr\/en\/our-dna\/mission-driven-company\/","og_locale":"en_US","og_type":"article","og_title":"Mission-driven company","og_description":"Being a company with a mission means asserting its mission, its role in society, through its articles of association.","og_url":"https:\/\/www.gerep.fr\/en\/our-dna\/mission-driven-company\/","og_site_name":"Gerep","og_image":[{"width":2048,"height":1366,"url":"https:\/\/www.gerep.fr\/wp-content\/uploads\/2023\/09\/Photos-GEREP-189-scaled.jpg","type":"image\/jpeg"}],"twitter_card":"summary_large_image","twitter_site":"@Gerep_Social","schema":{"@context":"https:\/\/schema.org","@graph":[{"@type":"WebPage","@id":"https:\/\/www.gerep.fr\/en\/our-dna\/mission-driven-company\/","url":"https:\/\/www.gerep.fr\/en\/our-dna\/mission-driven-company\/","name":"Mission-driven company","isPartOf":{"@id":"https:\/\/www.gerep.fr\/en\/#website"},"primaryImageOfPage":{"@id":"https:\/\/www.gerep.fr\/en\/our-dna\/mission-driven-company\/#primaryimage"},"image":{"@id":"https:\/\/www.gerep.fr\/en\/our-dna\/mission-driven-company\/#primaryimage"},"thumbnailUrl":"https:\/\/www.gerep.fr\/wp-content\/uploads\/2023\/09\/Photos-GEREP-189-scaled.jpg","datePublished":"2023-07-17T07:07:23+00:00","description":"Being a company with a mission means asserting its mission, its role in society, through its articles of association.","breadcrumb":{"@id":"https:\/\/www.gerep.fr\/en\/our-dna\/mission-driven-company\/#breadcrumb"},"inLanguage":"en-US","potentialAction":[{"@type":"ReadAction","target":["https:\/\/www.gerep.fr\/en\/our-dna\/mission-driven-company\/"]}]},{"@type":"ImageObject","inLanguage":"en-US","@id":"https:\/\/www.gerep.fr\/en\/our-dna\/mission-driven-company\/#primaryimage","url":"https:\/\/www.gerep.fr\/wp-content\/uploads\/2023\/09\/Photos-GEREP-189-scaled.jpg","contentUrl":"https:\/\/www.gerep.fr\/wp-content\/uploads\/2023\/09\/Photos-GEREP-189-scaled.jpg","width":2048,"height":1366,"caption":"Photos GEREP 189 scaled"},{"@type":"BreadcrumbList","@id":"https:\/\/www.gerep.fr\/en\/our-dna\/mission-driven-company\/#breadcrumb","itemListElement":[{"@type":"ListItem","position":1,"name":"Homepage","item":"https:\/\/www.gerep.fr\/en\/home\/"},{"@type":"ListItem","position":2,"name":"Our DNA","item":"https:\/\/www.gerep.fr\/en\/our-dna\/"},{"@type":"ListItem","position":3,"name":"Mission-driven company"}]},{"@type":"WebSite","@id":"https:\/\/www.gerep.fr\/en\/#website","url":"https:\/\/www.gerep.fr\/en\/","name":"Gerep","description":"Courtier et Gestionnaire, Gerep est une soci\u00e9t\u00e9 de conseil en Protection Sociale. Expert en sant\u00e9, pr\u00e9voyance, retraite, QVCT et \u00e9pargne salariale","publisher":{"@id":"https:\/\/www.gerep.fr\/en\/#organization"},"potentialAction":[{"@type":"SearchAction","target":{"@type":"EntryPoint","urlTemplate":"https:\/\/www.gerep.fr\/en\/?s={search_term_string}"},"query-input":{"@type":"PropertyValueSpecification","valueRequired":true,"valueName":"search_term_string"}}],"inLanguage":"en-US"},{"@type":"Organization","@id":"https:\/\/www.gerep.fr\/en\/#organization","name":"Gerep","url":"https:\/\/www.gerep.fr\/en\/","logo":{"@type":"ImageObject","inLanguage":"en-US","@id":"https:\/\/www.gerep.fr\/en\/#\/schema\/logo\/image\/","url":"https:\/\/www.gerep.fr\/wp-content\/uploads\/2023\/07\/logo-Gerep.jpg","contentUrl":"https:\/\/www.gerep.fr\/wp-content\/uploads\/2023\/07\/logo-Gerep.jpg","width":640,"height":480,"caption":"Gerep"},"image":{"@id":"https:\/\/www.gerep.fr\/en\/#\/schema\/logo\/image\/"},"sameAs":["https:\/\/x.com\/Gerep_Social"]}]}},"_links":{"self":[{"href":"https:\/\/www.gerep.fr\/en\/wp-json\/wp\/v2\/pages\/9898","targetHints":{"allow":["GET"]}}],"collection":[{"href":"https:\/\/www.gerep.fr\/en\/wp-json\/wp\/v2\/pages"}],"about":[{"href":"https:\/\/www.gerep.fr\/en\/wp-json\/wp\/v2\/types\/page"}],"author":[{"embeddable":true,"href":"https:\/\/www.gerep.fr\/en\/wp-json\/wp\/v2\/users\/2"}],"replies":[{"embeddable":true,"href":"https:\/\/www.gerep.fr\/en\/wp-json\/wp\/v2\/comments?post=9898"}],"version-history":[{"count":0,"href":"https:\/\/www.gerep.fr\/en\/wp-json\/wp\/v2\/pages\/9898\/revisions"}],"up":[{"embeddable":true,"href":"https:\/\/www.gerep.fr\/en\/wp-json\/wp\/v2\/pages\/9895"}],"wp:featuredmedia":[{"embeddable":true,"href":"https:\/\/www.gerep.fr\/en\/wp-json\/wp\/v2\/media\/7430"}],"wp:attachment":[{"href":"https:\/\/www.gerep.fr\/en\/wp-json\/wp\/v2\/media?parent=9898"}],"curies":[{"name":"wp","href":"https:\/\/api.w.org\/{rel}","templated":true}]}}