{"id":9899,"date":"2023-08-08T10:04:33","date_gmt":"2023-08-08T08:04:33","guid":{"rendered":"https:\/\/www.gerep.fr\/your-social-protection-needs-gerep\/expertise-at-the-service-of-your-employee-savings-schemes\/incentive-bonuses-and-profit-sharing\/"},"modified":"2025-01-22T14:46:56","modified_gmt":"2025-01-22T13:46:56","slug":"incentive-bonuses-and-profit-sharing","status":"publish","type":"page","link":"https:\/\/www.gerep.fr\/en\/your-social-protection-needs-gerep\/expertise-at-the-service-of-your-employee-savings-schemes\/incentive-bonuses-and-profit-sharing\/","title":{"rendered":"Incentive bonuses and profit-sharing"},"content":{"rendered":"","protected":false},"excerpt":{"rendered":"","protected":false},"author":2,"featured_media":6541,"parent":9620,"menu_order":0,"comment_status":"closed","ping_status":"closed","template":"","meta":{"_acf_changed":false,"content-type":"","footnotes":""},"class_list":["post-9899","page","type-page","status-publish","has-post-thumbnail","hentry"],"acf":[],"yoast_head":"<!-- This site is optimized with the Yoast SEO Premium plugin v27.3 (Yoast SEO v27.4) - https:\/\/yoast.com\/product\/yoast-seo-premium-wordpress\/ -->\n<title>Incentive bonuses and profit-sharing - Gerep<\/title>\n<meta name=\"description\" content=\"Find out how profit-sharing schemes work and how they are set up, and what their advantages are.\" \/>\n<meta name=\"robots\" content=\"index, follow, max-snippet:-1, max-image-preview:large, max-video-preview:-1\" \/>\n<link rel=\"canonical\" href=\"https:\/\/www.gerep.fr\/en\/your-social-protection-needs-gerep\/expertise-at-the-service-of-your-employee-savings-schemes\/incentive-bonuses-and-profit-sharing\/\" \/>\n<meta property=\"og:locale\" content=\"en_US\" \/>\n<meta property=\"og:type\" content=\"article\" \/>\n<meta property=\"og:title\" content=\"Incentive bonuses and profit-sharing\" \/>\n<meta property=\"og:description\" content=\"Find out how profit-sharing schemes work and how they are set up, and what their advantages are.\" \/>\n<meta property=\"og:url\" content=\"https:\/\/www.gerep.fr\/en\/your-social-protection-needs-gerep\/expertise-at-the-service-of-your-employee-savings-schemes\/incentive-bonuses-and-profit-sharing\/\" \/>\n<meta property=\"og:site_name\" content=\"Gerep\" \/>\n<meta property=\"article:modified_time\" content=\"2025-01-22T13:46:56+00:00\" \/>\n<meta property=\"og:image\" content=\"https:\/\/www.gerep.fr\/wp-content\/uploads\/2023\/08\/adult-business-businesswoman-515169-scaled.jpg\" \/>\n\t<meta property=\"og:image:width\" content=\"2048\" \/>\n\t<meta property=\"og:image:height\" content=\"1366\" \/>\n\t<meta property=\"og:image:type\" content=\"image\/jpeg\" \/>\n<meta name=\"twitter:card\" content=\"summary_large_image\" \/>\n<meta name=\"twitter:site\" content=\"@Gerep_Social\" \/>\n<script type=\"application\/ld+json\" class=\"yoast-schema-graph\">{\"@context\":\"https:\\\/\\\/schema.org\",\"@graph\":[{\"@type\":\"WebPage\",\"@id\":\"https:\\\/\\\/www.gerep.fr\\\/en\\\/your-social-protection-needs-gerep\\\/expertise-at-the-service-of-your-employee-savings-schemes\\\/incentive-bonuses-and-profit-sharing\\\/\",\"url\":\"https:\\\/\\\/www.gerep.fr\\\/en\\\/your-social-protection-needs-gerep\\\/expertise-at-the-service-of-your-employee-savings-schemes\\\/incentive-bonuses-and-profit-sharing\\\/\",\"name\":\"Incentive bonuses and profit-sharing - Gerep\",\"isPartOf\":{\"@id\":\"https:\\\/\\\/www.gerep.fr\\\/en\\\/#website\"},\"primaryImageOfPage\":{\"@id\":\"https:\\\/\\\/www.gerep.fr\\\/en\\\/your-social-protection-needs-gerep\\\/expertise-at-the-service-of-your-employee-savings-schemes\\\/incentive-bonuses-and-profit-sharing\\\/#primaryimage\"},\"image\":{\"@id\":\"https:\\\/\\\/www.gerep.fr\\\/en\\\/your-social-protection-needs-gerep\\\/expertise-at-the-service-of-your-employee-savings-schemes\\\/incentive-bonuses-and-profit-sharing\\\/#primaryimage\"},\"thumbnailUrl\":\"https:\\\/\\\/www.gerep.fr\\\/wp-content\\\/uploads\\\/2023\\\/08\\\/adult-business-businesswoman-515169-scaled.jpg\",\"datePublished\":\"2023-08-08T08:04:33+00:00\",\"dateModified\":\"2025-01-22T13:46:56+00:00\",\"description\":\"Find out how profit-sharing schemes work and how they are set up, and what their advantages are.\",\"breadcrumb\":{\"@id\":\"https:\\\/\\\/www.gerep.fr\\\/en\\\/your-social-protection-needs-gerep\\\/expertise-at-the-service-of-your-employee-savings-schemes\\\/incentive-bonuses-and-profit-sharing\\\/#breadcrumb\"},\"inLanguage\":\"en-US\",\"potentialAction\":[{\"@type\":\"ReadAction\",\"target\":[\"https:\\\/\\\/www.gerep.fr\\\/en\\\/your-social-protection-needs-gerep\\\/expertise-at-the-service-of-your-employee-savings-schemes\\\/incentive-bonuses-and-profit-sharing\\\/\"]}]},{\"@type\":\"ImageObject\",\"inLanguage\":\"en-US\",\"@id\":\"https:\\\/\\\/www.gerep.fr\\\/en\\\/your-social-protection-needs-gerep\\\/expertise-at-the-service-of-your-employee-savings-schemes\\\/incentive-bonuses-and-profit-sharing\\\/#primaryimage\",\"url\":\"https:\\\/\\\/www.gerep.fr\\\/wp-content\\\/uploads\\\/2023\\\/08\\\/adult-business-businesswoman-515169-scaled.jpg\",\"contentUrl\":\"https:\\\/\\\/www.gerep.fr\\\/wp-content\\\/uploads\\\/2023\\\/08\\\/adult-business-businesswoman-515169-scaled.jpg\",\"width\":2048,\"height\":1366,\"caption\":\"adult business businesswoman 515169 scaled\"},{\"@type\":\"BreadcrumbList\",\"@id\":\"https:\\\/\\\/www.gerep.fr\\\/en\\\/your-social-protection-needs-gerep\\\/expertise-at-the-service-of-your-employee-savings-schemes\\\/incentive-bonuses-and-profit-sharing\\\/#breadcrumb\",\"itemListElement\":[{\"@type\":\"ListItem\",\"position\":1,\"name\":\"Homepage\",\"item\":\"https:\\\/\\\/www.gerep.fr\\\/en\\\/home\\\/\"},{\"@type\":\"ListItem\",\"position\":2,\"name\":\"Your social protection needs &#8211; Gerep\",\"item\":\"https:\\\/\\\/www.gerep.fr\\\/en\\\/your-social-protection-needs-gerep\\\/\"},{\"@type\":\"ListItem\",\"position\":3,\"name\":\"Expertise at the service of your employee savings schemes\",\"item\":\"https:\\\/\\\/www.gerep.fr\\\/en\\\/your-social-protection-needs-gerep\\\/expertise-at-the-service-of-your-employee-savings-schemes\\\/\"},{\"@type\":\"ListItem\",\"position\":4,\"name\":\"Incentive bonuses and profit-sharing\"}]},{\"@type\":\"WebSite\",\"@id\":\"https:\\\/\\\/www.gerep.fr\\\/en\\\/#website\",\"url\":\"https:\\\/\\\/www.gerep.fr\\\/en\\\/\",\"name\":\"Gerep\",\"description\":\"Courtier et Gestionnaire, Gerep est une soci\u00e9t\u00e9 de conseil en Protection Sociale. Expert en sant\u00e9, pr\u00e9voyance, retraite, QVCT et \u00e9pargne salariale\",\"publisher\":{\"@id\":\"https:\\\/\\\/www.gerep.fr\\\/en\\\/#organization\"},\"potentialAction\":[{\"@type\":\"SearchAction\",\"target\":{\"@type\":\"EntryPoint\",\"urlTemplate\":\"https:\\\/\\\/www.gerep.fr\\\/en\\\/?s={search_term_string}\"},\"query-input\":{\"@type\":\"PropertyValueSpecification\",\"valueRequired\":true,\"valueName\":\"search_term_string\"}}],\"inLanguage\":\"en-US\"},{\"@type\":\"Organization\",\"@id\":\"https:\\\/\\\/www.gerep.fr\\\/en\\\/#organization\",\"name\":\"Gerep\",\"url\":\"https:\\\/\\\/www.gerep.fr\\\/en\\\/\",\"logo\":{\"@type\":\"ImageObject\",\"inLanguage\":\"en-US\",\"@id\":\"https:\\\/\\\/www.gerep.fr\\\/en\\\/#\\\/schema\\\/logo\\\/image\\\/\",\"url\":\"https:\\\/\\\/www.gerep.fr\\\/wp-content\\\/uploads\\\/2023\\\/07\\\/logo-Gerep.jpg\",\"contentUrl\":\"https:\\\/\\\/www.gerep.fr\\\/wp-content\\\/uploads\\\/2023\\\/07\\\/logo-Gerep.jpg\",\"width\":640,\"height\":480,\"caption\":\"Gerep\"},\"image\":{\"@id\":\"https:\\\/\\\/www.gerep.fr\\\/en\\\/#\\\/schema\\\/logo\\\/image\\\/\"},\"sameAs\":[\"https:\\\/\\\/x.com\\\/Gerep_Social\"]}]}<\/script>\n<!-- \/ Yoast SEO Premium plugin. -->","yoast_head_json":{"title":"Incentive bonuses and profit-sharing - Gerep","description":"Find out how profit-sharing schemes work and how they are set up, and what their advantages are.","robots":{"index":"index","follow":"follow","max-snippet":"max-snippet:-1","max-image-preview":"max-image-preview:large","max-video-preview":"max-video-preview:-1"},"canonical":"https:\/\/www.gerep.fr\/en\/your-social-protection-needs-gerep\/expertise-at-the-service-of-your-employee-savings-schemes\/incentive-bonuses-and-profit-sharing\/","og_locale":"en_US","og_type":"article","og_title":"Incentive bonuses and profit-sharing","og_description":"Find out how profit-sharing schemes work and how they are set up, and what their advantages are.","og_url":"https:\/\/www.gerep.fr\/en\/your-social-protection-needs-gerep\/expertise-at-the-service-of-your-employee-savings-schemes\/incentive-bonuses-and-profit-sharing\/","og_site_name":"Gerep","article_modified_time":"2025-01-22T13:46:56+00:00","og_image":[{"width":2048,"height":1366,"url":"https:\/\/www.gerep.fr\/wp-content\/uploads\/2023\/08\/adult-business-businesswoman-515169-scaled.jpg","type":"image\/jpeg"}],"twitter_card":"summary_large_image","twitter_site":"@Gerep_Social","schema":{"@context":"https:\/\/schema.org","@graph":[{"@type":"WebPage","@id":"https:\/\/www.gerep.fr\/en\/your-social-protection-needs-gerep\/expertise-at-the-service-of-your-employee-savings-schemes\/incentive-bonuses-and-profit-sharing\/","url":"https:\/\/www.gerep.fr\/en\/your-social-protection-needs-gerep\/expertise-at-the-service-of-your-employee-savings-schemes\/incentive-bonuses-and-profit-sharing\/","name":"Incentive bonuses and profit-sharing - Gerep","isPartOf":{"@id":"https:\/\/www.gerep.fr\/en\/#website"},"primaryImageOfPage":{"@id":"https:\/\/www.gerep.fr\/en\/your-social-protection-needs-gerep\/expertise-at-the-service-of-your-employee-savings-schemes\/incentive-bonuses-and-profit-sharing\/#primaryimage"},"image":{"@id":"https:\/\/www.gerep.fr\/en\/your-social-protection-needs-gerep\/expertise-at-the-service-of-your-employee-savings-schemes\/incentive-bonuses-and-profit-sharing\/#primaryimage"},"thumbnailUrl":"https:\/\/www.gerep.fr\/wp-content\/uploads\/2023\/08\/adult-business-businesswoman-515169-scaled.jpg","datePublished":"2023-08-08T08:04:33+00:00","dateModified":"2025-01-22T13:46:56+00:00","description":"Find out how profit-sharing schemes work and how they are set up, and what their advantages are.","breadcrumb":{"@id":"https:\/\/www.gerep.fr\/en\/your-social-protection-needs-gerep\/expertise-at-the-service-of-your-employee-savings-schemes\/incentive-bonuses-and-profit-sharing\/#breadcrumb"},"inLanguage":"en-US","potentialAction":[{"@type":"ReadAction","target":["https:\/\/www.gerep.fr\/en\/your-social-protection-needs-gerep\/expertise-at-the-service-of-your-employee-savings-schemes\/incentive-bonuses-and-profit-sharing\/"]}]},{"@type":"ImageObject","inLanguage":"en-US","@id":"https:\/\/www.gerep.fr\/en\/your-social-protection-needs-gerep\/expertise-at-the-service-of-your-employee-savings-schemes\/incentive-bonuses-and-profit-sharing\/#primaryimage","url":"https:\/\/www.gerep.fr\/wp-content\/uploads\/2023\/08\/adult-business-businesswoman-515169-scaled.jpg","contentUrl":"https:\/\/www.gerep.fr\/wp-content\/uploads\/2023\/08\/adult-business-businesswoman-515169-scaled.jpg","width":2048,"height":1366,"caption":"adult business businesswoman 515169 scaled"},{"@type":"BreadcrumbList","@id":"https:\/\/www.gerep.fr\/en\/your-social-protection-needs-gerep\/expertise-at-the-service-of-your-employee-savings-schemes\/incentive-bonuses-and-profit-sharing\/#breadcrumb","itemListElement":[{"@type":"ListItem","position":1,"name":"Homepage","item":"https:\/\/www.gerep.fr\/en\/home\/"},{"@type":"ListItem","position":2,"name":"Your social protection needs &#8211; Gerep","item":"https:\/\/www.gerep.fr\/en\/your-social-protection-needs-gerep\/"},{"@type":"ListItem","position":3,"name":"Expertise at the service of your employee savings schemes","item":"https:\/\/www.gerep.fr\/en\/your-social-protection-needs-gerep\/expertise-at-the-service-of-your-employee-savings-schemes\/"},{"@type":"ListItem","position":4,"name":"Incentive bonuses and profit-sharing"}]},{"@type":"WebSite","@id":"https:\/\/www.gerep.fr\/en\/#website","url":"https:\/\/www.gerep.fr\/en\/","name":"Gerep","description":"Courtier et Gestionnaire, Gerep est une soci\u00e9t\u00e9 de conseil en Protection Sociale. Expert en sant\u00e9, pr\u00e9voyance, retraite, QVCT et \u00e9pargne salariale","publisher":{"@id":"https:\/\/www.gerep.fr\/en\/#organization"},"potentialAction":[{"@type":"SearchAction","target":{"@type":"EntryPoint","urlTemplate":"https:\/\/www.gerep.fr\/en\/?s={search_term_string}"},"query-input":{"@type":"PropertyValueSpecification","valueRequired":true,"valueName":"search_term_string"}}],"inLanguage":"en-US"},{"@type":"Organization","@id":"https:\/\/www.gerep.fr\/en\/#organization","name":"Gerep","url":"https:\/\/www.gerep.fr\/en\/","logo":{"@type":"ImageObject","inLanguage":"en-US","@id":"https:\/\/www.gerep.fr\/en\/#\/schema\/logo\/image\/","url":"https:\/\/www.gerep.fr\/wp-content\/uploads\/2023\/07\/logo-Gerep.jpg","contentUrl":"https:\/\/www.gerep.fr\/wp-content\/uploads\/2023\/07\/logo-Gerep.jpg","width":640,"height":480,"caption":"Gerep"},"image":{"@id":"https:\/\/www.gerep.fr\/en\/#\/schema\/logo\/image\/"},"sameAs":["https:\/\/x.com\/Gerep_Social"]}]}},"_links":{"self":[{"href":"https:\/\/www.gerep.fr\/en\/wp-json\/wp\/v2\/pages\/9899","targetHints":{"allow":["GET"]}}],"collection":[{"href":"https:\/\/www.gerep.fr\/en\/wp-json\/wp\/v2\/pages"}],"about":[{"href":"https:\/\/www.gerep.fr\/en\/wp-json\/wp\/v2\/types\/page"}],"author":[{"embeddable":true,"href":"https:\/\/www.gerep.fr\/en\/wp-json\/wp\/v2\/users\/2"}],"replies":[{"embeddable":true,"href":"https:\/\/www.gerep.fr\/en\/wp-json\/wp\/v2\/comments?post=9899"}],"version-history":[{"count":1,"href":"https:\/\/www.gerep.fr\/en\/wp-json\/wp\/v2\/pages\/9899\/revisions"}],"predecessor-version":[{"id":11702,"href":"https:\/\/www.gerep.fr\/en\/wp-json\/wp\/v2\/pages\/9899\/revisions\/11702"}],"up":[{"embeddable":true,"href":"https:\/\/www.gerep.fr\/en\/wp-json\/wp\/v2\/pages\/9620"}],"wp:featuredmedia":[{"embeddable":true,"href":"https:\/\/www.gerep.fr\/en\/wp-json\/wp\/v2\/media\/6541"}],"wp:attachment":[{"href":"https:\/\/www.gerep.fr\/en\/wp-json\/wp\/v2\/media?parent=9899"}],"curies":[{"name":"wp","href":"https:\/\/api.w.org\/{rel}","templated":true}]}}