{"id":9952,"date":"2018-03-29T16:06:59","date_gmt":"2018-03-29T14:06:59","guid":{"rendered":"https:\/\/www.gerep.fr\/home\/"},"modified":"2025-03-20T11:02:48","modified_gmt":"2025-03-20T10:02:48","slug":"home","status":"publish","type":"page","link":"https:\/\/www.gerep.fr\/en\/","title":{"rendered":"Home"},"content":{"rendered":"\r\n<h1>A company with a mission at the heart of benefits<\/h1>\r\n<p>Your social performance and the well-being of your employees are at the heart of our approach.<\/p>\r\n<p><a title=\"Titre du bouton\" role=\"button\" href=\"https:\/\/www.gerep.fr\/en\/our-dna\/\" target=\"_self\" rel=\"noopener\" aria-label=\"Discover Gerep\"> Discover Gerep <\/a><\/p>\r\n<!-- Comment to fix spacing issue\r\n\t-->\r\n<p>+0corporate clients<\/p>\r\n<!-- Comment to fix spacing issue\r\n\t--><!-- Comment to fix spacing issue\r\n\t-->\r\n<p>0 000insured persons<\/p>\r\n<!-- Comment to fix spacing issue\r\n\t--><!-- Comment to fix spacing issue\r\n\t-->\r\n<p>0years of experience<\/p>\r\n<!-- Comment to fix spacing issue\r\n\t--><!-- Comment to fix spacing issue\r\n\t-->\r\n<p>0\/5satisfaction HR teams<br \/>and insured<\/p>\r\n<!-- Comment to fix spacing issue\r\n\t-->\r\n<h2>Your needs<\/h2>\r\n<div class=\"post-img\"><a href=\"https:\/\/www.gerep.fr\/en\/your-social-protection-needs-gerep\/your-preferred-partner-for-optimal-group-healthcare\/\"><img decoding=\"async\" src=\"https:\/\/www.gerep.fr\/wp-content\/uploads\/2023\/07\/assurance-sante-icon.svg\" \/> <\/a> <a href=\"https:\/\/www.gerep.fr\/en\/your-social-protection-needs-gerep\/your-expert-in-group-provident-schemes-to-secure-your-employees-future\/\"> <img decoding=\"async\" src=\"https:\/\/www.gerep.fr\/wp-content\/uploads\/2023\/07\/prevoyance-icon.svg\" \/> <\/a> <a href=\"https:\/\/www.gerep.fr\/en\/your-social-protection-needs-gerep\/international-social-protection\/\"> <img decoding=\"async\" src=\"https:\/\/www.gerep.fr\/wp-content\/uploads\/2023\/09\/protection-sociale-internationale.svg\" \/> <\/a> <a href=\"https:\/\/www.gerep.fr\/en\/your-social-protection-needs-gerep\/expertise-at-the-service-of-your-employee-savings-schemes\/\"> <img decoding=\"async\" src=\"https:\/\/www.gerep.fr\/wp-content\/uploads\/2023\/08\/epargne-salariale.svg\" \/><\/a><\/div>\r\n<!-- .pp-content-posts -->\r\n<h2>Our expertise<\/h2>\r\n<p>Need to harmonize your regimes? To analyze your absenteeism? To optimize the budget allocation of your contracts?<\/p>\r\n<p>To save time for your HR teams?<\/p>\r\n<h3>Support your social performance<\/h3>\r\n<div class=\"post-img\"><img decoding=\"async\" src=\"\/wp-content\/uploads\/2023\/09\/Accompagner-votre-performance-sociale.png\" alt=\"\" width=\"55\" height=\"55\" \/><\/div>\r\n<h3>Make life easier<br \/>for our members<\/h3>\r\n<div class=\"post-img\"><img decoding=\"async\" src=\"https:\/\/www.gerep.fr\/wp-content\/uploads\/2020\/04\/icone-assurance-sante.png\" alt=\"\" width=\"55\" height=\"55\" \/><\/div>\r\n<h3>Our services<\/h3>\r\n<div class=\"post-img\"><img decoding=\"async\" src=\"\/wp-content\/uploads\/2023\/09\/Faciliter-la-vie-des-assures.png\" alt=\"\" width=\"55\" height=\"55\" \/><\/div>\r\n<p><a title=\"Titre du bouton\" role=\"button\" href=\"https:\/\/www.gerep.fr\/en\/our-expertise-in-social-protection\/\" target=\"_self\" rel=\"noopener\" aria-label=\"Discover all our expertise\"> Discover all our expertise <\/a><\/p>\r\n<h2>Do you have a project to launch or just want to get to know each other?<\/h2>\r\n<p>Our teams are at your disposal to answer all your questions.<br \/>We&#8217;ll be delighted to help you address your issues, challenges and objectives. <a title=\"Titre du bouton\" role=\"button\" href=\"https:\/\/www.gerep.fr\/en\/contact\/\" target=\"_self\" rel=\"noopener\" aria-label=\"Let's talk about it!\"> Let&#8217;s talk about it! <\/a> <img decoding=\"async\" title=\"Groupe de travail\" src=\"https:\/\/www.gerep.fr\/wp-content\/uploads\/bb-plugin\/cache\/Groupe_de_travail2-570x380-landscape.jpg\" alt=\"Groupe de travail\" width=\"570\" height=\"380\" \/> <img decoding=\"async\" title=\"Photos GEREP 1-54\" src=\"https:\/\/www.gerep.fr\/wp-content\/uploads\/bb-plugin\/cache\/Photos-GEREP-1-54-570x380-square.jpg\" alt=\"Photos GEREP 1-54\" width=\"570\" height=\"380\" \/> Would you like to receive the latest social protection news and be invited to our webinars?<\/p>\r\n<p>Subscribe to our newsletter &#8220;L&#8217;atelier de la protection sociale&#8221;.<\/p>\r\n<h2>Our latest articles<\/h2>\r\n<p><a title=\"Titre du bouton\" role=\"button\" href=\"https:\/\/www.gerep.fr\/blog\/\" target=\"_self\" rel=\"noopener\" aria-label=\"view all articles\"> view all articles <\/a><\/p>\r\n","protected":false},"excerpt":{"rendered":"<p>A company with a mission at the heart of benefits Your social performance and the well-being of your employees are at the heart of our approach. Discover Gerep +0corporate clients 0 000insured persons 0years of experience 0\/5satisfaction HR teamsand insured Your needs Our expertise Need to harmonize your regimes? To analyze your absenteeism? To optimize&hellip;<\/p>\n","protected":false},"author":2,"featured_media":7032,"parent":0,"menu_order":0,"comment_status":"closed","ping_status":"closed","template":"","meta":{"_acf_changed":false,"content-type":"","footnotes":""},"class_list":["post-9952","page","type-page","status-publish","has-post-thumbnail","hentry"],"acf":[],"yoast_head":"<!-- This site is optimized with the Yoast SEO Premium plugin v27.3 (Yoast SEO v27.4) - https:\/\/yoast.com\/product\/yoast-seo-premium-wordpress\/ -->\n<title>Gerep - votre conseiller en protection social<\/title>\n<meta name=\"description\" content=\"Broker and Manager, Gerep is a Social Protection consulting firm. Expert in health, provident, retirement, QWL and employee savings schemes\" \/>\n<meta name=\"robots\" content=\"index, follow, max-snippet:-1, max-image-preview:large, max-video-preview:-1\" \/>\n<link rel=\"canonical\" href=\"https:\/\/www.gerep.fr\/en\/\" \/>\n<meta property=\"og:locale\" content=\"en_US\" \/>\n<meta property=\"og:type\" content=\"article\" \/>\n<meta property=\"og:title\" content=\"Home\" \/>\n<meta property=\"og:description\" content=\"Broker and Manager, Gerep is a Social Protection consulting firm. Expert in health, provident, retirement, QWL and employee savings schemes\" \/>\n<meta property=\"og:url\" content=\"https:\/\/www.gerep.fr\/en\/\" \/>\n<meta property=\"og:site_name\" content=\"Gerep\" \/>\n<meta property=\"article:modified_time\" content=\"2025-03-20T10:02:48+00:00\" \/>\n<meta property=\"og:image\" content=\"https:\/\/www.gerep.fr\/wp-content\/uploads\/2023\/08\/logo_gerep.jpg\" \/>\n\t<meta property=\"og:image:width\" content=\"800\" \/>\n\t<meta property=\"og:image:height\" content=\"439\" \/>\n\t<meta property=\"og:image:type\" content=\"image\/jpeg\" \/>\n<meta name=\"twitter:card\" content=\"summary_large_image\" \/>\n<meta name=\"twitter:site\" content=\"@Gerep_Social\" \/>\n<meta name=\"twitter:label1\" content=\"Est. reading time\" \/>\n\t<meta name=\"twitter:data1\" content=\"7 minutes\" \/>\n<script type=\"application\/ld+json\" class=\"yoast-schema-graph\">{\"@context\":\"https:\\\/\\\/schema.org\",\"@graph\":[{\"@type\":\"WebPage\",\"@id\":\"https:\\\/\\\/www.gerep.fr\\\/en\\\/\",\"url\":\"https:\\\/\\\/www.gerep.fr\\\/en\\\/\",\"name\":\"Gerep - votre conseiller en protection social\",\"isPartOf\":{\"@id\":\"https:\\\/\\\/www.gerep.fr\\\/en\\\/#website\"},\"primaryImageOfPage\":{\"@id\":\"https:\\\/\\\/www.gerep.fr\\\/en\\\/#primaryimage\"},\"image\":{\"@id\":\"https:\\\/\\\/www.gerep.fr\\\/en\\\/#primaryimage\"},\"thumbnailUrl\":\"https:\\\/\\\/www.gerep.fr\\\/wp-content\\\/uploads\\\/2023\\\/08\\\/logo_gerep.jpg\",\"datePublished\":\"2018-03-29T14:06:59+00:00\",\"dateModified\":\"2025-03-20T10:02:48+00:00\",\"description\":\"Broker and Manager, Gerep is a Social Protection consulting firm. Expert in health, provident, retirement, QWL and employee savings schemes\",\"breadcrumb\":{\"@id\":\"https:\\\/\\\/www.gerep.fr\\\/en\\\/#breadcrumb\"},\"inLanguage\":\"en-US\",\"potentialAction\":[{\"@type\":\"ReadAction\",\"target\":[\"https:\\\/\\\/www.gerep.fr\\\/en\\\/\"]}]},{\"@type\":\"ImageObject\",\"inLanguage\":\"en-US\",\"@id\":\"https:\\\/\\\/www.gerep.fr\\\/en\\\/#primaryimage\",\"url\":\"https:\\\/\\\/www.gerep.fr\\\/wp-content\\\/uploads\\\/2023\\\/08\\\/logo_gerep.jpg\",\"contentUrl\":\"https:\\\/\\\/www.gerep.fr\\\/wp-content\\\/uploads\\\/2023\\\/08\\\/logo_gerep.jpg\",\"width\":800,\"height\":439,\"caption\":\"logo gerep\"},{\"@type\":\"BreadcrumbList\",\"@id\":\"https:\\\/\\\/www.gerep.fr\\\/en\\\/#breadcrumb\",\"itemListElement\":[{\"@type\":\"ListItem\",\"position\":1,\"name\":\"Homepage\",\"item\":\"https:\\\/\\\/www.gerep.fr\\\/en\\\/home\\\/\"},{\"@type\":\"ListItem\",\"position\":2,\"name\":\"Home\"}]},{\"@type\":\"WebSite\",\"@id\":\"https:\\\/\\\/www.gerep.fr\\\/en\\\/#website\",\"url\":\"https:\\\/\\\/www.gerep.fr\\\/en\\\/\",\"name\":\"Gerep\",\"description\":\"Courtier et Gestionnaire, Gerep est une soci\u00e9t\u00e9 de conseil en Protection Sociale. Expert en sant\u00e9, pr\u00e9voyance, retraite, QVCT et \u00e9pargne salariale\",\"publisher\":{\"@id\":\"https:\\\/\\\/www.gerep.fr\\\/en\\\/#organization\"},\"potentialAction\":[{\"@type\":\"SearchAction\",\"target\":{\"@type\":\"EntryPoint\",\"urlTemplate\":\"https:\\\/\\\/www.gerep.fr\\\/en\\\/?s={search_term_string}\"},\"query-input\":{\"@type\":\"PropertyValueSpecification\",\"valueRequired\":true,\"valueName\":\"search_term_string\"}}],\"inLanguage\":\"en-US\"},{\"@type\":\"Organization\",\"@id\":\"https:\\\/\\\/www.gerep.fr\\\/en\\\/#organization\",\"name\":\"Gerep\",\"url\":\"https:\\\/\\\/www.gerep.fr\\\/en\\\/\",\"logo\":{\"@type\":\"ImageObject\",\"inLanguage\":\"en-US\",\"@id\":\"https:\\\/\\\/www.gerep.fr\\\/en\\\/#\\\/schema\\\/logo\\\/image\\\/\",\"url\":\"https:\\\/\\\/www.gerep.fr\\\/wp-content\\\/uploads\\\/2023\\\/07\\\/logo-Gerep.jpg\",\"contentUrl\":\"https:\\\/\\\/www.gerep.fr\\\/wp-content\\\/uploads\\\/2023\\\/07\\\/logo-Gerep.jpg\",\"width\":640,\"height\":480,\"caption\":\"Gerep\"},\"image\":{\"@id\":\"https:\\\/\\\/www.gerep.fr\\\/en\\\/#\\\/schema\\\/logo\\\/image\\\/\"},\"sameAs\":[\"https:\\\/\\\/x.com\\\/Gerep_Social\"]}]}<\/script>\n<!-- \/ Yoast SEO Premium plugin. -->","yoast_head_json":{"title":"Gerep - votre conseiller en protection social","description":"Broker and Manager, Gerep is a Social Protection consulting firm. Expert in health, provident, retirement, QWL and employee savings schemes","robots":{"index":"index","follow":"follow","max-snippet":"max-snippet:-1","max-image-preview":"max-image-preview:large","max-video-preview":"max-video-preview:-1"},"canonical":"https:\/\/www.gerep.fr\/en\/","og_locale":"en_US","og_type":"article","og_title":"Home","og_description":"Broker and Manager, Gerep is a Social Protection consulting firm. Expert in health, provident, retirement, QWL and employee savings schemes","og_url":"https:\/\/www.gerep.fr\/en\/","og_site_name":"Gerep","article_modified_time":"2025-03-20T10:02:48+00:00","og_image":[{"width":800,"height":439,"url":"https:\/\/www.gerep.fr\/wp-content\/uploads\/2023\/08\/logo_gerep.jpg","type":"image\/jpeg"}],"twitter_card":"summary_large_image","twitter_site":"@Gerep_Social","twitter_misc":{"Est. reading time":"7 minutes"},"schema":{"@context":"https:\/\/schema.org","@graph":[{"@type":"WebPage","@id":"https:\/\/www.gerep.fr\/en\/","url":"https:\/\/www.gerep.fr\/en\/","name":"Gerep - votre conseiller en protection social","isPartOf":{"@id":"https:\/\/www.gerep.fr\/en\/#website"},"primaryImageOfPage":{"@id":"https:\/\/www.gerep.fr\/en\/#primaryimage"},"image":{"@id":"https:\/\/www.gerep.fr\/en\/#primaryimage"},"thumbnailUrl":"https:\/\/www.gerep.fr\/wp-content\/uploads\/2023\/08\/logo_gerep.jpg","datePublished":"2018-03-29T14:06:59+00:00","dateModified":"2025-03-20T10:02:48+00:00","description":"Broker and Manager, Gerep is a Social Protection consulting firm. Expert in health, provident, retirement, QWL and employee savings schemes","breadcrumb":{"@id":"https:\/\/www.gerep.fr\/en\/#breadcrumb"},"inLanguage":"en-US","potentialAction":[{"@type":"ReadAction","target":["https:\/\/www.gerep.fr\/en\/"]}]},{"@type":"ImageObject","inLanguage":"en-US","@id":"https:\/\/www.gerep.fr\/en\/#primaryimage","url":"https:\/\/www.gerep.fr\/wp-content\/uploads\/2023\/08\/logo_gerep.jpg","contentUrl":"https:\/\/www.gerep.fr\/wp-content\/uploads\/2023\/08\/logo_gerep.jpg","width":800,"height":439,"caption":"logo gerep"},{"@type":"BreadcrumbList","@id":"https:\/\/www.gerep.fr\/en\/#breadcrumb","itemListElement":[{"@type":"ListItem","position":1,"name":"Homepage","item":"https:\/\/www.gerep.fr\/en\/home\/"},{"@type":"ListItem","position":2,"name":"Home"}]},{"@type":"WebSite","@id":"https:\/\/www.gerep.fr\/en\/#website","url":"https:\/\/www.gerep.fr\/en\/","name":"Gerep","description":"Courtier et Gestionnaire, Gerep est une soci\u00e9t\u00e9 de conseil en Protection Sociale. Expert en sant\u00e9, pr\u00e9voyance, retraite, QVCT et \u00e9pargne salariale","publisher":{"@id":"https:\/\/www.gerep.fr\/en\/#organization"},"potentialAction":[{"@type":"SearchAction","target":{"@type":"EntryPoint","urlTemplate":"https:\/\/www.gerep.fr\/en\/?s={search_term_string}"},"query-input":{"@type":"PropertyValueSpecification","valueRequired":true,"valueName":"search_term_string"}}],"inLanguage":"en-US"},{"@type":"Organization","@id":"https:\/\/www.gerep.fr\/en\/#organization","name":"Gerep","url":"https:\/\/www.gerep.fr\/en\/","logo":{"@type":"ImageObject","inLanguage":"en-US","@id":"https:\/\/www.gerep.fr\/en\/#\/schema\/logo\/image\/","url":"https:\/\/www.gerep.fr\/wp-content\/uploads\/2023\/07\/logo-Gerep.jpg","contentUrl":"https:\/\/www.gerep.fr\/wp-content\/uploads\/2023\/07\/logo-Gerep.jpg","width":640,"height":480,"caption":"Gerep"},"image":{"@id":"https:\/\/www.gerep.fr\/en\/#\/schema\/logo\/image\/"},"sameAs":["https:\/\/x.com\/Gerep_Social"]}]}},"_links":{"self":[{"href":"https:\/\/www.gerep.fr\/en\/wp-json\/wp\/v2\/pages\/9952","targetHints":{"allow":["GET"]}}],"collection":[{"href":"https:\/\/www.gerep.fr\/en\/wp-json\/wp\/v2\/pages"}],"about":[{"href":"https:\/\/www.gerep.fr\/en\/wp-json\/wp\/v2\/types\/page"}],"author":[{"embeddable":true,"href":"https:\/\/www.gerep.fr\/en\/wp-json\/wp\/v2\/users\/2"}],"replies":[{"embeddable":true,"href":"https:\/\/www.gerep.fr\/en\/wp-json\/wp\/v2\/comments?post=9952"}],"version-history":[{"count":3,"href":"https:\/\/www.gerep.fr\/en\/wp-json\/wp\/v2\/pages\/9952\/revisions"}],"predecessor-version":[{"id":11861,"href":"https:\/\/www.gerep.fr\/en\/wp-json\/wp\/v2\/pages\/9952\/revisions\/11861"}],"wp:featuredmedia":[{"embeddable":true,"href":"https:\/\/www.gerep.fr\/en\/wp-json\/wp\/v2\/media\/7032"}],"wp:attachment":[{"href":"https:\/\/www.gerep.fr\/en\/wp-json\/wp\/v2\/media?parent=9952"}],"curies":[{"name":"wp","href":"https:\/\/api.w.org\/{rel}","templated":true}]}}